{"id":735255,"date":"2025-08-27T22:44:39","date_gmt":"2025-08-27T19:44:39","guid":{"rendered":"https:\/\/roveyayinevi.com.tr\/index.php\/urun\/havlock-holmes-buyuk-kaplan-sirkindeki-gizem\/"},"modified":"2026-04-16T02:43:38","modified_gmt":"2026-04-15T23:43:38","slug":"havlock-holmes-buyuk-kaplan-sirkindeki-gizem","status":"publish","type":"product","link":"https:\/\/roveyayinevi.com.tr\/index.php\/urun\/havlock-holmes-buyuk-kaplan-sirkindeki-gizem\/","title":{"rendered":"Havlock Holmes &#8211; B\u00fcy\u00fck Kaplan Sirkindeki Gizem"},"content":{"rendered":"<p>Julia ve Diego&#8217;nun bu zamana kadar en tuhaf sirkin sahibi, birilerinin \u015fovunu mahvetmek istedi\u011finden \u015f\u00fcpheleniyor. Tabii buna \u015fov denebilirse&#8230;B\u0130L\u0130NENLER:Kimin sirki sabote etti\u011fini bulmak i\u00e7in Julia ve Diego sirk \u00e7al\u0131\u015fan\u0131 gibi davranmak zorundalar. \u0130PU\u00c7LARI:Sert darbeler ve top at\u0131\u015flar\u0131 bizim i\u00e7in geliyor. SANK\u0130 BURADA B\u0130R G\u0130ZEM KOKUSU VAR\u2026 NE DERS\u0130N?<\/p>\n","protected":false},"excerpt":{"rendered":"<p>Julia ve Diego&#8217;nun bu zamana kadar en tuhaf sirkin sahibi, birilerinin \u015fovunu mahvetmek istedi\u011finden \u015f\u00fcpheleniyor. Tabii buna \u015fov denebilirse&#8230;B\u0130L\u0130NENLER:Kimin sirki sabote etti\u011fini bulmak i\u00e7in Julia ve<span class=\"excerpt-hellip\"> [\u2026]<\/span><\/p>\n","protected":false},"featured_media":0,"template":"","meta":{"_monsterinsights_skip_tracking":false,"_monsterinsights_sitenote_active":false,"_monsterinsights_sitenote_note":"","_monsterinsights_sitenote_category":0},"product_brand":[],"product_cat":[12275,12274],"product_tag":[],"class_list":{"0":"post-735255","1":"product","2":"type-product","3":"status-publish","5":"product_cat-6-12-yas-kitaplari","6":"product_cat-cocuk-ve-genclik-kitaplari","7":"pa_cilt-ciltsiz","8":"pa_tur-kitap","9":"pa_yayinevi-timas-cocuk","10":"pa_yazar-isaac-palmiola","12":"first","13":"instock","14":"sale","15":"shipping-taxable","16":"purchasable","17":"product-type-simple"},"_links":{"self":[{"href":"https:\/\/roveyayinevi.com.tr\/index.php\/wp-json\/wp\/v2\/product\/735255","targetHints":{"allow":["GET"]}}],"collection":[{"href":"https:\/\/roveyayinevi.com.tr\/index.php\/wp-json\/wp\/v2\/product"}],"about":[{"href":"https:\/\/roveyayinevi.com.tr\/index.php\/wp-json\/wp\/v2\/types\/product"}],"wp:attachment":[{"href":"https:\/\/roveyayinevi.com.tr\/index.php\/wp-json\/wp\/v2\/media?parent=735255"}],"wp:term":[{"taxonomy":"product_brand","embeddable":true,"href":"https:\/\/roveyayinevi.com.tr\/index.php\/wp-json\/wp\/v2\/product_brand?post=735255"},{"taxonomy":"product_cat","embeddable":true,"href":"https:\/\/roveyayinevi.com.tr\/index.php\/wp-json\/wp\/v2\/product_cat?post=735255"},{"taxonomy":"product_tag","embeddable":true,"href":"https:\/\/roveyayinevi.com.tr\/index.php\/wp-json\/wp\/v2\/product_tag?post=735255"}],"curies":[{"name":"wp","href":"https:\/\/api.w.org\/{rel}","templated":true}]}}