{"id":735253,"date":"2025-08-27T22:44:37","date_gmt":"2025-08-27T19:44:37","guid":{"rendered":"https:\/\/roveyayinevi.com.tr\/index.php\/urun\/levent-iz-pesinde-6-set-5-kitap\/"},"modified":"2026-04-16T02:43:38","modified_gmt":"2026-04-15T23:43:38","slug":"levent-iz-pesinde-6-set-5-kitap","status":"publish","type":"product","link":"https:\/\/roveyayinevi.com.tr\/index.php\/urun\/levent-iz-pesinde-6-set-5-kitap\/","title":{"rendered":"Levent \u0130z Pe\u015finde 6 Set (5 Kitap)"},"content":{"rendered":"<p>Komik, saf, deli dolu Levent&#8217;in, haylaz karde\u015fi ve muz\u0131r s\u0131n\u0131f arkada\u015flar\u0131yla birlikte &#8220;\u0130z Pe\u015finde&#8221; ko\u015ftu\u011fu, k\u0131l\u0131ktan k\u0131l\u0131\u011fa girip ba\u015f\u0131na t\u00fcrl\u00fc i\u015fler a\u00e7t\u0131\u011f\u0131 maceralar\u0131 h\u0131z kesmeden devam ediyor. Bamba\u015fka bir macera serisine haz\u0131r olun!<\/p>\n","protected":false},"excerpt":{"rendered":"<p>Komik, saf, deli dolu Levent&#8217;in, haylaz karde\u015fi ve muz\u0131r s\u0131n\u0131f arkada\u015flar\u0131yla birlikte &#8220;\u0130z Pe\u015finde&#8221; ko\u015ftu\u011fu, k\u0131l\u0131ktan k\u0131l\u0131\u011fa girip ba\u015f\u0131na t\u00fcrl\u00fc i\u015fler a\u00e7t\u0131\u011f\u0131 maceralar\u0131 h\u0131z kesmeden devam<span class=\"excerpt-hellip\"> [\u2026]<\/span><\/p>\n","protected":false},"featured_media":0,"template":"","meta":{"_monsterinsights_skip_tracking":false,"_monsterinsights_sitenote_active":false,"_monsterinsights_sitenote_note":"","_monsterinsights_sitenote_category":0},"product_brand":[],"product_cat":[12275,12274],"product_tag":[],"class_list":{"0":"post-735253","1":"product","2":"type-product","3":"status-publish","5":"product_cat-6-12-yas-kitaplari","6":"product_cat-cocuk-ve-genclik-kitaplari","7":"pa_cilt-set","8":"pa_tur-kitap","9":"pa_yayinevi-timas-cocuk","10":"pa_yazar-mustafa-orakci","12":"first","13":"instock","14":"sale","15":"shipping-taxable","16":"purchasable","17":"product-type-simple"},"_links":{"self":[{"href":"https:\/\/roveyayinevi.com.tr\/index.php\/wp-json\/wp\/v2\/product\/735253","targetHints":{"allow":["GET"]}}],"collection":[{"href":"https:\/\/roveyayinevi.com.tr\/index.php\/wp-json\/wp\/v2\/product"}],"about":[{"href":"https:\/\/roveyayinevi.com.tr\/index.php\/wp-json\/wp\/v2\/types\/product"}],"wp:attachment":[{"href":"https:\/\/roveyayinevi.com.tr\/index.php\/wp-json\/wp\/v2\/media?parent=735253"}],"wp:term":[{"taxonomy":"product_brand","embeddable":true,"href":"https:\/\/roveyayinevi.com.tr\/index.php\/wp-json\/wp\/v2\/product_brand?post=735253"},{"taxonomy":"product_cat","embeddable":true,"href":"https:\/\/roveyayinevi.com.tr\/index.php\/wp-json\/wp\/v2\/product_cat?post=735253"},{"taxonomy":"product_tag","embeddable":true,"href":"https:\/\/roveyayinevi.com.tr\/index.php\/wp-json\/wp\/v2\/product_tag?post=735253"}],"curies":[{"name":"wp","href":"https:\/\/api.w.org\/{rel}","templated":true}]}}