{"id":735251,"date":"2025-08-27T22:44:35","date_gmt":"2025-08-27T19:44:35","guid":{"rendered":"https:\/\/roveyayinevi.com.tr\/index.php\/urun\/cilgin-fencinin-deneyler-kitabi-pratik-sivi-deneyleri\/"},"modified":"2026-04-16T02:43:37","modified_gmt":"2026-04-15T23:43:37","slug":"cilgin-fencinin-deneyler-kitabi-pratik-sivi-deneyleri","status":"publish","type":"product","link":"https:\/\/roveyayinevi.com.tr\/index.php\/urun\/cilgin-fencinin-deneyler-kitabi-pratik-sivi-deneyleri\/","title":{"rendered":"\u00c7\u0131lg\u0131n Fencinin Deneyler Kitab\u0131 &#8211; Pratik S\u0131v\u0131 Deneyleri"},"content":{"rendered":"<p>Deneylerin esrarengiz d\u00fcnyas\u0131na ho\u015f geldiniz! Muhte\u015fem s\u0131v\u0131 deneyleri i\u00e7in Profes\u00f6r Kaos\u2019un patlamaya haz\u0131r laboratuvar\u0131nda bekleniyorsunuz! Profes\u00f6r, yard\u0131mc\u0131s\u0131 Yuto ile birlikte maceradan maceraya, deneyden deneye ko\u015facak, E\u011flenceli Bilgi Okulu\u2019nun \u2018\u00c7\u0131lg\u0131n Fenci\u2019si ile en keyifli fen bilimleri dersini i\u015fleyeceksin. Evinde kolayca yapabilece\u011finiz deneylerle sen de bilim insan\u0131 olma yolunda emin ad\u0131mlarla ilerleyeceksin. Dikkat, bu deneyler derslerinde de seni \u00e7ok haval\u0131 yapacak!<\/p>\n","protected":false},"excerpt":{"rendered":"<p>Deneylerin esrarengiz d\u00fcnyas\u0131na ho\u015f geldiniz! Muhte\u015fem s\u0131v\u0131 deneyleri i\u00e7in Profes\u00f6r Kaos\u2019un patlamaya haz\u0131r laboratuvar\u0131nda bekleniyorsunuz! Profes\u00f6r, yard\u0131mc\u0131s\u0131 Yuto ile birlikte maceradan maceraya, deneyden deneye ko\u015facak, E\u011flenceli<span class=\"excerpt-hellip\"> [\u2026]<\/span><\/p>\n","protected":false},"featured_media":0,"template":"","meta":{"_monsterinsights_skip_tracking":false,"_monsterinsights_sitenote_active":false,"_monsterinsights_sitenote_note":"","_monsterinsights_sitenote_category":0},"product_brand":[],"product_cat":[13829,12274],"product_tag":[],"class_list":{"0":"post-735251","1":"product","2":"type-product","3":"status-publish","5":"product_cat-bilimsel-kitaplar","6":"product_cat-cocuk-ve-genclik-kitaplari","7":"pa_cilt-ciltsiz","8":"pa_tur-kitap","9":"pa_yayinevi-eglenceli-bilgi-yayinlari","10":"pa_yazar-busra-akkiren","12":"first","13":"instock","14":"sale","15":"shipping-taxable","16":"purchasable","17":"product-type-simple"},"_links":{"self":[{"href":"https:\/\/roveyayinevi.com.tr\/index.php\/wp-json\/wp\/v2\/product\/735251","targetHints":{"allow":["GET"]}}],"collection":[{"href":"https:\/\/roveyayinevi.com.tr\/index.php\/wp-json\/wp\/v2\/product"}],"about":[{"href":"https:\/\/roveyayinevi.com.tr\/index.php\/wp-json\/wp\/v2\/types\/product"}],"wp:attachment":[{"href":"https:\/\/roveyayinevi.com.tr\/index.php\/wp-json\/wp\/v2\/media?parent=735251"}],"wp:term":[{"taxonomy":"product_brand","embeddable":true,"href":"https:\/\/roveyayinevi.com.tr\/index.php\/wp-json\/wp\/v2\/product_brand?post=735251"},{"taxonomy":"product_cat","embeddable":true,"href":"https:\/\/roveyayinevi.com.tr\/index.php\/wp-json\/wp\/v2\/product_cat?post=735251"},{"taxonomy":"product_tag","embeddable":true,"href":"https:\/\/roveyayinevi.com.tr\/index.php\/wp-json\/wp\/v2\/product_tag?post=735251"}],"curies":[{"name":"wp","href":"https:\/\/api.w.org\/{rel}","templated":true}]}}