{"id":735250,"date":"2025-08-27T22:44:34","date_gmt":"2025-08-27T19:44:34","guid":{"rendered":"https:\/\/roveyayinevi.com.tr\/index.php\/urun\/cumlelerin-gucu-adina-dil-bilgisinin-sirlari\/"},"modified":"2026-04-16T02:43:37","modified_gmt":"2026-04-15T23:43:37","slug":"cumlelerin-gucu-adina-dil-bilgisinin-sirlari","status":"publish","type":"product","link":"https:\/\/roveyayinevi.com.tr\/index.php\/urun\/cumlelerin-gucu-adina-dil-bilgisinin-sirlari\/","title":{"rendered":"C\u00fcmlelerin G\u00fcc\u00fc Ad\u0131na &#8211; Dil Bilgisinin S\u0131rlar\u0131"},"content":{"rendered":"<p>Dil bilgisi k\u00e2busun mu oldu? C\u00fcmleler, kelimeler, ekler ve k\u00f6kler \u00fcst\u00fcne \u00fcst\u00fcne mi geliyor? Art\u0131k rahat bir nefes alabilirsin. Bu kitap tam sana g\u00f6re! \u201cC\u00fcmlelerin G\u00fcc\u00fc Ad\u0131na\u201d ile m\u00fcfredattaki dil bilgisi konular\u0131n\u0131 e\u011flenerek \u00f6\u011freneceksin. \u0130\u015fte bir \u00e7\u0131rp\u0131da \u00f6\u011frenece\u011fin ve etkinliklerle peki\u015ftirece\u011fin konu ba\u015fl\u0131klar\u0131:\u00b7         S\u00f6zc\u00fckten Anlam\u00b7         S\u00f6zc\u00fck Yap\u0131lar\u0131\u00b7         Ses Olaylar\u0131\u00b7         C\u00fcmlede Anlam\u00b7         S\u00f6z Sanatlar\u0131\u00b7         Metin T\u00fcrleri\u00b7         Atas\u00f6zleri ve Deyimler\u00b7         Ekler ve K\u00f6k\u00b7         Konu-Ana FikirHaydi, yolculuk haz\u0131rl\u0131klar\u0131na ba\u015fla ve T\u00fcrk\u00e7enin s\u0131rlar\u0131n\u0131 ke\u015ffet!<\/p>\n","protected":false},"excerpt":{"rendered":"<p>Dil bilgisi k\u00e2busun mu oldu? C\u00fcmleler, kelimeler, ekler ve k\u00f6kler \u00fcst\u00fcne \u00fcst\u00fcne mi geliyor? Art\u0131k rahat bir nefes alabilirsin. Bu kitap tam sana g\u00f6re! \u201cC\u00fcmlelerin G\u00fcc\u00fc<span class=\"excerpt-hellip\"> [\u2026]<\/span><\/p>\n","protected":false},"featured_media":0,"template":"","meta":{"_monsterinsights_skip_tracking":false,"_monsterinsights_sitenote_active":false,"_monsterinsights_sitenote_note":"","_monsterinsights_sitenote_category":0},"product_brand":[],"product_cat":[13829,12274],"product_tag":[],"class_list":{"0":"post-735250","1":"product","2":"type-product","3":"status-publish","5":"product_cat-bilimsel-kitaplar","6":"product_cat-cocuk-ve-genclik-kitaplari","7":"pa_cilt-ciltsiz","8":"pa_tur-kitap","9":"pa_yayinevi-eglenceli-bilgi-yayinlari","10":"pa_yazar-yasar-bayraktar","12":"first","13":"instock","14":"sale","15":"shipping-taxable","16":"purchasable","17":"product-type-simple"},"_links":{"self":[{"href":"https:\/\/roveyayinevi.com.tr\/index.php\/wp-json\/wp\/v2\/product\/735250","targetHints":{"allow":["GET"]}}],"collection":[{"href":"https:\/\/roveyayinevi.com.tr\/index.php\/wp-json\/wp\/v2\/product"}],"about":[{"href":"https:\/\/roveyayinevi.com.tr\/index.php\/wp-json\/wp\/v2\/types\/product"}],"wp:attachment":[{"href":"https:\/\/roveyayinevi.com.tr\/index.php\/wp-json\/wp\/v2\/media?parent=735250"}],"wp:term":[{"taxonomy":"product_brand","embeddable":true,"href":"https:\/\/roveyayinevi.com.tr\/index.php\/wp-json\/wp\/v2\/product_brand?post=735250"},{"taxonomy":"product_cat","embeddable":true,"href":"https:\/\/roveyayinevi.com.tr\/index.php\/wp-json\/wp\/v2\/product_cat?post=735250"},{"taxonomy":"product_tag","embeddable":true,"href":"https:\/\/roveyayinevi.com.tr\/index.php\/wp-json\/wp\/v2\/product_tag?post=735250"}],"curies":[{"name":"wp","href":"https:\/\/api.w.org\/{rel}","templated":true}]}}