{"id":735249,"date":"2025-08-27T22:44:33","date_gmt":"2025-08-27T19:44:33","guid":{"rendered":"https:\/\/roveyayinevi.com.tr\/index.php\/urun\/hristiyan-dunyasi-ve-mogollar\/"},"modified":"2026-04-16T02:43:37","modified_gmt":"2026-04-15T23:43:37","slug":"hristiyan-dunyasi-ve-mogollar","status":"publish","type":"product","link":"https:\/\/roveyayinevi.com.tr\/index.php\/urun\/hristiyan-dunyasi-ve-mogollar\/","title":{"rendered":"Hristiyan D\u00fcnyas\u0131 ve Mo\u011follar"},"content":{"rendered":"<p>Cengiz Han\u2019\u0131n liderli\u011finde Asya\u2019y\u0131 ve \u0130slam d\u00fcnyas\u0131n\u0131n \u00f6nemli bir k\u0131sm\u0131n\u0131 yerle bir eden Mo\u011follar, Hristiyan Avrupa i\u00e7in hem g\u00fcn ge\u00e7tik\u00e7e yakla\u015fan bir tehdit unsuru hem de ezeli d\u00fc\u015fman M\u00fcsl\u00fcmanlara zarar vermeleri nedeniyle \u00f6nemli bir m\u00fcttefik haline gelmi\u015flerdi. Hristiyan d\u00fcnyan\u0131n liderleri \u201cD\u00fc\u015fman\u0131m\u0131n d\u00fc\u015fman\u0131 dostumdur\u201d prensibiyle Mo\u011follar\u0131 hem siyasi hem de din\u00ee anlamda kendi yanlar\u0131na \u00e7ekmeye \u00e7al\u0131\u015fm\u0131\u015flard\u0131r. Bu \u00e7al\u0131\u015fmalar\u0131 en \u00e7ok misyoner Hristiyan ke\u015fi\u015fler vas\u0131tas\u0131yla yapm\u0131\u015flard\u0131r.Misyoner Hristiyan ke\u015fi\u015fler; Mo\u011follarla nas\u0131l diplomatik ili\u015fkiler kurduklar\u0131n\u0131, bu ili\u015fkileri canl\u0131 tutmak i\u00e7in ne gibi faaliyetlerde bulunduklar\u0131n\u0131 ve bu \u00e7abalar\u0131n sonu\u00e7lar\u0131n\u0131 kaleme ald\u0131klar\u0131 seyahatnamelere kaydetmi\u015flerdir. Orta \u00c7a\u011f\u2019da Do\u011fu ve Bat\u0131 medeniyetlerinin etkile\u015fimi \u00fczerine yapt\u0131\u011f\u0131 \u00e7al\u0131\u015fmalarla g\u00f6z dolduran Do\u00e7. Dr. Murat Tural, Hristiyan D\u00fcnyas\u0131 ve Mo\u011follar adl\u0131 eserinde, bu seyahatnameleri ve di\u011fer birincil tarih\u00ee kaynaklar\u0131 detayl\u0131 bir ara\u015ft\u0131rmayla harmanlayarak tarihin hakk\u0131nda \u00e7ok az bilgiye sahip oldu\u011fumuz bu d\u00f6neminin \u00fczerindeki sis perdesini aralamaktad\u0131r.<\/p>\n","protected":false},"excerpt":{"rendered":"<p>Cengiz Han\u2019\u0131n liderli\u011finde Asya\u2019y\u0131 ve \u0130slam d\u00fcnyas\u0131n\u0131n \u00f6nemli bir k\u0131sm\u0131n\u0131 yerle bir eden Mo\u011follar, Hristiyan Avrupa i\u00e7in hem g\u00fcn ge\u00e7tik\u00e7e yakla\u015fan bir tehdit unsuru hem de<span class=\"excerpt-hellip\"> [\u2026]<\/span><\/p>\n","protected":false},"featured_media":0,"template":"","meta":{"_monsterinsights_skip_tracking":false,"_monsterinsights_sitenote_active":false,"_monsterinsights_sitenote_note":"","_monsterinsights_sitenote_category":0},"product_brand":[],"product_cat":[12370,12304],"product_tag":[],"class_list":{"0":"post-735249","1":"product","2":"type-product","3":"status-publish","5":"product_cat-arastirma-inceleme","6":"product_cat-tarih","7":"pa_cilt-ciltsiz","8":"pa_tur-kitap","9":"pa_yayinevi-timas-akademi-yayinlari","10":"pa_yazar-murat-tural","12":"first","13":"instock","14":"sale","15":"shipping-taxable","16":"purchasable","17":"product-type-simple"},"_links":{"self":[{"href":"https:\/\/roveyayinevi.com.tr\/index.php\/wp-json\/wp\/v2\/product\/735249","targetHints":{"allow":["GET"]}}],"collection":[{"href":"https:\/\/roveyayinevi.com.tr\/index.php\/wp-json\/wp\/v2\/product"}],"about":[{"href":"https:\/\/roveyayinevi.com.tr\/index.php\/wp-json\/wp\/v2\/types\/product"}],"wp:attachment":[{"href":"https:\/\/roveyayinevi.com.tr\/index.php\/wp-json\/wp\/v2\/media?parent=735249"}],"wp:term":[{"taxonomy":"product_brand","embeddable":true,"href":"https:\/\/roveyayinevi.com.tr\/index.php\/wp-json\/wp\/v2\/product_brand?post=735249"},{"taxonomy":"product_cat","embeddable":true,"href":"https:\/\/roveyayinevi.com.tr\/index.php\/wp-json\/wp\/v2\/product_cat?post=735249"},{"taxonomy":"product_tag","embeddable":true,"href":"https:\/\/roveyayinevi.com.tr\/index.php\/wp-json\/wp\/v2\/product_tag?post=735249"}],"curies":[{"name":"wp","href":"https:\/\/api.w.org\/{rel}","templated":true}]}}