{"id":735248,"date":"2025-08-27T22:44:32","date_gmt":"2025-08-27T19:44:32","guid":{"rendered":"https:\/\/roveyayinevi.com.tr\/index.php\/urun\/hanefi-sorumluluk-hukuku\/"},"modified":"2026-04-16T02:43:37","modified_gmt":"2026-04-15T23:43:37","slug":"hanefi-sorumluluk-hukuku","status":"publish","type":"product","link":"https:\/\/roveyayinevi.com.tr\/index.php\/urun\/hanefi-sorumluluk-hukuku\/","title":{"rendered":"Hanefi Sorumluluk Hukuku"},"content":{"rendered":"<p>Dr. Kamil Yelek, Gasp ve \u0130tlaf Ba\u011flam\u0131nda Hanef\u00ee Sorumluluk Hukuku isimli bu \u00e7al\u0131\u015fmas\u0131nda gasp ve itlaf ba\u011flam\u0131nda mala y\u00f6nelik haks\u0131z fiillerden do\u011fan tazmin sorumluluklar\u0131n\u0131 ele almaktad\u0131r. \u00d6ncelikle \u00e7a\u011fda\u015f \u0130slam hukuku literat\u00fcr\u00fcn\u00fcn verilerinden hareketle \u015fimdiye kadar ortaya konulan \u00e7al\u0131\u015fmalar\u0131n ele\u015ftirel okumas\u0131n\u0131 yaparak bunlar\u0131n klasik \u0130slam hukuk doktrinini ne \u00f6l\u00e7\u00fcde kar\u015f\u0131lad\u0131\u011f\u0131n\u0131 ortaya koymaktad\u0131r. Sonras\u0131nda gasp ve itlaf \u00f6zelinde Hanef\u00ee mezhebinde sorumluluk hukukunun nas\u0131l geli\u015fti\u011fini g\u00f6stermeye \u00e7al\u0131\u015fm\u0131\u015ft\u0131r. Bu ba\u011flamda eserde, gasp ve itlafla ilgili konularda Hanef\u00ee mezhebi i\u00e7erisinde nas\u0131l bir de\u011fi\u015fim ya\u015fand\u0131\u011f\u0131, fakihlerin bu konuda ortaya \u00e7\u0131kan yeni meseleleri \u00e7\u00f6z\u00fcme kavu\u015ftururken hangi y\u00f6ntemleri kulland\u0131klar\u0131, \u00e7\u00f6z\u00fcm olarak sunulan g\u00f6r\u00fc\u015flerin daha sonraki ulem\u00e2 taraf\u0131ndan kabul g\u00f6r\u00fcp g\u00f6rmedi\u011fi ve bu konular\u0131n Osmanl\u0131 fetv\u00e2 mecmualar\u0131 ile \u015feriyye sicillerinde ne \u015fekilde tezah\u00fcr etti\u011fi sorular\u0131n\u0131n cevab\u0131 aranmaktad\u0131r.<\/p>\n","protected":false},"excerpt":{"rendered":"<p>Dr. Kamil Yelek, Gasp ve \u0130tlaf Ba\u011flam\u0131nda Hanef\u00ee Sorumluluk Hukuku isimli bu \u00e7al\u0131\u015fmas\u0131nda gasp ve itlaf ba\u011flam\u0131nda mala y\u00f6nelik haks\u0131z fiillerden do\u011fan tazmin sorumluluklar\u0131n\u0131 ele almaktad\u0131r.<span class=\"excerpt-hellip\"> [\u2026]<\/span><\/p>\n","protected":false},"featured_media":0,"template":"","meta":{"_monsterinsights_skip_tracking":false,"_monsterinsights_sitenote_active":false,"_monsterinsights_sitenote_note":"","_monsterinsights_sitenote_category":0},"product_brand":[],"product_cat":[13036,12718,12719],"product_tag":[],"class_list":{"0":"post-735248","1":"product","2":"type-product","3":"status-publish","5":"product_cat-arastirma-inceleme-islam","6":"product_cat-din","7":"product_cat-islam","8":"pa_cilt-ciltsiz","9":"pa_tur-kitap","10":"pa_yayinevi-timas-akademi-yayinlari","11":"pa_yazar-kamil-yelek","13":"first","14":"instock","15":"sale","16":"shipping-taxable","17":"purchasable","18":"product-type-simple"},"_links":{"self":[{"href":"https:\/\/roveyayinevi.com.tr\/index.php\/wp-json\/wp\/v2\/product\/735248","targetHints":{"allow":["GET"]}}],"collection":[{"href":"https:\/\/roveyayinevi.com.tr\/index.php\/wp-json\/wp\/v2\/product"}],"about":[{"href":"https:\/\/roveyayinevi.com.tr\/index.php\/wp-json\/wp\/v2\/types\/product"}],"wp:attachment":[{"href":"https:\/\/roveyayinevi.com.tr\/index.php\/wp-json\/wp\/v2\/media?parent=735248"}],"wp:term":[{"taxonomy":"product_brand","embeddable":true,"href":"https:\/\/roveyayinevi.com.tr\/index.php\/wp-json\/wp\/v2\/product_brand?post=735248"},{"taxonomy":"product_cat","embeddable":true,"href":"https:\/\/roveyayinevi.com.tr\/index.php\/wp-json\/wp\/v2\/product_cat?post=735248"},{"taxonomy":"product_tag","embeddable":true,"href":"https:\/\/roveyayinevi.com.tr\/index.php\/wp-json\/wp\/v2\/product_tag?post=735248"}],"curies":[{"name":"wp","href":"https:\/\/api.w.org\/{rel}","templated":true}]}}