{"id":735246,"date":"2025-08-27T22:44:30","date_gmt":"2025-08-27T19:44:30","guid":{"rendered":"https:\/\/roveyayinevi.com.tr\/index.php\/urun\/link-renkler-sekiller-baglanti-kurma-oyunu\/"},"modified":"2026-04-16T02:43:37","modified_gmt":"2026-04-15T23:43:37","slug":"link-renkler-sekiller-baglanti-kurma-oyunu","status":"publish","type":"product","link":"https:\/\/roveyayinevi.com.tr\/index.php\/urun\/link-renkler-sekiller-baglanti-kurma-oyunu\/","title":{"rendered":"Link &#8211; Renkler \u015eekiller Ba\u011flant\u0131 Kurma Oyunu"},"content":{"rendered":"<p>Temel geometrik \u015fekilleri, renkleri,  renkler  ve resimler aras\u0131 ili\u015fki kurarak \u00f6\u011frenmeye ne dersiniz? Yeni Nesil Ba\u011flant\u0131 Kurma Oyunu Link ile e\u011flenerek ba\u011flant\u0131 kurun! Hem geometrik \u015fekilleri hem de renkleri kolayl\u0131kla \u00f6\u011frenin.  Bu oyun dikkati art\u0131r\u0131r, mant\u0131k ve muhakemeyi geli\u015ftirir, motor kas koordinasyonunu sa\u011flar, karar verme yetisini ilerletir&#8230; Hepsinden \u00f6te b\u00fct\u00fcn bunlar\u0131n keyifle yap\u0131lmas\u0131n\u0131 sa\u011flar. Haydi, Link&#8217;e&#8230;<\/p>\n","protected":false},"excerpt":{"rendered":"<p>Temel geometrik \u015fekilleri, renkleri, renkler ve resimler aras\u0131 ili\u015fki kurarak \u00f6\u011frenmeye ne dersiniz? Yeni Nesil Ba\u011flant\u0131 Kurma Oyunu Link ile e\u011flenerek ba\u011flant\u0131 kurun! Hem geometrik \u015fekilleri<span class=\"excerpt-hellip\"> [\u2026]<\/span><\/p>\n","protected":false},"featured_media":0,"template":"","meta":{"_monsterinsights_skip_tracking":false,"_monsterinsights_sitenote_active":false,"_monsterinsights_sitenote_note":"","_monsterinsights_sitenote_category":0},"product_brand":[],"product_cat":[12913,12274],"product_tag":[],"class_list":{"0":"post-735246","1":"product","2":"type-product","3":"status-publish","5":"product_cat-3-6-yas-kitaplari","6":"product_cat-cocuk-ve-genclik-kitaplari","7":"pa_cilt-ciltsiz","8":"pa_tur-kitap20","9":"pa_yayinevi-bi-kutu-oyun","10":"pa_yazar-bi-kutu-oyun-kolektif","12":"first","13":"instock","14":"sale","15":"shipping-taxable","16":"purchasable","17":"product-type-simple"},"_links":{"self":[{"href":"https:\/\/roveyayinevi.com.tr\/index.php\/wp-json\/wp\/v2\/product\/735246","targetHints":{"allow":["GET"]}}],"collection":[{"href":"https:\/\/roveyayinevi.com.tr\/index.php\/wp-json\/wp\/v2\/product"}],"about":[{"href":"https:\/\/roveyayinevi.com.tr\/index.php\/wp-json\/wp\/v2\/types\/product"}],"wp:attachment":[{"href":"https:\/\/roveyayinevi.com.tr\/index.php\/wp-json\/wp\/v2\/media?parent=735246"}],"wp:term":[{"taxonomy":"product_brand","embeddable":true,"href":"https:\/\/roveyayinevi.com.tr\/index.php\/wp-json\/wp\/v2\/product_brand?post=735246"},{"taxonomy":"product_cat","embeddable":true,"href":"https:\/\/roveyayinevi.com.tr\/index.php\/wp-json\/wp\/v2\/product_cat?post=735246"},{"taxonomy":"product_tag","embeddable":true,"href":"https:\/\/roveyayinevi.com.tr\/index.php\/wp-json\/wp\/v2\/product_tag?post=735246"}],"curies":[{"name":"wp","href":"https:\/\/api.w.org\/{rel}","templated":true}]}}