{"id":735245,"date":"2025-08-27T22:44:30","date_gmt":"2025-08-27T19:44:30","guid":{"rendered":"https:\/\/roveyayinevi.com.tr\/index.php\/urun\/lal-ask-i-hakikat\/"},"modified":"2026-04-12T02:50:04","modified_gmt":"2026-04-11T23:50:04","slug":"lal-ask-i-hakikat","status":"publish","type":"product","link":"https:\/\/roveyayinevi.com.tr\/index.php\/urun\/lal-ask-i-hakikat\/","title":{"rendered":"Lal &#8211; A\u015fk-\u0131 Hakikat"},"content":{"rendered":"<p>A\u015fk ate\u015fi kavurmas\u0131n g\u00f6nl\u00fcn\u00fcz\u00fc, akl\u0131n\u0131z\u0131, benli\u011finizi&#8230; Sevdan\u0131n yolda\u015f\u0131 olman\u0131n menzilinde L\u00c2L sizi bekliyor.Yana yana, d\u00fc\u015fe kalka, k\u00f6r topal yuvarlan\u0131p gidiyoruz hayat\u0131n i\u00e7inde. Elimizde ate\u015ften bir top olmu\u015f &#8220;ili\u015fkiler&#8221;&#8230; Yand\u0131k\u00e7a topu yan\u0131m\u0131zdakine f\u0131rlat\u0131yoruz.Sayg\u0131n\u0131n yitirildi\u011fi diyarlara a\u015fk ve sevda k\u00f6y\u00fc kurmaya \u00e7al\u0131\u015f\u0131yoruz. Kendi hakikatimize k\u00f6rle\u015fiyoruz, kalbimize batan dikenlere nas\u0131rla\u015f\u0131yor, almadan vermenin, vermeden alman\u0131n karanl\u0131\u011f\u0131nda u\u00e7uruma do\u011fru ilerliyoruz.\u0130li\u015fkilerimiz \u00fczerine kurulan hayatlar\u0131m\u0131zda su\u00e7luluk duygusu, acizlik, eksiklik, yetersizlik, de\u011fersizlik, kibir, kanaatsizlik, \u00f6fke, kin, gurur, k\u0131skan\u00e7l\u0131k ve daha nice zehirli duygu kol geziyor. &#8220;A\u015fk a\u015fk&#8221; diye a\u015fka eziyet ediyor, a\u015fk\u0131n itibar\u0131n\u0131 yerle bir ediyoruz.K\u00fcllerinden yeniden do\u011fmu\u015f, ya\u015fam\u0131n\u0131 insan\u0131 anlamaya, incelemeye, insan da derinle\u015fmeye adam\u0131\u015f bir yazar olan P\u0131nar Boylu Gogulan, &#8220;ili\u015fkiler sanat\u0131n\u0131&#8221; \u00f6n\u00fcm\u00fcze seriyor. Yaln\u0131z de\u011fil elbette; ona Lacivert, Mor, Siyah ve L\u00e2l e\u015flik ediyor.Hepsi de Ask-\u0131 Hakikat\u2019e davet ediyor bizi. Uzak oldu\u011funu sanmay\u0131n; dibimizde, yan\u0131 bas\u0131m\u0131zda duruyor, \u00fcstelik adresi belli:Araz Mahallesi. Huzur Sokak. Vicdan Lokantas\u0131..<\/p>\n","protected":false},"excerpt":{"rendered":"<p>A\u015fk ate\u015fi kavurmas\u0131n g\u00f6nl\u00fcn\u00fcz\u00fc, akl\u0131n\u0131z\u0131, benli\u011finizi&#8230; Sevdan\u0131n yolda\u015f\u0131 olman\u0131n menzilinde L\u00c2L sizi bekliyor.Yana yana, d\u00fc\u015fe kalka, k\u00f6r topal yuvarlan\u0131p gidiyoruz hayat\u0131n i\u00e7inde. Elimizde ate\u015ften bir top<span class=\"excerpt-hellip\"> [\u2026]<\/span><\/p>\n","protected":false},"featured_media":0,"template":"","meta":{"_monsterinsights_skip_tracking":false,"_monsterinsights_sitenote_active":false,"_monsterinsights_sitenote_note":"","_monsterinsights_sitenote_category":0},"product_brand":[],"product_cat":[12364,12376],"product_tag":[],"class_list":{"0":"post-735245","1":"product","2":"type-product","3":"status-publish","5":"product_cat-genel-konular","6":"product_cat-kisisel-gelisim","7":"pa_cilt-ciltsiz","8":"pa_tur-kitap","9":"pa_yayinevi-libros-yayinlari","10":"pa_yazar-pinar-boylu-gogulan","12":"first","13":"instock","14":"sale","15":"shipping-taxable","16":"purchasable","17":"product-type-simple"},"_links":{"self":[{"href":"https:\/\/roveyayinevi.com.tr\/index.php\/wp-json\/wp\/v2\/product\/735245","targetHints":{"allow":["GET"]}}],"collection":[{"href":"https:\/\/roveyayinevi.com.tr\/index.php\/wp-json\/wp\/v2\/product"}],"about":[{"href":"https:\/\/roveyayinevi.com.tr\/index.php\/wp-json\/wp\/v2\/types\/product"}],"wp:attachment":[{"href":"https:\/\/roveyayinevi.com.tr\/index.php\/wp-json\/wp\/v2\/media?parent=735245"}],"wp:term":[{"taxonomy":"product_brand","embeddable":true,"href":"https:\/\/roveyayinevi.com.tr\/index.php\/wp-json\/wp\/v2\/product_brand?post=735245"},{"taxonomy":"product_cat","embeddable":true,"href":"https:\/\/roveyayinevi.com.tr\/index.php\/wp-json\/wp\/v2\/product_cat?post=735245"},{"taxonomy":"product_tag","embeddable":true,"href":"https:\/\/roveyayinevi.com.tr\/index.php\/wp-json\/wp\/v2\/product_tag?post=735245"}],"curies":[{"name":"wp","href":"https:\/\/api.w.org\/{rel}","templated":true}]}}