{"id":735243,"date":"2025-08-27T22:44:28","date_gmt":"2025-08-27T19:44:28","guid":{"rendered":"https:\/\/roveyayinevi.com.tr\/index.php\/urun\/yok-yok-baskanlari-ve-universiteleri\/"},"modified":"2026-01-29T03:15:46","modified_gmt":"2026-01-29T00:15:46","slug":"yok-yok-baskanlari-ve-universiteleri","status":"publish","type":"product","link":"https:\/\/roveyayinevi.com.tr\/index.php\/urun\/yok-yok-baskanlari-ve-universiteleri\/","title":{"rendered":"Y\u00f6k, Y\u00f6k Ba\u015fkanlar\u0131 ve \u00dcniversiteleri"},"content":{"rendered":"<p>Bu kitap, Y\u00d6K uygulamalar\u0131n\u0131n birebir tan\u0131klar\u0131ndan biri olup Y\u00d6K ve y\u00fcksek\u00f6\u011fretim konular\u0131yla ili\u015fkili olarak kitaplar ile onlarca makale yazm\u0131\u015f, pek \u00e7ok s\u00f6yle\u015fide bulunmu\u015f bir ki\u015finin haz\u0131rlad\u0131\u011f\u0131 kitapt\u0131r. K\u0131rk y\u0131ll\u0131k Y\u00d6K tarihinde, genelde Y\u00d6K, ba\u015fkanlar\u0131na ve \u00fcniversiteler de Y\u00d6K\u2019e g\u00f6re hareket etmi\u015flerdir. Adalet ve Kal-k\u0131nma Partisi (AKP) Y\u00d6K\u2019te 2008\u2019de kadrola\u015ft\u0131ktan sonra ise Y\u00d6K ba\u015fkanlar\u0131 ile \u00fcniversiteler AKP Genel Ba\u015fkan\u0131\u2019n\u0131n beklentilerine g\u00f6re hareket etmeye ba\u015flam\u0131\u015ft\u0131r. Son 10 ayda B\u00dc\u2019de ya\u015fananlar\u0131n temel nedeni, kayy\u0131m rekt\u00f6r atay\u0131p ve tepeden inme fak\u00fclteler a\u00e7arak bu \u00fcniversitenin de AKP\u2019lile\u015ftirilmesi giri\u015fimidir. Bu kitap, a\u011f\u0131rl\u0131kl\u0131 olarak son 40 y\u0131lda y\u00fcksek\u00f6\u011fretimde neler olup bitti\u011fini \u2013iktidarlar\u0131n ve Y\u00d6K ba\u015fkanlar\u0131n\u0131n neler yapt\u0131\u011f\u0131n\u0131, \u00fcniversitelerin ne hale d\u00fc\u015ft\u00fc\u011f\u00fcn\u00fc\u2013 \u00f6zetleyen bir kitapt\u0131r. Bu kitap, \u00fcniversitelerin AKP\u2019lile\u015fip medresele\u015fmesinin \u00f6yk\u00fcs\u00fc gibidir. Y\u00d6K\u2019\u00fcn icraatlar\u0131n\u0131 daha iyi anlayabilmek i\u00e7in bu kitab\u0131n ilk b\u00f6l\u00fcm\u00fcnde 1980 \u00f6ncesinde y\u00fcksek\u00f6\u011fretimdeki tarihsel geli\u015fim \u00f6zetlenmektedir. 2. b\u00f6l\u00fcmde Y\u00d6K\u2019\u00fcn kurulu\u015f \u00f6yk\u00fcs\u00fc anlat\u0131lmakta, di\u011fer 7 b\u00f6l\u00fcmde ise Y\u00d6K ba\u015fkanlar\u0131n\u0131n icraatlar\u0131na de\u011finilmektedir. Son b\u00f6l\u00fcmde de \u00fclkenin ve \u00fcniversitenin i\u00e7inde bulundu\u011fu durum k\u0131saca irdelenmekte ve y\u00fcksek\u00f6\u011fretimin gelece\u011fi tart\u0131\u015f\u0131lmaktad\u0131r.<\/p>\n","protected":false},"excerpt":{"rendered":"<p>Bu kitap, Y\u00d6K uygulamalar\u0131n\u0131n birebir tan\u0131klar\u0131ndan biri olup Y\u00d6K ve y\u00fcksek\u00f6\u011fretim konular\u0131yla ili\u015fkili olarak kitaplar ile onlarca makale yazm\u0131\u015f, pek \u00e7ok s\u00f6yle\u015fide bulunmu\u015f bir ki\u015finin haz\u0131rlad\u0131\u011f\u0131<span class=\"excerpt-hellip\"> [\u2026]<\/span><\/p>\n","protected":false},"featured_media":0,"template":"","meta":{"_monsterinsights_skip_tracking":false,"_monsterinsights_sitenote_active":false,"_monsterinsights_sitenote_note":"","_monsterinsights_sitenote_category":0},"product_brand":[],"product_cat":[13590,12337],"product_tag":[],"class_list":{"0":"post-735243","1":"product","2":"type-product","3":"status-publish","5":"product_cat-arastirma-inceleme-politika-siyaset","6":"product_cat-politika-siyaset","7":"pa_cilt-ciltsiz","8":"pa_tur-kitap","9":"pa_yayinevi-utopya-yayinevi","10":"pa_yazar-rifat-okcabol","12":"first","13":"instock","14":"sale","15":"shipping-taxable","16":"purchasable","17":"product-type-simple"},"_links":{"self":[{"href":"https:\/\/roveyayinevi.com.tr\/index.php\/wp-json\/wp\/v2\/product\/735243","targetHints":{"allow":["GET"]}}],"collection":[{"href":"https:\/\/roveyayinevi.com.tr\/index.php\/wp-json\/wp\/v2\/product"}],"about":[{"href":"https:\/\/roveyayinevi.com.tr\/index.php\/wp-json\/wp\/v2\/types\/product"}],"wp:attachment":[{"href":"https:\/\/roveyayinevi.com.tr\/index.php\/wp-json\/wp\/v2\/media?parent=735243"}],"wp:term":[{"taxonomy":"product_brand","embeddable":true,"href":"https:\/\/roveyayinevi.com.tr\/index.php\/wp-json\/wp\/v2\/product_brand?post=735243"},{"taxonomy":"product_cat","embeddable":true,"href":"https:\/\/roveyayinevi.com.tr\/index.php\/wp-json\/wp\/v2\/product_cat?post=735243"},{"taxonomy":"product_tag","embeddable":true,"href":"https:\/\/roveyayinevi.com.tr\/index.php\/wp-json\/wp\/v2\/product_tag?post=735243"}],"curies":[{"name":"wp","href":"https:\/\/api.w.org\/{rel}","templated":true}]}}