{"id":735242,"date":"2025-08-27T22:44:27","date_gmt":"2025-08-27T19:44:27","guid":{"rendered":"https:\/\/roveyayinevi.com.tr\/index.php\/urun\/felsefi-dusun-sayi-17-felsefe-ve-bilim\/"},"modified":"2026-04-16T02:43:37","modified_gmt":"2026-04-15T23:43:37","slug":"felsefi-dusun-sayi-17-felsefe-ve-bilim","status":"publish","type":"product","link":"https:\/\/roveyayinevi.com.tr\/index.php\/urun\/felsefi-dusun-sayi-17-felsefe-ve-bilim\/","title":{"rendered":"Felsefi D\u00fc\u015f\u00fcn Say\u0131 17 &#8211; Felsefe ve Bilim"},"content":{"rendered":"<p>\u015e. Halil TURAN SUNU\u015e   MAKALELER   Majid BENI Yap\u0131lar\u0131n Katlanmas\u0131 ve Modalite Kural\u0131 \u00c7eviren G\u00f6khan MURTEZA   The Folding of Structures and the Rule of Modalities   * Samet B\u00dcY\u00dcKADA Do\u011fa Yasalar\u0131 ve Bilimsel \u00d6zc\u00fcl\u00fck \u00dczerine   * Eylem CANASLAN Bilim Felsefesine Ekolojik Bir Yakla\u015f\u0131m: Bruno Latour\u2019un \u00c7o\u011fulcu Kavramlar\u0131   * Ezgi Ece \u00c7EL\u0130K Bilim ve Tinsellik: Feminist Bilim Tasar\u0131mlar\u0131nda Do\u011fa ve \u0130nsan   * Bar\u0131\u015fcan DEM\u0130R Bilimin Ate\u015f H\u0131rs\u0131zlar\u0131: Hume, Saussure ve Kuhn   * Musa DUMAN Varl\u0131k ve Zaman\u2019da Mekansall\u0131k \u00dczerine   * Elife KILI\u00c7 Bilim Felsefesinde Theoriadan Tekni\u011fe Ge\u00e7i\u015f \u00dczerine Genel Bir De\u011ferlendirme   * Furkan Yasin K\u00d6Z Rudolf Carnap ve Thomas S. Kuhn: Bilimsel Devrim \u00dczerine \u0130ki G\u00f6r\u00fc\u015f   * Mahmut \u00d6ZER&amp; Ayhan SOL \u0130htiyatl\u0131 (De\u011fer Y\u00fckl\u00fc) Bilim: Ger\u00e7ek Bilim veya Bilim D\u0131\u015f\u0131   * Seda \u00d6ZSOY SOMUNCUO\u011eLU Bilgide Nesnellik ve Ger\u00e7eklik Sorunu: 3 D\u00fcnya Kuram\u0131 <\/p>\n","protected":false},"excerpt":{"rendered":"<p>\u015e. Halil TURAN SUNU\u015e MAKALELER Majid BENI Yap\u0131lar\u0131n Katlanmas\u0131 ve Modalite Kural\u0131 \u00c7eviren G\u00f6khan MURTEZA The Folding of Structures and the Rule of Modalities * Samet<span class=\"excerpt-hellip\"> [\u2026]<\/span><\/p>\n","protected":false},"featured_media":0,"template":"","meta":{"_monsterinsights_skip_tracking":false,"_monsterinsights_sitenote_active":false,"_monsterinsights_sitenote_note":"","_monsterinsights_sitenote_category":0},"product_brand":[],"product_cat":[13527],"product_tag":[],"class_list":{"0":"post-735242","1":"product","2":"type-product","3":"status-publish","5":"product_cat-sureli-yayinlar","6":"pa_cilt-ciltsiz","7":"pa_tur-dergi","8":"pa_yayinevi-pinhan-yayincilik","9":"pa_yazar-pinhan-yayincilik-kolektif","11":"first","12":"instock","13":"sale","14":"shipping-taxable","15":"purchasable","16":"product-type-simple"},"_links":{"self":[{"href":"https:\/\/roveyayinevi.com.tr\/index.php\/wp-json\/wp\/v2\/product\/735242","targetHints":{"allow":["GET"]}}],"collection":[{"href":"https:\/\/roveyayinevi.com.tr\/index.php\/wp-json\/wp\/v2\/product"}],"about":[{"href":"https:\/\/roveyayinevi.com.tr\/index.php\/wp-json\/wp\/v2\/types\/product"}],"wp:attachment":[{"href":"https:\/\/roveyayinevi.com.tr\/index.php\/wp-json\/wp\/v2\/media?parent=735242"}],"wp:term":[{"taxonomy":"product_brand","embeddable":true,"href":"https:\/\/roveyayinevi.com.tr\/index.php\/wp-json\/wp\/v2\/product_brand?post=735242"},{"taxonomy":"product_cat","embeddable":true,"href":"https:\/\/roveyayinevi.com.tr\/index.php\/wp-json\/wp\/v2\/product_cat?post=735242"},{"taxonomy":"product_tag","embeddable":true,"href":"https:\/\/roveyayinevi.com.tr\/index.php\/wp-json\/wp\/v2\/product_tag?post=735242"}],"curies":[{"name":"wp","href":"https:\/\/api.w.org\/{rel}","templated":true}]}}