{"id":735241,"date":"2025-08-27T22:44:26","date_gmt":"2025-08-27T19:44:26","guid":{"rendered":"https:\/\/roveyayinevi.com.tr\/index.php\/urun\/uzay-nasil-calisir-ciltli\/"},"modified":"2026-04-16T02:43:37","modified_gmt":"2026-04-15T23:43:37","slug":"uzay-nasil-calisir-ciltli","status":"publish","type":"product","link":"https:\/\/roveyayinevi.com.tr\/index.php\/urun\/uzay-nasil-calisir-ciltli\/","title":{"rendered":"Uzay Nas\u0131l \u00c7al\u0131\u015f\u0131r (Ciltli)"},"content":{"rendered":"<p>Uzay nas\u0131l bir \u015fekle sahip? Kara delikler her \u015feyi yutabilir mi? Uzay yolculuklar\u0131n\u0131n zarar\u0131 var m\u0131? En yeni uzay g\u00f6revlerinden ve yepyeni teleskoplardan elde edilen bilgilerle haz\u0131rlanan bu kitapta k\u00fctle\u00e7ekim dalgalar\u0131ndan kozmik bo\u015fluklara kadar pek \u00e7ok bilgi bulacaksan\u0131z.   Anla\u015f\u0131lmas\u0131 kolay \u015femalarla ve insan\u0131 hayrete d\u00fc\u015f\u00fcren ger\u00e7eklerle dolu Uzay Nas\u0131l \u00c7al\u0131\u015f\u0131r kitab\u0131 hem astronomiyi b\u00fcy\u00fcleyici bulanlar hem de muhte\u015fem bilimsel ke\u015fiflere merak duyanlara y\u00f6nelik kusursuz bir rehberdir. <\/p>\n","protected":false},"excerpt":{"rendered":"<p>Uzay nas\u0131l bir \u015fekle sahip? Kara delikler her \u015feyi yutabilir mi? Uzay yolculuklar\u0131n\u0131n zarar\u0131 var m\u0131? En yeni uzay g\u00f6revlerinden ve yepyeni teleskoplardan elde edilen bilgilerle<span class=\"excerpt-hellip\"> [\u2026]<\/span><\/p>\n","protected":false},"featured_media":0,"template":"","meta":{"_monsterinsights_skip_tracking":false,"_monsterinsights_sitenote_active":false,"_monsterinsights_sitenote_note":"","_monsterinsights_sitenote_category":0},"product_brand":[],"product_cat":[13005,13006],"product_tag":[],"class_list":{"0":"post-735241","1":"product","2":"type-product","3":"status-publish","5":"product_cat-bilim-muhendislik","6":"product_cat-populer-bilim","7":"pa_cilt-ciltli","8":"pa_tur-kitap","9":"pa_yayinevi-alfa-yayinlari","10":"pa_yazar-alfa-yayinlari-kolektif","12":"first","13":"instock","14":"sale","15":"shipping-taxable","16":"purchasable","17":"product-type-simple"},"_links":{"self":[{"href":"https:\/\/roveyayinevi.com.tr\/index.php\/wp-json\/wp\/v2\/product\/735241","targetHints":{"allow":["GET"]}}],"collection":[{"href":"https:\/\/roveyayinevi.com.tr\/index.php\/wp-json\/wp\/v2\/product"}],"about":[{"href":"https:\/\/roveyayinevi.com.tr\/index.php\/wp-json\/wp\/v2\/types\/product"}],"wp:attachment":[{"href":"https:\/\/roveyayinevi.com.tr\/index.php\/wp-json\/wp\/v2\/media?parent=735241"}],"wp:term":[{"taxonomy":"product_brand","embeddable":true,"href":"https:\/\/roveyayinevi.com.tr\/index.php\/wp-json\/wp\/v2\/product_brand?post=735241"},{"taxonomy":"product_cat","embeddable":true,"href":"https:\/\/roveyayinevi.com.tr\/index.php\/wp-json\/wp\/v2\/product_cat?post=735241"},{"taxonomy":"product_tag","embeddable":true,"href":"https:\/\/roveyayinevi.com.tr\/index.php\/wp-json\/wp\/v2\/product_tag?post=735241"}],"curies":[{"name":"wp","href":"https:\/\/api.w.org\/{rel}","templated":true}]}}