{"id":735237,"date":"2025-08-27T22:44:22","date_gmt":"2025-08-27T19:44:22","guid":{"rendered":"https:\/\/roveyayinevi.com.tr\/index.php\/urun\/masonluk-ve-osmanli-masonlari-1935\/"},"modified":"2026-04-16T02:43:37","modified_gmt":"2026-04-15T23:43:37","slug":"masonluk-ve-osmanli-masonlari-1935","status":"publish","type":"product","link":"https:\/\/roveyayinevi.com.tr\/index.php\/urun\/masonluk-ve-osmanli-masonlari-1935\/","title":{"rendered":"Masonluk ve Osmanl\u0131 Masonlar\u0131 (-1935)"},"content":{"rendered":"<p>Masonluk; \u00c2dem\u2019den ba\u015flat\u0131lm\u0131\u015f, M\u0131s\u0131r ve Musa ile kar\u0131\u015ft\u0131r\u0131lm\u0131\u015f, Yahudi ve Hristiyan k\u00fclt\u00fcr\u00fc \u00fczerinden kurgulanm\u0131\u015f, Ha\u00e7l\u0131 Seferleri ve \u015f\u00f6valyelik ile harmanlanm\u0131\u015f, mistik efsanelerle beslenmi\u015f, evrensel de\u011ferlerle makyajlanm\u0131\u015f \u0130ngiliz ve Avrupa men\u015feli bir \u00f6rg\u00fctlenmedir. Di\u011fer gizemli \u00f6rg\u00fctlerde oldu\u011fu gibi \u00e7ok bilinmeyenli ezoterik kurgular\u0131 i\u00e7ermektedir. Kadim ge\u00e7mi\u015ften g\u00fcn\u00fcm\u00fcze bir\u00e7ok komplo teorilerine malzeme yap\u0131lm\u0131\u015ft\u0131r. Bilinen ve g\u00f6r\u00fcnenlerden \u00e7ok daha fazla miktarda, teyit edilmeye muhta\u00e7 bir\u00e7ok sorunun muhatab\u0131d\u0131r. B\u00f6ylesine karma\u015f\u0131k kurgulara sahip bir \u00f6rg\u00fct\u00fcn ya da anlay\u0131\u015f\u0131n, sadece evrensel ve insani de\u011ferleri savunan kurumsal bir yap\u0131 olarak a\u00e7\u0131klanmas\u0131 yeterli de\u011fildir. \u00dcyelerine a\u00e7\u0131k ve d\u0131\u015fa kapal\u0131 ketum bir \u00f6rg\u00fctlenmedir. \u0130nsanl\u0131k ad\u0131na sosyal, k\u00fclt\u00fcrel, ekonomik vb. evrensel geli\u015fmeleri nas\u0131l yerine getirece\u011fi konusu olduk\u00e7a mu\u011flakt\u0131r. \u00d6nceleri Hristiyan ve duvarc\u0131 olmayanlar\u0131n kabul edilmedi\u011fi bu yap\u0131n\u0131n, sonraki d\u00f6nemlerde karar\u0131n\u0131 de\u011fi\u015ftirdi\u011fi g\u00f6r\u00fclmektedir. Bu de\u011fi\u015fikliklerle farkl\u0131 inan\u00e7lar ve k\u00fclt\u00fcrlere kap\u0131lar a\u00e7\u0131lm\u0131\u015ft\u0131r. B\u00f6ylelikle uluslararas\u0131 masonik a\u011flar olu\u015fturularak k\u00fcresel mutlak otoriteler kurulmu\u015ftur. Bu yap\u0131lanmalar \u00f6zel hiyerar\u015fik sistemleri i\u00e7ermektedir. Ancak geleneksel rit\u00fceller aynen devam ettirilmi\u015ftir. Sonradan yap\u0131lan dinsel baz\u0131 de\u011fi\u015fikliklerin d\u0131\u015f\u0131nda, asl\u0131nda masonik felsefenin \u00f6z\u00fc ile kadim uygulamalar\u0131 korunmu\u015ftur. Kulland\u0131klar\u0131 masonik dil ve sembollerinde, \u015f\u00f6valyelik ile Yahudi ve Hristiyan k\u00fclt\u00fcr\u00fcn\u00fcn etkisi a\u00e7\u0131k\u00e7a g\u00f6r\u00fclmektedir.   D\u0131\u015f kaynakl\u0131 ve farkl\u0131 bir felsefeye sahip bu anlay\u0131\u015f\u0131, M\u00fcsl\u00fcman Osmanl\u0131 vatanda\u015flar\u0131n\u0131n kabullenmesi ve mason olmas\u0131 hayli ilgin\u00e7 bir durum olu\u015fturmaktad\u0131r. D\u00f6nemi itibar\u0131yla Osmanl\u0131 elitinin neredeyse tamam\u0131na yak\u0131n\u0131n\u0131n bu olu\u015fumun i\u00e7erisinde veya yak\u0131n\u0131nda oldu\u011fu g\u00f6r\u00fclmektedir: Hanedan, \u0130slamc\u0131, Yeni Osmanl\u0131c\u0131, dindar, ittihat\u00e7\u0131, itilaf\u00e7\u0131, \u015feyh ve din adamlar\u0131, \u00fcst d\u00fczey y\u00f6neticiler ile di\u011ferleri&#8230; <\/p>\n","protected":false},"excerpt":{"rendered":"<p>Masonluk; \u00c2dem\u2019den ba\u015flat\u0131lm\u0131\u015f, M\u0131s\u0131r ve Musa ile kar\u0131\u015ft\u0131r\u0131lm\u0131\u015f, Yahudi ve Hristiyan k\u00fclt\u00fcr\u00fc \u00fczerinden kurgulanm\u0131\u015f, Ha\u00e7l\u0131 Seferleri ve \u015f\u00f6valyelik ile harmanlanm\u0131\u015f, mistik efsanelerle beslenmi\u015f, evrensel de\u011ferlerle makyajlanm\u0131\u015f<span class=\"excerpt-hellip\"> [\u2026]<\/span><\/p>\n","protected":false},"featured_media":0,"template":"","meta":{"_monsterinsights_skip_tracking":false,"_monsterinsights_sitenote_active":false,"_monsterinsights_sitenote_note":"","_monsterinsights_sitenote_category":0},"product_brand":[],"product_cat":[13590,12337],"product_tag":[],"class_list":{"0":"post-735237","1":"product","2":"type-product","3":"status-publish","5":"product_cat-arastirma-inceleme-politika-siyaset","6":"product_cat-politika-siyaset","7":"pa_cilt-ciltsiz","8":"pa_tur-kitap","9":"pa_yayinevi-la-kitap-yayinlari","10":"pa_yazar-celal-celik","12":"first","13":"instock","14":"sale","15":"shipping-taxable","16":"purchasable","17":"product-type-simple"},"_links":{"self":[{"href":"https:\/\/roveyayinevi.com.tr\/index.php\/wp-json\/wp\/v2\/product\/735237","targetHints":{"allow":["GET"]}}],"collection":[{"href":"https:\/\/roveyayinevi.com.tr\/index.php\/wp-json\/wp\/v2\/product"}],"about":[{"href":"https:\/\/roveyayinevi.com.tr\/index.php\/wp-json\/wp\/v2\/types\/product"}],"wp:attachment":[{"href":"https:\/\/roveyayinevi.com.tr\/index.php\/wp-json\/wp\/v2\/media?parent=735237"}],"wp:term":[{"taxonomy":"product_brand","embeddable":true,"href":"https:\/\/roveyayinevi.com.tr\/index.php\/wp-json\/wp\/v2\/product_brand?post=735237"},{"taxonomy":"product_cat","embeddable":true,"href":"https:\/\/roveyayinevi.com.tr\/index.php\/wp-json\/wp\/v2\/product_cat?post=735237"},{"taxonomy":"product_tag","embeddable":true,"href":"https:\/\/roveyayinevi.com.tr\/index.php\/wp-json\/wp\/v2\/product_tag?post=735237"}],"curies":[{"name":"wp","href":"https:\/\/api.w.org\/{rel}","templated":true}]}}