{"id":735236,"date":"2025-08-27T22:44:21","date_gmt":"2025-08-27T19:44:21","guid":{"rendered":"https:\/\/roveyayinevi.com.tr\/index.php\/urun\/ogretmenim-nerede\/"},"modified":"2026-04-16T02:43:37","modified_gmt":"2026-04-15T23:43:37","slug":"ogretmenim-nerede","status":"publish","type":"product","link":"https:\/\/roveyayinevi.com.tr\/index.php\/urun\/ogretmenim-nerede\/","title":{"rendered":"\u00d6\u011fretmenim Nerede?"},"content":{"rendered":"<p>Hayal G\u00fcc\u00fcn\u00fcn S\u0131n\u0131rlar\u0131n\u0131 Zorlayan Bir Hik\u00e2ye!   \u00d6\u011fretmeni sabah derse vaktinde gelmeyince,Dilek\u2019 in akl\u0131ndan \u00e7\u0131lg\u0131nca d\u00fc\u015f\u00fcnceler ge\u00e7meye ba\u015flar! Uzaydan ba\u015flay\u0131p karanl\u0131k ma\u011faralara kadar \u00f6\u011fretmeninin nerede olabilece\u011fini hayal edip durur.   Bu e\u011flenceli kitapta; Gollum, E.T., K\u0131rm\u0131z\u0131 Krali\u00e7e ve daha pek \u00e7ok modern kahraman yer al\u0131yor.<\/p>\n","protected":false},"excerpt":{"rendered":"<p>Hayal G\u00fcc\u00fcn\u00fcn S\u0131n\u0131rlar\u0131n\u0131 Zorlayan Bir Hik\u00e2ye! \u00d6\u011fretmeni sabah derse vaktinde gelmeyince,Dilek\u2019 in akl\u0131ndan \u00e7\u0131lg\u0131nca d\u00fc\u015f\u00fcnceler ge\u00e7meye ba\u015flar! Uzaydan ba\u015flay\u0131p karanl\u0131k ma\u011faralara kadar \u00f6\u011fretmeninin nerede olabilece\u011fini hayal<span class=\"excerpt-hellip\"> [\u2026]<\/span><\/p>\n","protected":false},"featured_media":0,"template":"","meta":{"_monsterinsights_skip_tracking":false,"_monsterinsights_sitenote_active":false,"_monsterinsights_sitenote_note":"","_monsterinsights_sitenote_category":0},"product_brand":[],"product_cat":[12274,12518],"product_tag":[],"class_list":{"0":"post-735236","1":"product","2":"type-product","3":"status-publish","5":"product_cat-cocuk-ve-genclik-kitaplari","6":"product_cat-okul-oncesi-kitaplar","7":"pa_cilt-ciltsiz","8":"pa_tur-kitap","9":"pa_yayinevi-bambu-kitap","10":"pa_yazar-dalal-ghanim-al-romaihi","12":"first","13":"instock","14":"sale","15":"shipping-taxable","16":"purchasable","17":"product-type-simple"},"_links":{"self":[{"href":"https:\/\/roveyayinevi.com.tr\/index.php\/wp-json\/wp\/v2\/product\/735236","targetHints":{"allow":["GET"]}}],"collection":[{"href":"https:\/\/roveyayinevi.com.tr\/index.php\/wp-json\/wp\/v2\/product"}],"about":[{"href":"https:\/\/roveyayinevi.com.tr\/index.php\/wp-json\/wp\/v2\/types\/product"}],"wp:attachment":[{"href":"https:\/\/roveyayinevi.com.tr\/index.php\/wp-json\/wp\/v2\/media?parent=735236"}],"wp:term":[{"taxonomy":"product_brand","embeddable":true,"href":"https:\/\/roveyayinevi.com.tr\/index.php\/wp-json\/wp\/v2\/product_brand?post=735236"},{"taxonomy":"product_cat","embeddable":true,"href":"https:\/\/roveyayinevi.com.tr\/index.php\/wp-json\/wp\/v2\/product_cat?post=735236"},{"taxonomy":"product_tag","embeddable":true,"href":"https:\/\/roveyayinevi.com.tr\/index.php\/wp-json\/wp\/v2\/product_tag?post=735236"}],"curies":[{"name":"wp","href":"https:\/\/api.w.org\/{rel}","templated":true}]}}