{"id":735235,"date":"2025-08-27T22:44:20","date_gmt":"2025-08-27T19:44:20","guid":{"rendered":"https:\/\/roveyayinevi.com.tr\/index.php\/urun\/super-gucum-ne\/"},"modified":"2026-04-16T02:43:37","modified_gmt":"2026-04-15T23:43:37","slug":"super-gucum-ne","status":"publish","type":"product","link":"https:\/\/roveyayinevi.com.tr\/index.php\/urun\/super-gucum-ne\/","title":{"rendered":"S\u00fcper G\u00fcc\u00fcm Ne?"},"content":{"rendered":"<p>Herkesin \u00d6zel Bir G\u00fcc\u00fc Vard\u0131r! S\u00fcper kahramanlar\u0131 seven Nalvana, bir g\u00fcn kendi s\u00fcper g\u00fcc\u00fcn\u00fc merak eder.\u00d6zel g\u00fcc\u00fcn\u00fc ke\u015ffetme yolculu\u011funda, t\u00fcm arkada\u015flar\u0131n\u0131n bir t\u00fcr s\u00fcper g\u00fcce sahip oldu\u011funu g\u00f6r\u00fcr. Kendi g\u00fcc\u00fcn\u00fc bulamayan Nalvana, s\u00fcper g\u00fcc\u00fc olmad\u0131\u011f\u0131n\u0131 d\u00fc\u015f\u00fcn\u00fcrken g\u00fcc\u00fcn\u00fcn ba\u015f\u0131ndan beri i\u00e7inde oldu\u011funu fark eder.   \u00d6z sayg\u0131ya y\u00f6nelik bu muhte\u015fem hik\u00e2ye,okuyucuyu kendini ke\u015ffetme yolculu\u011funa \u00e7\u0131kar\u0131yor.<\/p>\n","protected":false},"excerpt":{"rendered":"<p>Herkesin \u00d6zel Bir G\u00fcc\u00fc Vard\u0131r! S\u00fcper kahramanlar\u0131 seven Nalvana, bir g\u00fcn kendi s\u00fcper g\u00fcc\u00fcn\u00fc merak eder.\u00d6zel g\u00fcc\u00fcn\u00fc ke\u015ffetme yolculu\u011funda, t\u00fcm arkada\u015flar\u0131n\u0131n bir t\u00fcr s\u00fcper g\u00fcce sahip<span class=\"excerpt-hellip\"> [\u2026]<\/span><\/p>\n","protected":false},"featured_media":0,"template":"","meta":{"_monsterinsights_skip_tracking":false,"_monsterinsights_sitenote_active":false,"_monsterinsights_sitenote_note":"","_monsterinsights_sitenote_category":0},"product_brand":[],"product_cat":[12913,12274],"product_tag":[],"class_list":{"0":"post-735235","1":"product","2":"type-product","3":"status-publish","5":"product_cat-3-6-yas-kitaplari","6":"product_cat-cocuk-ve-genclik-kitaplari","7":"pa_cilt-ciltsiz","8":"pa_tur-kitap","9":"pa_yayinevi-bambu-kitap","10":"pa_yazar-aviaq-johnston","12":"first","13":"instock","14":"sale","15":"shipping-taxable","16":"purchasable","17":"product-type-simple"},"_links":{"self":[{"href":"https:\/\/roveyayinevi.com.tr\/index.php\/wp-json\/wp\/v2\/product\/735235","targetHints":{"allow":["GET"]}}],"collection":[{"href":"https:\/\/roveyayinevi.com.tr\/index.php\/wp-json\/wp\/v2\/product"}],"about":[{"href":"https:\/\/roveyayinevi.com.tr\/index.php\/wp-json\/wp\/v2\/types\/product"}],"wp:attachment":[{"href":"https:\/\/roveyayinevi.com.tr\/index.php\/wp-json\/wp\/v2\/media?parent=735235"}],"wp:term":[{"taxonomy":"product_brand","embeddable":true,"href":"https:\/\/roveyayinevi.com.tr\/index.php\/wp-json\/wp\/v2\/product_brand?post=735235"},{"taxonomy":"product_cat","embeddable":true,"href":"https:\/\/roveyayinevi.com.tr\/index.php\/wp-json\/wp\/v2\/product_cat?post=735235"},{"taxonomy":"product_tag","embeddable":true,"href":"https:\/\/roveyayinevi.com.tr\/index.php\/wp-json\/wp\/v2\/product_tag?post=735235"}],"curies":[{"name":"wp","href":"https:\/\/api.w.org\/{rel}","templated":true}]}}