{"id":735233,"date":"2025-08-27T22:44:17","date_gmt":"2025-08-27T19:44:17","guid":{"rendered":"https:\/\/roveyayinevi.com.tr\/index.php\/urun\/aslan-gibi-kizgin\/"},"modified":"2026-04-16T02:43:37","modified_gmt":"2026-04-15T23:43:37","slug":"aslan-gibi-kizgin","status":"publish","type":"product","link":"https:\/\/roveyayinevi.com.tr\/index.php\/urun\/aslan-gibi-kizgin\/","title":{"rendered":"Aslan Gibi K\u0131zg\u0131n"},"content":{"rendered":"<p>\u00d6fke Y\u00f6netimi ile \u0130lgili G\u00fczel Bir Hik\u00e2ye!   Leo, k\u0131zg\u0131n bir asland\u0131r; \u00e7ak\u0131l ta\u015f\u0131na bile k\u00fckrer.En ufak olayda bile \u00f6fkesi hemen a\u00e7\u0131\u011fa \u00e7\u0131kar.   Ama bir g\u00fcn, Leo\u2019nun \u00f6fkesi tam anlam\u0131yla ortaya \u00e7\u0131kar ve Leo onunla y\u00fczle\u015fmek zorunda kal\u0131r.   Bu harika resimli hik\u00e2ye; duygular\u0131 kabullenme, kar\u015f\u0131la\u015f\u0131lan zorluklar\u0131olumlu bir \u015fekilde y\u00f6netmeye yard\u0131mc\u0131 olacakt\u0131r.<\/p>\n","protected":false},"excerpt":{"rendered":"<p>\u00d6fke Y\u00f6netimi ile \u0130lgili G\u00fczel Bir Hik\u00e2ye! Leo, k\u0131zg\u0131n bir asland\u0131r; \u00e7ak\u0131l ta\u015f\u0131na bile k\u00fckrer.En ufak olayda bile \u00f6fkesi hemen a\u00e7\u0131\u011fa \u00e7\u0131kar. Ama bir g\u00fcn, Leo\u2019nun<span class=\"excerpt-hellip\"> [\u2026]<\/span><\/p>\n","protected":false},"featured_media":0,"template":"","meta":{"_monsterinsights_skip_tracking":false,"_monsterinsights_sitenote_active":false,"_monsterinsights_sitenote_note":"","_monsterinsights_sitenote_category":0},"product_brand":[],"product_cat":[12274,12284],"product_tag":[],"class_list":{"0":"post-735233","1":"product","2":"type-product","3":"status-publish","5":"product_cat-cocuk-ve-genclik-kitaplari","6":"product_cat-hikayeler","7":"pa_cilt-ciltsiz","8":"pa_tur-kitap","9":"pa_yayinevi-bambu-kitap","10":"pa_yazar-giulia-pesavento","12":"first","13":"instock","14":"sale","15":"shipping-taxable","16":"purchasable","17":"product-type-simple"},"_links":{"self":[{"href":"https:\/\/roveyayinevi.com.tr\/index.php\/wp-json\/wp\/v2\/product\/735233","targetHints":{"allow":["GET"]}}],"collection":[{"href":"https:\/\/roveyayinevi.com.tr\/index.php\/wp-json\/wp\/v2\/product"}],"about":[{"href":"https:\/\/roveyayinevi.com.tr\/index.php\/wp-json\/wp\/v2\/types\/product"}],"wp:attachment":[{"href":"https:\/\/roveyayinevi.com.tr\/index.php\/wp-json\/wp\/v2\/media?parent=735233"}],"wp:term":[{"taxonomy":"product_brand","embeddable":true,"href":"https:\/\/roveyayinevi.com.tr\/index.php\/wp-json\/wp\/v2\/product_brand?post=735233"},{"taxonomy":"product_cat","embeddable":true,"href":"https:\/\/roveyayinevi.com.tr\/index.php\/wp-json\/wp\/v2\/product_cat?post=735233"},{"taxonomy":"product_tag","embeddable":true,"href":"https:\/\/roveyayinevi.com.tr\/index.php\/wp-json\/wp\/v2\/product_tag?post=735233"}],"curies":[{"name":"wp","href":"https:\/\/api.w.org\/{rel}","templated":true}]}}