{"id":735232,"date":"2025-08-27T22:44:16","date_gmt":"2025-08-27T19:44:16","guid":{"rendered":"https:\/\/roveyayinevi.com.tr\/index.php\/urun\/ordek-mi-tavuk-mu\/"},"modified":"2026-04-16T02:43:36","modified_gmt":"2026-04-15T23:43:36","slug":"ordek-mi-tavuk-mu","status":"publish","type":"product","link":"https:\/\/roveyayinevi.com.tr\/index.php\/urun\/ordek-mi-tavuk-mu\/","title":{"rendered":"\u00d6rdek Mi Tavuk Mu?"},"content":{"rendered":"<p>Hepimizin \u00d6ne \u00c7\u0131kan Farkl\u0131 Y\u00f6nleri Var! \u00d6rdek ve tavuk, bi\u00e7im olarak benzese de sesleri ve dilleri bak\u0131m\u0131ndan farkl\u0131l\u0131k g\u00f6sterirler. Peki, tavu\u011fun sesi ho\u015funa gitti\u011finde bir \u00f6rdek ne yapar?   Bu e\u011flenceli hik\u00e2yede, kafas\u0131 kar\u0131\u015f\u0131k \u00f6rdek kendini ke\u015ffedecek.<\/p>\n","protected":false},"excerpt":{"rendered":"<p>Hepimizin \u00d6ne \u00c7\u0131kan Farkl\u0131 Y\u00f6nleri Var! \u00d6rdek ve tavuk, bi\u00e7im olarak benzese de sesleri ve dilleri bak\u0131m\u0131ndan farkl\u0131l\u0131k g\u00f6sterirler. Peki, tavu\u011fun sesi ho\u015funa gitti\u011finde bir \u00f6rdek<span class=\"excerpt-hellip\"> [\u2026]<\/span><\/p>\n","protected":false},"featured_media":0,"template":"","meta":{"_monsterinsights_skip_tracking":false,"_monsterinsights_sitenote_active":false,"_monsterinsights_sitenote_note":"","_monsterinsights_sitenote_category":0},"product_brand":[],"product_cat":[12274,12518],"product_tag":[],"class_list":{"0":"post-735232","1":"product","2":"type-product","3":"status-publish","5":"product_cat-cocuk-ve-genclik-kitaplari","6":"product_cat-okul-oncesi-kitaplar","7":"pa_cilt-ciltsiz","8":"pa_tur-kitap","9":"pa_yayinevi-bambu-kitap","10":"pa_yazar-manal-al-nashmi","12":"first","13":"instock","14":"sale","15":"shipping-taxable","16":"purchasable","17":"product-type-simple"},"_links":{"self":[{"href":"https:\/\/roveyayinevi.com.tr\/index.php\/wp-json\/wp\/v2\/product\/735232","targetHints":{"allow":["GET"]}}],"collection":[{"href":"https:\/\/roveyayinevi.com.tr\/index.php\/wp-json\/wp\/v2\/product"}],"about":[{"href":"https:\/\/roveyayinevi.com.tr\/index.php\/wp-json\/wp\/v2\/types\/product"}],"wp:attachment":[{"href":"https:\/\/roveyayinevi.com.tr\/index.php\/wp-json\/wp\/v2\/media?parent=735232"}],"wp:term":[{"taxonomy":"product_brand","embeddable":true,"href":"https:\/\/roveyayinevi.com.tr\/index.php\/wp-json\/wp\/v2\/product_brand?post=735232"},{"taxonomy":"product_cat","embeddable":true,"href":"https:\/\/roveyayinevi.com.tr\/index.php\/wp-json\/wp\/v2\/product_cat?post=735232"},{"taxonomy":"product_tag","embeddable":true,"href":"https:\/\/roveyayinevi.com.tr\/index.php\/wp-json\/wp\/v2\/product_tag?post=735232"}],"curies":[{"name":"wp","href":"https:\/\/api.w.org\/{rel}","templated":true}]}}