{"id":735231,"date":"2025-08-27T22:44:15","date_gmt":"2025-08-27T19:44:15","guid":{"rendered":"https:\/\/roveyayinevi.com.tr\/index.php\/urun\/ucacak-miyim\/"},"modified":"2026-04-16T02:43:36","modified_gmt":"2026-04-15T23:43:36","slug":"ucacak-miyim","status":"publish","type":"product","link":"https:\/\/roveyayinevi.com.tr\/index.php\/urun\/ucacak-miyim\/","title":{"rendered":"U\u00e7acak M\u0131y\u0131m?"},"content":{"rendered":"<p>Asla Pes Etme, Hayallerinden Vazge\u00e7me!   Horoz, Kartal\u2019\u0131n kanatlar\u0131na hayrand\u0131. En b\u00fcy\u00fck hayali onun gibi u\u00e7makt\u0131. U\u00e7abilmek i\u00e7in pek \u00e7ok yolu deneyen Horoz, pes edecek mi dersin?   Bu e\u011flenceli hik\u00e2yede, Horoz\u2019un bir kartal gibi g\u00f6klerde s\u00fcz\u00fclebilmek i\u00e7inneler yapt\u0131\u011f\u0131na \u015fahit olacak, yarat\u0131c\u0131 fikirlerine hayran kalacaks\u0131n\u0131z<\/p>\n","protected":false},"excerpt":{"rendered":"<p>Asla Pes Etme, Hayallerinden Vazge\u00e7me! Horoz, Kartal\u2019\u0131n kanatlar\u0131na hayrand\u0131. En b\u00fcy\u00fck hayali onun gibi u\u00e7makt\u0131. U\u00e7abilmek i\u00e7in pek \u00e7ok yolu deneyen Horoz, pes edecek mi dersin?<span class=\"excerpt-hellip\"> [\u2026]<\/span><\/p>\n","protected":false},"featured_media":0,"template":"","meta":{"_monsterinsights_skip_tracking":false,"_monsterinsights_sitenote_active":false,"_monsterinsights_sitenote_note":"","_monsterinsights_sitenote_category":0},"product_brand":[],"product_cat":[12913,12274],"product_tag":[],"class_list":{"0":"post-735231","1":"product","2":"type-product","3":"status-publish","5":"product_cat-3-6-yas-kitaplari","6":"product_cat-cocuk-ve-genclik-kitaplari","7":"pa_cilt-ciltsiz","8":"pa_tur-kitap","9":"pa_yayinevi-bambu-kitap","10":"pa_yazar-mohammad-alohaly","12":"first","13":"instock","14":"sale","15":"shipping-taxable","16":"purchasable","17":"product-type-simple"},"_links":{"self":[{"href":"https:\/\/roveyayinevi.com.tr\/index.php\/wp-json\/wp\/v2\/product\/735231","targetHints":{"allow":["GET"]}}],"collection":[{"href":"https:\/\/roveyayinevi.com.tr\/index.php\/wp-json\/wp\/v2\/product"}],"about":[{"href":"https:\/\/roveyayinevi.com.tr\/index.php\/wp-json\/wp\/v2\/types\/product"}],"wp:attachment":[{"href":"https:\/\/roveyayinevi.com.tr\/index.php\/wp-json\/wp\/v2\/media?parent=735231"}],"wp:term":[{"taxonomy":"product_brand","embeddable":true,"href":"https:\/\/roveyayinevi.com.tr\/index.php\/wp-json\/wp\/v2\/product_brand?post=735231"},{"taxonomy":"product_cat","embeddable":true,"href":"https:\/\/roveyayinevi.com.tr\/index.php\/wp-json\/wp\/v2\/product_cat?post=735231"},{"taxonomy":"product_tag","embeddable":true,"href":"https:\/\/roveyayinevi.com.tr\/index.php\/wp-json\/wp\/v2\/product_tag?post=735231"}],"curies":[{"name":"wp","href":"https:\/\/api.w.org\/{rel}","templated":true}]}}