{"id":735230,"date":"2025-08-27T22:44:14","date_gmt":"2025-08-27T19:44:14","guid":{"rendered":"https:\/\/roveyayinevi.com.tr\/index.php\/urun\/canavarlar-annemden-korkar\/"},"modified":"2026-04-13T02:52:12","modified_gmt":"2026-04-12T23:52:12","slug":"canavarlar-annemden-korkar","status":"publish","type":"product","link":"https:\/\/roveyayinevi.com.tr\/index.php\/urun\/canavarlar-annemden-korkar\/","title":{"rendered":"Canavarlar Annemden Korkar"},"content":{"rendered":"<p>Karanl\u0131ktan Korkan T\u00fcm Minikler \u0130\u00e7in S\u0131cac\u0131k Bir Kitap! Hale, \u0131\u015f\u0131klar kapan\u0131nca tek yatmak istemiyor \u00e7\u00fcnk\u00fc karanl\u0131ktan \u00e7ok korkuyor. Asl\u0131nda karanl\u0131ktan de\u011fil, kendisini bekleyen canavarlardan korkuyor. Zengin hayal g\u00fcc\u00fcn\u00fcn \u00fcretti\u011fi reng\u00e2renk canavarlardan korkulur mu hi\u00e7? Ama Hale korkuyor i\u015fte\u2026 Neyse ki annesi onu canavarlardan koruyacak kadar g\u00fc\u00e7l\u00fc.   Bu sevimli uyku hik\u00e2yesi, anne ve \u00e7ocuk aras\u0131ndaki g\u00fcvenli ba\u011flanmay\u0131 g\u00fc\u00e7lendiriyor.<\/p>\n","protected":false},"excerpt":{"rendered":"<p>Karanl\u0131ktan Korkan T\u00fcm Minikler \u0130\u00e7in S\u0131cac\u0131k Bir Kitap! Hale, \u0131\u015f\u0131klar kapan\u0131nca tek yatmak istemiyor \u00e7\u00fcnk\u00fc karanl\u0131ktan \u00e7ok korkuyor. Asl\u0131nda karanl\u0131ktan de\u011fil, kendisini bekleyen canavarlardan korkuyor. Zengin<span class=\"excerpt-hellip\"> [\u2026]<\/span><\/p>\n","protected":false},"featured_media":0,"template":"","meta":{"_monsterinsights_skip_tracking":false,"_monsterinsights_sitenote_active":false,"_monsterinsights_sitenote_note":"","_monsterinsights_sitenote_category":0},"product_brand":[],"product_cat":[12274,12284],"product_tag":[],"class_list":{"0":"post-735230","1":"product","2":"type-product","3":"status-publish","5":"product_cat-cocuk-ve-genclik-kitaplari","6":"product_cat-hikayeler","7":"pa_cilt-ciltsiz","8":"pa_tur-kitap","9":"pa_yayinevi-bambu-kitap","10":"pa_yazar-muneera-saad-al-romaihi","12":"first","13":"instock","14":"sale","15":"shipping-taxable","16":"purchasable","17":"product-type-simple"},"_links":{"self":[{"href":"https:\/\/roveyayinevi.com.tr\/index.php\/wp-json\/wp\/v2\/product\/735230","targetHints":{"allow":["GET"]}}],"collection":[{"href":"https:\/\/roveyayinevi.com.tr\/index.php\/wp-json\/wp\/v2\/product"}],"about":[{"href":"https:\/\/roveyayinevi.com.tr\/index.php\/wp-json\/wp\/v2\/types\/product"}],"wp:attachment":[{"href":"https:\/\/roveyayinevi.com.tr\/index.php\/wp-json\/wp\/v2\/media?parent=735230"}],"wp:term":[{"taxonomy":"product_brand","embeddable":true,"href":"https:\/\/roveyayinevi.com.tr\/index.php\/wp-json\/wp\/v2\/product_brand?post=735230"},{"taxonomy":"product_cat","embeddable":true,"href":"https:\/\/roveyayinevi.com.tr\/index.php\/wp-json\/wp\/v2\/product_cat?post=735230"},{"taxonomy":"product_tag","embeddable":true,"href":"https:\/\/roveyayinevi.com.tr\/index.php\/wp-json\/wp\/v2\/product_tag?post=735230"}],"curies":[{"name":"wp","href":"https:\/\/api.w.org\/{rel}","templated":true}]}}