{"id":735228,"date":"2025-08-27T22:43:37","date_gmt":"2025-08-27T19:43:37","guid":{"rendered":"https:\/\/roveyayinevi.com.tr\/index.php\/urun\/fantastik-canavarlar-hakkinda-her-sey-ciltli\/"},"modified":"2026-04-16T02:43:04","modified_gmt":"2026-04-15T23:43:04","slug":"fantastik-canavarlar-hakkinda-her-sey-ciltli","status":"publish","type":"product","link":"https:\/\/roveyayinevi.com.tr\/index.php\/urun\/fantastik-canavarlar-hakkinda-her-sey-ciltli\/","title":{"rendered":"Fantastik Canavarlar Hakk\u0131nda Her \u015eey (Ciltli)"},"content":{"rendered":"<p>Fantastik Canavar Bak\u0131m Klavuzu!Fantastik Canavarlar hakk\u0131nda ne biliyorsunuz?   B\u00fcy\u00fcleyici canavarlar hakk\u0131nda \u00e7al\u0131\u015fan ve gen\u00e7 bir \u00e7\u0131rak olan Ann;sizi fantastik canavarlar\u0131 ke\u015ffetmeye davet ediyor.   Bu atlasta en \u00fcnl\u00fc fantastik canavarlar\u0131n \u00f6zellikleri, onlar\u0131n bak\u0131m\u0131n\u0131n nas\u0131l sa\u011flanaca\u011f\u0131, canavarlar\u0131n s\u0131n\u0131fland\u0131r\u0131lmas\u0131 gibi ilgin\u00e7 ve e\u011flenceli bilgiler yer al\u0131yor. Fantastik canavarlar hakk\u0131nda her \u015feyi \u00f6\u011frenmeye haz\u0131r m\u0131s\u0131n\u0131z?   Kitap; \u00e7ocu\u011fun hayal g\u00fcc\u00fcne katk\u0131 sa\u011flamas\u0131n\u0131n yan\u0131nda bir\u00e7ok bili\u015fsel beceriyi geli\u015ftirmesine de yard\u0131mc\u0131 olacakt\u0131r.<\/p>\n","protected":false},"excerpt":{"rendered":"<p>Fantastik Canavar Bak\u0131m Klavuzu!Fantastik Canavarlar hakk\u0131nda ne biliyorsunuz? B\u00fcy\u00fcleyici canavarlar hakk\u0131nda \u00e7al\u0131\u015fan ve gen\u00e7 bir \u00e7\u0131rak olan Ann;sizi fantastik canavarlar\u0131 ke\u015ffetmeye davet ediyor. Bu atlasta en<span class=\"excerpt-hellip\"> [\u2026]<\/span><\/p>\n","protected":false},"featured_media":0,"template":"","meta":{"_monsterinsights_skip_tracking":false,"_monsterinsights_sitenote_active":false,"_monsterinsights_sitenote_note":"","_monsterinsights_sitenote_category":0},"product_brand":[],"product_cat":[12275,12274],"product_tag":[],"class_list":{"0":"post-735228","1":"product","2":"type-product","3":"status-publish","5":"product_cat-6-12-yas-kitaplari","6":"product_cat-cocuk-ve-genclik-kitaplari","7":"pa_cilt-ciltli","8":"pa_tur-kitap","9":"pa_yayinevi-bambu-kitap","10":"pa_yazar-giuseppe-danna","12":"first","13":"instock","14":"sale","15":"shipping-taxable","16":"purchasable","17":"product-type-simple"},"_links":{"self":[{"href":"https:\/\/roveyayinevi.com.tr\/index.php\/wp-json\/wp\/v2\/product\/735228","targetHints":{"allow":["GET"]}}],"collection":[{"href":"https:\/\/roveyayinevi.com.tr\/index.php\/wp-json\/wp\/v2\/product"}],"about":[{"href":"https:\/\/roveyayinevi.com.tr\/index.php\/wp-json\/wp\/v2\/types\/product"}],"wp:attachment":[{"href":"https:\/\/roveyayinevi.com.tr\/index.php\/wp-json\/wp\/v2\/media?parent=735228"}],"wp:term":[{"taxonomy":"product_brand","embeddable":true,"href":"https:\/\/roveyayinevi.com.tr\/index.php\/wp-json\/wp\/v2\/product_brand?post=735228"},{"taxonomy":"product_cat","embeddable":true,"href":"https:\/\/roveyayinevi.com.tr\/index.php\/wp-json\/wp\/v2\/product_cat?post=735228"},{"taxonomy":"product_tag","embeddable":true,"href":"https:\/\/roveyayinevi.com.tr\/index.php\/wp-json\/wp\/v2\/product_tag?post=735228"}],"curies":[{"name":"wp","href":"https:\/\/api.w.org\/{rel}","templated":true}]}}