{"id":735227,"date":"2025-08-27T22:43:36","date_gmt":"2025-08-27T19:43:36","guid":{"rendered":"https:\/\/roveyayinevi.com.tr\/index.php\/urun\/ejderhalar-hakkinda-her-sey-ciltli\/"},"modified":"2026-04-16T02:43:03","modified_gmt":"2026-04-15T23:43:03","slug":"ejderhalar-hakkinda-her-sey-ciltli","status":"publish","type":"product","link":"https:\/\/roveyayinevi.com.tr\/index.php\/urun\/ejderhalar-hakkinda-her-sey-ciltli\/","title":{"rendered":"Ejderhalar Hakk\u0131nda Her \u015eey (Ciltli)"},"content":{"rendered":"<p>Gelmi\u015f Ge\u00e7mi\u015f En \u0130yi Ejderha E\u011fitmeni Olmak \u0130\u00e7in De\u011ferli Bir Rehber!Ejderhalar hakk\u0131nda ne biliyorsunuz?   Ejderha yeti\u015ftiricili\u011fi konusunda tecr\u00fcbeli olan Peter,sizi ejderhalar hakk\u0131nda her \u015feyi \u00f6\u011frenmeye davet ediyor.   Bu atlasta ejderhalar\u0131n yumurtalar\u0131ndan nas\u0131l tan\u0131naca\u011f\u0131, evcil ejderhalara nas\u0131l bak\u0131laca\u011f\u0131, ka\u00e7 t\u00fcr ejderha bulundu\u011fu gibi ilgin\u00e7 ve e\u011flenceli bilgiler yer al\u0131yor. Ejderhalar hakk\u0131nda her \u015feyi \u00f6\u011frenmeye haz\u0131r m\u0131s\u0131n\u0131z?   Kitap; \u00e7ocu\u011fun hayal g\u00fcc\u00fcne katk\u0131 sa\u011flamas\u0131n\u0131n yan\u0131nda bir\u00e7ok bili\u015fsel beceriyi geli\u015ftirmesine de yard\u0131mc\u0131 olacakt\u0131r.<\/p>\n","protected":false},"excerpt":{"rendered":"<p>Gelmi\u015f Ge\u00e7mi\u015f En \u0130yi Ejderha E\u011fitmeni Olmak \u0130\u00e7in De\u011ferli Bir Rehber!Ejderhalar hakk\u0131nda ne biliyorsunuz? Ejderha yeti\u015ftiricili\u011fi konusunda tecr\u00fcbeli olan Peter,sizi ejderhalar hakk\u0131nda her \u015feyi \u00f6\u011frenmeye davet<span class=\"excerpt-hellip\"> [\u2026]<\/span><\/p>\n","protected":false},"featured_media":0,"template":"","meta":{"_monsterinsights_skip_tracking":false,"_monsterinsights_sitenote_active":false,"_monsterinsights_sitenote_note":"","_monsterinsights_sitenote_category":0},"product_brand":[],"product_cat":[12275,12274],"product_tag":[],"class_list":{"0":"post-735227","1":"product","2":"type-product","3":"status-publish","5":"product_cat-6-12-yas-kitaplari","6":"product_cat-cocuk-ve-genclik-kitaplari","7":"pa_cilt-ciltli","8":"pa_tur-kitap","9":"pa_yayinevi-bambu-kitap","10":"pa_yazar-federica-magrin","12":"first","13":"instock","14":"sale","15":"shipping-taxable","16":"purchasable","17":"product-type-simple"},"_links":{"self":[{"href":"https:\/\/roveyayinevi.com.tr\/index.php\/wp-json\/wp\/v2\/product\/735227","targetHints":{"allow":["GET"]}}],"collection":[{"href":"https:\/\/roveyayinevi.com.tr\/index.php\/wp-json\/wp\/v2\/product"}],"about":[{"href":"https:\/\/roveyayinevi.com.tr\/index.php\/wp-json\/wp\/v2\/types\/product"}],"wp:attachment":[{"href":"https:\/\/roveyayinevi.com.tr\/index.php\/wp-json\/wp\/v2\/media?parent=735227"}],"wp:term":[{"taxonomy":"product_brand","embeddable":true,"href":"https:\/\/roveyayinevi.com.tr\/index.php\/wp-json\/wp\/v2\/product_brand?post=735227"},{"taxonomy":"product_cat","embeddable":true,"href":"https:\/\/roveyayinevi.com.tr\/index.php\/wp-json\/wp\/v2\/product_cat?post=735227"},{"taxonomy":"product_tag","embeddable":true,"href":"https:\/\/roveyayinevi.com.tr\/index.php\/wp-json\/wp\/v2\/product_tag?post=735227"}],"curies":[{"name":"wp","href":"https:\/\/api.w.org\/{rel}","templated":true}]}}