{"id":735225,"date":"2025-08-27T22:43:34","date_gmt":"2025-08-27T19:43:34","guid":{"rendered":"https:\/\/roveyayinevi.com.tr\/index.php\/urun\/atlantis-canlilari-hakkinda-her-sey-ciltli\/"},"modified":"2026-04-16T02:43:03","modified_gmt":"2026-04-15T23:43:03","slug":"atlantis-canlilari-hakkinda-her-sey-ciltli","status":"publish","type":"product","link":"https:\/\/roveyayinevi.com.tr\/index.php\/urun\/atlantis-canlilari-hakkinda-her-sey-ciltli\/","title":{"rendered":"Atlantis Canl\u0131lar\u0131 Hakk\u0131nda Her \u015eey (Ciltli)"},"content":{"rendered":"<p>Nitelikli Deniz Canl\u0131lar\u0131 Muhaf\u0131zlar\u0131 \u0130\u00e7in El Kitab\u0131! Atlantis canl\u0131lar\u0131 hakk\u0131nda ne biliyorsunuz?Gen\u00e7 ve hevesli bir deniz ya\u015fam\u0131 \u00f6\u011frencisi olan Karen,sizi denizde ya\u015fayan bu fantastik canl\u0131lar\u0131 ke\u015ffetmeye davet ediyor.   Bu atlasta birbirinden e\u015fsiz su alt\u0131 canl\u0131lar\u0131, gizemli Atlantis\u2019in ke\u015ffi, su alt\u0131 ya\u015fam\u0131n\u0131n p\u00fcf noktalar\u0131, okyanuslar\u0131n temiz tutulmas\u0131n\u0131n \u00f6nemi gibi ilgin\u00e7 ve e\u011flenceli bilgiler yer al\u0131yor. Atlantis canl\u0131lar\u0131 hakk\u0131nda her \u015feyi \u00f6\u011frenmeye haz\u0131r m\u0131s\u0131n\u0131z?   Kitap; \u00e7ocu\u011fun hayal g\u00fcc\u00fcne katk\u0131 sa\u011flamas\u0131n\u0131n yan\u0131ndabir\u00e7ok bili\u015fsel beceriyi geli\u015ftirmesine de yard\u0131mc\u0131 olacakt\u0131r.<\/p>\n","protected":false},"excerpt":{"rendered":"<p>Nitelikli Deniz Canl\u0131lar\u0131 Muhaf\u0131zlar\u0131 \u0130\u00e7in El Kitab\u0131! Atlantis canl\u0131lar\u0131 hakk\u0131nda ne biliyorsunuz?Gen\u00e7 ve hevesli bir deniz ya\u015fam\u0131 \u00f6\u011frencisi olan Karen,sizi denizde ya\u015fayan bu fantastik canl\u0131lar\u0131 ke\u015ffetmeye<span class=\"excerpt-hellip\"> [\u2026]<\/span><\/p>\n","protected":false},"featured_media":0,"template":"","meta":{"_monsterinsights_skip_tracking":false,"_monsterinsights_sitenote_active":false,"_monsterinsights_sitenote_note":"","_monsterinsights_sitenote_category":0},"product_brand":[],"product_cat":[12275,12274],"product_tag":[],"class_list":{"0":"post-735225","1":"product","2":"type-product","3":"status-publish","5":"product_cat-6-12-yas-kitaplari","6":"product_cat-cocuk-ve-genclik-kitaplari","7":"pa_cilt-ciltli","8":"pa_tur-kitap","9":"pa_yayinevi-bambu-kitap","10":"pa_yazar-giuseppe-danna","12":"first","13":"instock","14":"sale","15":"shipping-taxable","16":"purchasable","17":"product-type-simple"},"_links":{"self":[{"href":"https:\/\/roveyayinevi.com.tr\/index.php\/wp-json\/wp\/v2\/product\/735225","targetHints":{"allow":["GET"]}}],"collection":[{"href":"https:\/\/roveyayinevi.com.tr\/index.php\/wp-json\/wp\/v2\/product"}],"about":[{"href":"https:\/\/roveyayinevi.com.tr\/index.php\/wp-json\/wp\/v2\/types\/product"}],"wp:attachment":[{"href":"https:\/\/roveyayinevi.com.tr\/index.php\/wp-json\/wp\/v2\/media?parent=735225"}],"wp:term":[{"taxonomy":"product_brand","embeddable":true,"href":"https:\/\/roveyayinevi.com.tr\/index.php\/wp-json\/wp\/v2\/product_brand?post=735225"},{"taxonomy":"product_cat","embeddable":true,"href":"https:\/\/roveyayinevi.com.tr\/index.php\/wp-json\/wp\/v2\/product_cat?post=735225"},{"taxonomy":"product_tag","embeddable":true,"href":"https:\/\/roveyayinevi.com.tr\/index.php\/wp-json\/wp\/v2\/product_tag?post=735225"}],"curies":[{"name":"wp","href":"https:\/\/api.w.org\/{rel}","templated":true}]}}