{"id":735224,"date":"2025-08-27T22:43:33","date_gmt":"2025-08-27T19:43:33","guid":{"rendered":"https:\/\/roveyayinevi.com.tr\/index.php\/urun\/emre-buyuyor-sebze-canavari\/"},"modified":"2026-04-16T02:43:03","modified_gmt":"2026-04-15T23:43:03","slug":"emre-buyuyor-sebze-canavari","status":"publish","type":"product","link":"https:\/\/roveyayinevi.com.tr\/index.php\/urun\/emre-buyuyor-sebze-canavari\/","title":{"rendered":"Emre B\u00fcy\u00fcyor &#8211; Sebze Canavar\u0131"},"content":{"rendered":"<p>Sebze Yemeyi Kim Sevmez ki! Emre, yemek se\u00e7memesi gerekti\u011fini biliyor. Ama bazen her yeme\u011fi yemiyor. Do\u011frusu sebzeler pek de g\u00fczele benzemiyor\u2026 Bir g\u00fcn, annesi sadece sebze pi\u015firiyor. Peki, Emre ne yap\u0131yor?   \u00d6z bak\u0131m becerilerini destekleyen bu g\u00fczel hik\u00e2ye ile \u00e7ocu\u011funuz,sa\u011fl\u0131kl\u0131 beslenme al\u0131\u015fkanl\u0131\u011f\u0131 kazanacak!   \u201cSebzelere kar\u015f\u0131 \u00f6n yarg\u0131l\u0131 olmamak\u201d gerekti\u011fini fark ettiren bu kitap sayesinde \u00e7ocu\u011funuzla keyifli zaman ge\u00e7ireceksiniz.<\/p>\n","protected":false},"excerpt":{"rendered":"<p>Sebze Yemeyi Kim Sevmez ki! Emre, yemek se\u00e7memesi gerekti\u011fini biliyor. Ama bazen her yeme\u011fi yemiyor. Do\u011frusu sebzeler pek de g\u00fczele benzemiyor\u2026 Bir g\u00fcn, annesi sadece sebze<span class=\"excerpt-hellip\"> [\u2026]<\/span><\/p>\n","protected":false},"featured_media":0,"template":"","meta":{"_monsterinsights_skip_tracking":false,"_monsterinsights_sitenote_active":false,"_monsterinsights_sitenote_note":"","_monsterinsights_sitenote_category":0},"product_brand":[],"product_cat":[12274,12518],"product_tag":[],"class_list":{"0":"post-735224","1":"product","2":"type-product","3":"status-publish","5":"product_cat-cocuk-ve-genclik-kitaplari","6":"product_cat-okul-oncesi-kitaplar","7":"pa_cilt-ciltsiz","8":"pa_tur-kitap","9":"pa_yayinevi-bambu-kitap","10":"pa_yazar-wikan-satriati","12":"first","13":"instock","14":"sale","15":"shipping-taxable","16":"purchasable","17":"product-type-simple"},"_links":{"self":[{"href":"https:\/\/roveyayinevi.com.tr\/index.php\/wp-json\/wp\/v2\/product\/735224","targetHints":{"allow":["GET"]}}],"collection":[{"href":"https:\/\/roveyayinevi.com.tr\/index.php\/wp-json\/wp\/v2\/product"}],"about":[{"href":"https:\/\/roveyayinevi.com.tr\/index.php\/wp-json\/wp\/v2\/types\/product"}],"wp:attachment":[{"href":"https:\/\/roveyayinevi.com.tr\/index.php\/wp-json\/wp\/v2\/media?parent=735224"}],"wp:term":[{"taxonomy":"product_brand","embeddable":true,"href":"https:\/\/roveyayinevi.com.tr\/index.php\/wp-json\/wp\/v2\/product_brand?post=735224"},{"taxonomy":"product_cat","embeddable":true,"href":"https:\/\/roveyayinevi.com.tr\/index.php\/wp-json\/wp\/v2\/product_cat?post=735224"},{"taxonomy":"product_tag","embeddable":true,"href":"https:\/\/roveyayinevi.com.tr\/index.php\/wp-json\/wp\/v2\/product_tag?post=735224"}],"curies":[{"name":"wp","href":"https:\/\/api.w.org\/{rel}","templated":true}]}}