{"id":735223,"date":"2025-08-27T22:43:32","date_gmt":"2025-08-27T19:43:32","guid":{"rendered":"https:\/\/roveyayinevi.com.tr\/index.php\/urun\/emre-buyuyor-ressamlik-macerasi\/"},"modified":"2026-04-16T02:43:03","modified_gmt":"2026-04-15T23:43:03","slug":"emre-buyuyor-ressamlik-macerasi","status":"publish","type":"product","link":"https:\/\/roveyayinevi.com.tr\/index.php\/urun\/emre-buyuyor-ressamlik-macerasi\/","title":{"rendered":"Emre B\u00fcy\u00fcyor &#8211; Ressaml\u0131k Maceras\u0131"},"content":{"rendered":"<p>Sorumluluk Alma Vakti! Emre, resim \u00e7izmeyi \u00e7ok seviyor. Ama bazen resim defteri ona yetmiyor. Do\u011frusu duvar da deftere benziyor\u2026 Bir g\u00fcn, annesinin sesini duyuyor: \u201cHay\u0131r, Emre!\u201d Peki, Emre ne yap\u0131yor?   Sosyal duygusal geli\u015fim alan\u0131n\u0131 destekleyen bu g\u00fczel hik\u00e2ye ile \u00e7ocu\u011funuz,sorumluluk almas\u0131 gereken durumlar\u0131 fark edecek. Ayn\u0131 zamanda \u00e7ocu\u011funuzun \u00f6z bak\u0131m becerilerini destekleyen bu kitap \u00e7ocu\u011funuzla keyifli zaman ge\u00e7irmenize de yard\u0131mc\u0131 olacak.<\/p>\n","protected":false},"excerpt":{"rendered":"<p>Sorumluluk Alma Vakti! Emre, resim \u00e7izmeyi \u00e7ok seviyor. Ama bazen resim defteri ona yetmiyor. Do\u011frusu duvar da deftere benziyor\u2026 Bir g\u00fcn, annesinin sesini duyuyor: \u201cHay\u0131r, Emre!\u201d<span class=\"excerpt-hellip\"> [\u2026]<\/span><\/p>\n","protected":false},"featured_media":0,"template":"","meta":{"_monsterinsights_skip_tracking":false,"_monsterinsights_sitenote_active":false,"_monsterinsights_sitenote_note":"","_monsterinsights_sitenote_category":0},"product_brand":[],"product_cat":[12274,12518],"product_tag":[],"class_list":{"0":"post-735223","1":"product","2":"type-product","3":"status-publish","5":"product_cat-cocuk-ve-genclik-kitaplari","6":"product_cat-okul-oncesi-kitaplar","7":"pa_cilt-ciltsiz","8":"pa_tur-kitap","9":"pa_yayinevi-bambu-kitap","10":"pa_yazar-wikan-satriati","12":"first","13":"instock","14":"sale","15":"shipping-taxable","16":"purchasable","17":"product-type-simple"},"_links":{"self":[{"href":"https:\/\/roveyayinevi.com.tr\/index.php\/wp-json\/wp\/v2\/product\/735223","targetHints":{"allow":["GET"]}}],"collection":[{"href":"https:\/\/roveyayinevi.com.tr\/index.php\/wp-json\/wp\/v2\/product"}],"about":[{"href":"https:\/\/roveyayinevi.com.tr\/index.php\/wp-json\/wp\/v2\/types\/product"}],"wp:attachment":[{"href":"https:\/\/roveyayinevi.com.tr\/index.php\/wp-json\/wp\/v2\/media?parent=735223"}],"wp:term":[{"taxonomy":"product_brand","embeddable":true,"href":"https:\/\/roveyayinevi.com.tr\/index.php\/wp-json\/wp\/v2\/product_brand?post=735223"},{"taxonomy":"product_cat","embeddable":true,"href":"https:\/\/roveyayinevi.com.tr\/index.php\/wp-json\/wp\/v2\/product_cat?post=735223"},{"taxonomy":"product_tag","embeddable":true,"href":"https:\/\/roveyayinevi.com.tr\/index.php\/wp-json\/wp\/v2\/product_tag?post=735223"}],"curies":[{"name":"wp","href":"https:\/\/api.w.org\/{rel}","templated":true}]}}