{"id":735222,"date":"2025-08-27T22:43:31","date_gmt":"2025-08-27T19:43:31","guid":{"rendered":"https:\/\/roveyayinevi.com.tr\/index.php\/urun\/emre-buyuyor-kumbaram-nasil-dolar\/"},"modified":"2026-04-16T02:43:03","modified_gmt":"2026-04-15T23:43:03","slug":"emre-buyuyor-kumbaram-nasil-dolar","status":"publish","type":"product","link":"https:\/\/roveyayinevi.com.tr\/index.php\/urun\/emre-buyuyor-kumbaram-nasil-dolar\/","title":{"rendered":"Emre B\u00fcy\u00fcyor &#8211; Kumbaram Nas\u0131l Dolar?"},"content":{"rendered":"<p>Damlaya Damlaya Dolar Kumbara! Emre, at\u0131\u015ft\u0131rmal\u0131klar\u0131 \u00e7ok seviyor. Ama bazen paras\u0131 yetmiyor. Do\u011frusu hi\u00e7 hesap yapm\u0131yor\u2026 Bir g\u00fcn, kumbaras\u0131n\u0131n bo\u015f oldu\u011funu g\u00f6r\u00fcyor. Peki, Emre ne yap\u0131yor?   Sosyal duygusal geli\u015fim alan\u0131n\u0131 destekleyen bu g\u00fczel hik\u00e2ye ile \u00e7ocu\u011funuz,tutumlu olma davran\u0131\u015f\u0131n\u0131 kazanacak!   Ayn\u0131 zamanda \u00f6z bak\u0131m becerilerini destekleyenbu kitap sayesinde \u00e7ocu\u011funuzla keyifli zaman ge\u00e7ireceksiniz.<\/p>\n","protected":false},"excerpt":{"rendered":"<p>Damlaya Damlaya Dolar Kumbara! Emre, at\u0131\u015ft\u0131rmal\u0131klar\u0131 \u00e7ok seviyor. Ama bazen paras\u0131 yetmiyor. Do\u011frusu hi\u00e7 hesap yapm\u0131yor\u2026 Bir g\u00fcn, kumbaras\u0131n\u0131n bo\u015f oldu\u011funu g\u00f6r\u00fcyor. Peki, Emre ne yap\u0131yor?<span class=\"excerpt-hellip\"> [\u2026]<\/span><\/p>\n","protected":false},"featured_media":0,"template":"","meta":{"_monsterinsights_skip_tracking":false,"_monsterinsights_sitenote_active":false,"_monsterinsights_sitenote_note":"","_monsterinsights_sitenote_category":0},"product_brand":[],"product_cat":[12274,12518],"product_tag":[],"class_list":{"0":"post-735222","1":"product","2":"type-product","3":"status-publish","5":"product_cat-cocuk-ve-genclik-kitaplari","6":"product_cat-okul-oncesi-kitaplar","7":"pa_cilt-ciltsiz","8":"pa_tur-kitap","9":"pa_yayinevi-bambu-kitap","10":"pa_yazar-wikan-satriati","12":"first","13":"instock","14":"sale","15":"shipping-taxable","16":"purchasable","17":"product-type-simple"},"_links":{"self":[{"href":"https:\/\/roveyayinevi.com.tr\/index.php\/wp-json\/wp\/v2\/product\/735222","targetHints":{"allow":["GET"]}}],"collection":[{"href":"https:\/\/roveyayinevi.com.tr\/index.php\/wp-json\/wp\/v2\/product"}],"about":[{"href":"https:\/\/roveyayinevi.com.tr\/index.php\/wp-json\/wp\/v2\/types\/product"}],"wp:attachment":[{"href":"https:\/\/roveyayinevi.com.tr\/index.php\/wp-json\/wp\/v2\/media?parent=735222"}],"wp:term":[{"taxonomy":"product_brand","embeddable":true,"href":"https:\/\/roveyayinevi.com.tr\/index.php\/wp-json\/wp\/v2\/product_brand?post=735222"},{"taxonomy":"product_cat","embeddable":true,"href":"https:\/\/roveyayinevi.com.tr\/index.php\/wp-json\/wp\/v2\/product_cat?post=735222"},{"taxonomy":"product_tag","embeddable":true,"href":"https:\/\/roveyayinevi.com.tr\/index.php\/wp-json\/wp\/v2\/product_tag?post=735222"}],"curies":[{"name":"wp","href":"https:\/\/api.w.org\/{rel}","templated":true}]}}