{"id":735221,"date":"2025-08-27T22:43:30","date_gmt":"2025-08-27T19:43:30","guid":{"rendered":"https:\/\/roveyayinevi.com.tr\/index.php\/urun\/emre-buyuyor-kahramanlar-uykuyu-sever\/"},"modified":"2026-04-16T02:43:03","modified_gmt":"2026-04-15T23:43:03","slug":"emre-buyuyor-kahramanlar-uykuyu-sever","status":"publish","type":"product","link":"https:\/\/roveyayinevi.com.tr\/index.php\/urun\/emre-buyuyor-kahramanlar-uykuyu-sever\/","title":{"rendered":"Emre B\u00fcy\u00fcyor &#8211; Kahramanlar Uykuyu Sever"},"content":{"rendered":"<p>Ak\u015fam Yatmaz, Sabah Kalkmaz! Emre, oyun oynamay\u0131 \u00e7ok seviyor. Ama bazen uykusunu alam\u0131yor. Do\u011frusu oyun y\u00fcz\u00fcnden ge\u00e7 yat\u0131yor\u2026 Bir g\u00fcn, G\u00fcn Perisi onu uyand\u0131r\u0131yor. Peki Emre ne yap\u0131yor?   \u00d6z bak\u0131m becerilerini destekleyen bu g\u00fczel hik\u00e2ye ile \u00e7ocu\u011funuz, uyku al\u0131\u015fkanl\u0131\u011f\u0131 kazanacak!   \u201cVakitlice yat\u0131p vakitlice kalkman\u0131n\u201d neden \u00f6nemli oldu\u011funu fark ettiren bu kitap sayesinde \u00e7ocu\u011funuzla keyifli zaman ge\u00e7ireceksiniz.<\/p>\n","protected":false},"excerpt":{"rendered":"<p>Ak\u015fam Yatmaz, Sabah Kalkmaz! Emre, oyun oynamay\u0131 \u00e7ok seviyor. Ama bazen uykusunu alam\u0131yor. Do\u011frusu oyun y\u00fcz\u00fcnden ge\u00e7 yat\u0131yor\u2026 Bir g\u00fcn, G\u00fcn Perisi onu uyand\u0131r\u0131yor. Peki Emre<span class=\"excerpt-hellip\"> [\u2026]<\/span><\/p>\n","protected":false},"featured_media":0,"template":"","meta":{"_monsterinsights_skip_tracking":false,"_monsterinsights_sitenote_active":false,"_monsterinsights_sitenote_note":"","_monsterinsights_sitenote_category":0},"product_brand":[],"product_cat":[12274,12518],"product_tag":[],"class_list":{"0":"post-735221","1":"product","2":"type-product","3":"status-publish","5":"product_cat-cocuk-ve-genclik-kitaplari","6":"product_cat-okul-oncesi-kitaplar","7":"pa_cilt-ciltsiz","8":"pa_tur-kitap","9":"pa_yayinevi-bambu-kitap","10":"pa_yazar-wikan-satriati","12":"first","13":"instock","14":"sale","15":"shipping-taxable","16":"purchasable","17":"product-type-simple"},"_links":{"self":[{"href":"https:\/\/roveyayinevi.com.tr\/index.php\/wp-json\/wp\/v2\/product\/735221","targetHints":{"allow":["GET"]}}],"collection":[{"href":"https:\/\/roveyayinevi.com.tr\/index.php\/wp-json\/wp\/v2\/product"}],"about":[{"href":"https:\/\/roveyayinevi.com.tr\/index.php\/wp-json\/wp\/v2\/types\/product"}],"wp:attachment":[{"href":"https:\/\/roveyayinevi.com.tr\/index.php\/wp-json\/wp\/v2\/media?parent=735221"}],"wp:term":[{"taxonomy":"product_brand","embeddable":true,"href":"https:\/\/roveyayinevi.com.tr\/index.php\/wp-json\/wp\/v2\/product_brand?post=735221"},{"taxonomy":"product_cat","embeddable":true,"href":"https:\/\/roveyayinevi.com.tr\/index.php\/wp-json\/wp\/v2\/product_cat?post=735221"},{"taxonomy":"product_tag","embeddable":true,"href":"https:\/\/roveyayinevi.com.tr\/index.php\/wp-json\/wp\/v2\/product_tag?post=735221"}],"curies":[{"name":"wp","href":"https:\/\/api.w.org\/{rel}","templated":true}]}}