{"id":735220,"date":"2025-08-27T22:43:29","date_gmt":"2025-08-27T19:43:29","guid":{"rendered":"https:\/\/roveyayinevi.com.tr\/index.php\/urun\/emre-buyuyor-esya-saklambaci\/"},"modified":"2026-04-16T02:43:03","modified_gmt":"2026-04-15T23:43:03","slug":"emre-buyuyor-esya-saklambaci","status":"publish","type":"product","link":"https:\/\/roveyayinevi.com.tr\/index.php\/urun\/emre-buyuyor-esya-saklambaci\/","title":{"rendered":"Emre B\u00fcy\u00fcyor &#8211; E\u015fya Saklambac\u0131"},"content":{"rendered":"<p>Derle Topla D\u00fczenle, Her \u015eey Yerli Yerinde! Emre, oyuncaklar\u0131yla oynamay\u0131 \u00e7ok seviyor. Ama bazen etraf\u0131 \u00e7ok da\u011f\u0131t\u0131yor. Do\u011frusu e\u015fyalar\u0131n\u0131 hi\u00e7 toplam\u0131yor\u2026 Bir g\u00fcn, annesi i\u015fteyken arad\u0131\u011f\u0131n\u0131 bulam\u0131yor. Peki, Emre ne yap\u0131yor?   \u00d6z bak\u0131m becerilerini destekleyen bu g\u00fczel hik\u00e2ye ile \u00e7ocu\u011funuz,g\u00fcnl\u00fck ya\u015fam becerileri kazanacak!   Ayn\u0131 zamanda sosyal duygusal geli\u015fim alan\u0131n\u0131 destekleyenbu kitap sayesinde \u00e7ocu\u011funuzla keyifli zaman ge\u00e7ireceksiniz.<\/p>\n","protected":false},"excerpt":{"rendered":"<p>Derle Topla D\u00fczenle, Her \u015eey Yerli Yerinde! Emre, oyuncaklar\u0131yla oynamay\u0131 \u00e7ok seviyor. Ama bazen etraf\u0131 \u00e7ok da\u011f\u0131t\u0131yor. Do\u011frusu e\u015fyalar\u0131n\u0131 hi\u00e7 toplam\u0131yor\u2026 Bir g\u00fcn, annesi i\u015fteyken arad\u0131\u011f\u0131n\u0131<span class=\"excerpt-hellip\"> [\u2026]<\/span><\/p>\n","protected":false},"featured_media":0,"template":"","meta":{"_monsterinsights_skip_tracking":false,"_monsterinsights_sitenote_active":false,"_monsterinsights_sitenote_note":"","_monsterinsights_sitenote_category":0},"product_brand":[],"product_cat":[12274,12518],"product_tag":[],"class_list":{"0":"post-735220","1":"product","2":"type-product","3":"status-publish","5":"product_cat-cocuk-ve-genclik-kitaplari","6":"product_cat-okul-oncesi-kitaplar","7":"pa_cilt-ciltsiz","8":"pa_tur-kitap","9":"pa_yayinevi-bambu-kitap","10":"pa_yazar-wikan-satriati","12":"first","13":"instock","14":"sale","15":"shipping-taxable","16":"purchasable","17":"product-type-simple"},"_links":{"self":[{"href":"https:\/\/roveyayinevi.com.tr\/index.php\/wp-json\/wp\/v2\/product\/735220","targetHints":{"allow":["GET"]}}],"collection":[{"href":"https:\/\/roveyayinevi.com.tr\/index.php\/wp-json\/wp\/v2\/product"}],"about":[{"href":"https:\/\/roveyayinevi.com.tr\/index.php\/wp-json\/wp\/v2\/types\/product"}],"wp:attachment":[{"href":"https:\/\/roveyayinevi.com.tr\/index.php\/wp-json\/wp\/v2\/media?parent=735220"}],"wp:term":[{"taxonomy":"product_brand","embeddable":true,"href":"https:\/\/roveyayinevi.com.tr\/index.php\/wp-json\/wp\/v2\/product_brand?post=735220"},{"taxonomy":"product_cat","embeddable":true,"href":"https:\/\/roveyayinevi.com.tr\/index.php\/wp-json\/wp\/v2\/product_cat?post=735220"},{"taxonomy":"product_tag","embeddable":true,"href":"https:\/\/roveyayinevi.com.tr\/index.php\/wp-json\/wp\/v2\/product_tag?post=735220"}],"curies":[{"name":"wp","href":"https:\/\/api.w.org\/{rel}","templated":true}]}}