{"id":735219,"date":"2025-08-27T22:43:28","date_gmt":"2025-08-27T19:43:28","guid":{"rendered":"https:\/\/roveyayinevi.com.tr\/index.php\/urun\/emre-buyuyor-dis-bakim-gunu\/"},"modified":"2026-04-16T02:43:03","modified_gmt":"2026-04-15T23:43:03","slug":"emre-buyuyor-dis-bakim-gunu","status":"publish","type":"product","link":"https:\/\/roveyayinevi.com.tr\/index.php\/urun\/emre-buyuyor-dis-bakim-gunu\/","title":{"rendered":"Emre B\u00fcy\u00fcyor &#8211; Di\u015f Bak\u0131m G\u00fcn\u00fc"},"content":{"rendered":"<p>Bir Yukar\u0131 Bir A\u015fa\u011f\u0131, F\u0131r\u00e7ala Di\u015fleri!   Emre, di\u015flerini f\u0131r\u00e7alamas\u0131 gerekti\u011fini biliyor. Ama bazen unutuyor. Do\u011frusu \u00fc\u015fendi\u011fi de oluyor&#8230; Bir g\u00fcn, di\u015fi a\u011fr\u0131maya ba\u015fl\u0131yor. Peki, Emre ne yap\u0131yor?   \u00d6z bak\u0131m becerilerini destekleyen bu g\u00fczel hik\u00e2ye,di\u015f f\u0131r\u00e7alama ile ilgili t\u00fcm sorulara yan\u0131t veriyor: D\u00fczenli di\u015f f\u0131r\u00e7alamak neden \u00f6nemlidir? Di\u015fler do\u011fru bir \u015fekilde nas\u0131l f\u0131r\u00e7alan\u0131r? G\u00fcnde ka\u00e7 defa di\u015f f\u0131r\u00e7alanmal\u0131d\u0131r?<\/p>\n","protected":false},"excerpt":{"rendered":"<p>Bir Yukar\u0131 Bir A\u015fa\u011f\u0131, F\u0131r\u00e7ala Di\u015fleri! Emre, di\u015flerini f\u0131r\u00e7alamas\u0131 gerekti\u011fini biliyor. Ama bazen unutuyor. Do\u011frusu \u00fc\u015fendi\u011fi de oluyor&#8230; Bir g\u00fcn, di\u015fi a\u011fr\u0131maya ba\u015fl\u0131yor. Peki, Emre ne<span class=\"excerpt-hellip\"> [\u2026]<\/span><\/p>\n","protected":false},"featured_media":0,"template":"","meta":{"_monsterinsights_skip_tracking":false,"_monsterinsights_sitenote_active":false,"_monsterinsights_sitenote_note":"","_monsterinsights_sitenote_category":0},"product_brand":[],"product_cat":[12274,12518],"product_tag":[],"class_list":{"0":"post-735219","1":"product","2":"type-product","3":"status-publish","5":"product_cat-cocuk-ve-genclik-kitaplari","6":"product_cat-okul-oncesi-kitaplar","7":"pa_cilt-ciltsiz","8":"pa_tur-kitap","9":"pa_yayinevi-bambu-kitap","10":"pa_yazar-wikan-satriati","12":"first","13":"instock","14":"sale","15":"shipping-taxable","16":"purchasable","17":"product-type-simple"},"_links":{"self":[{"href":"https:\/\/roveyayinevi.com.tr\/index.php\/wp-json\/wp\/v2\/product\/735219","targetHints":{"allow":["GET"]}}],"collection":[{"href":"https:\/\/roveyayinevi.com.tr\/index.php\/wp-json\/wp\/v2\/product"}],"about":[{"href":"https:\/\/roveyayinevi.com.tr\/index.php\/wp-json\/wp\/v2\/types\/product"}],"wp:attachment":[{"href":"https:\/\/roveyayinevi.com.tr\/index.php\/wp-json\/wp\/v2\/media?parent=735219"}],"wp:term":[{"taxonomy":"product_brand","embeddable":true,"href":"https:\/\/roveyayinevi.com.tr\/index.php\/wp-json\/wp\/v2\/product_brand?post=735219"},{"taxonomy":"product_cat","embeddable":true,"href":"https:\/\/roveyayinevi.com.tr\/index.php\/wp-json\/wp\/v2\/product_cat?post=735219"},{"taxonomy":"product_tag","embeddable":true,"href":"https:\/\/roveyayinevi.com.tr\/index.php\/wp-json\/wp\/v2\/product_tag?post=735219"}],"curies":[{"name":"wp","href":"https:\/\/api.w.org\/{rel}","templated":true}]}}