{"id":735218,"date":"2025-08-27T22:43:27","date_gmt":"2025-08-27T19:43:27","guid":{"rendered":"https:\/\/roveyayinevi.com.tr\/index.php\/urun\/abnin-kalbinden-bizsiz-onlar\/"},"modified":"2026-04-16T02:43:03","modified_gmt":"2026-04-15T23:43:03","slug":"abnin-kalbinden-bizsiz-onlar","status":"publish","type":"product","link":"https:\/\/roveyayinevi.com.tr\/index.php\/urun\/abnin-kalbinden-bizsiz-onlar\/","title":{"rendered":"AB&#8217;nin Kalbinden Biz(siz) Onlar"},"content":{"rendered":"<p>\u201cYurt d\u0131\u015f\u0131nda\u201d ya\u015famak isteyenlerin say\u0131s\u0131n\u0131n her ge\u00e7en g\u00fcn daha \u00e7ok artt\u0131\u011f\u0131 bu g\u00fcnlerde, uzunca bir s\u00fcre &#8220;yurt d\u0131\u015f\u0131nda&#8221; ya\u015fam\u0131\u015f biri olarak, Avrupa Birli\u011fi\u2019nin ba\u015fkenti Br\u00fcksel\u2019in sosyal ve siyasal renklerinden s\u00f6z etmek gerekiyordu diyor \u00c7imen Turun\u00e7 Baturalp.\u201cAB\u2019nin kalbinde Biz(siz) Onlar\u2019da, giderken kurdu\u011fu \u201cT\u00fcrkiye\u2019de huzur yok!\u201d c\u00fcmlesinin \u201cT\u00fcrkiye\u2019de huzuru sa\u011flamay\u0131 beceremiyoruz biz!\u201d c\u00fcmlesine evrili\u015f s\u00fcrecini bir gazeteci olarak radar\u0131na tak\u0131lan birbirinden \u00e7ok farkl\u0131 \u00f6rnek ve g\u00f6zlemlerle aktar\u0131yor\u2026<\/p>\n","protected":false},"excerpt":{"rendered":"<p>\u201cYurt d\u0131\u015f\u0131nda\u201d ya\u015famak isteyenlerin say\u0131s\u0131n\u0131n her ge\u00e7en g\u00fcn daha \u00e7ok artt\u0131\u011f\u0131 bu g\u00fcnlerde, uzunca bir s\u00fcre &#8220;yurt d\u0131\u015f\u0131nda&#8221; ya\u015fam\u0131\u015f biri olarak, Avrupa Birli\u011fi\u2019nin ba\u015fkenti Br\u00fcksel\u2019in sosyal<span class=\"excerpt-hellip\"> [\u2026]<\/span><\/p>\n","protected":false},"featured_media":0,"template":"","meta":{"_monsterinsights_skip_tracking":false,"_monsterinsights_sitenote_active":false,"_monsterinsights_sitenote_note":"","_monsterinsights_sitenote_category":0},"product_brand":[],"product_cat":[13590,12337],"product_tag":[],"class_list":{"0":"post-735218","1":"product","2":"type-product","3":"status-publish","5":"product_cat-arastirma-inceleme-politika-siyaset","6":"product_cat-politika-siyaset","7":"pa_cilt-ciltsiz","8":"pa_tur-kitap","9":"pa_yayinevi-cumhuriyet-kitaplari","10":"pa_yazar-cimen-turunc-baturalp","12":"first","13":"instock","14":"sale","15":"shipping-taxable","16":"purchasable","17":"product-type-simple"},"_links":{"self":[{"href":"https:\/\/roveyayinevi.com.tr\/index.php\/wp-json\/wp\/v2\/product\/735218","targetHints":{"allow":["GET"]}}],"collection":[{"href":"https:\/\/roveyayinevi.com.tr\/index.php\/wp-json\/wp\/v2\/product"}],"about":[{"href":"https:\/\/roveyayinevi.com.tr\/index.php\/wp-json\/wp\/v2\/types\/product"}],"wp:attachment":[{"href":"https:\/\/roveyayinevi.com.tr\/index.php\/wp-json\/wp\/v2\/media?parent=735218"}],"wp:term":[{"taxonomy":"product_brand","embeddable":true,"href":"https:\/\/roveyayinevi.com.tr\/index.php\/wp-json\/wp\/v2\/product_brand?post=735218"},{"taxonomy":"product_cat","embeddable":true,"href":"https:\/\/roveyayinevi.com.tr\/index.php\/wp-json\/wp\/v2\/product_cat?post=735218"},{"taxonomy":"product_tag","embeddable":true,"href":"https:\/\/roveyayinevi.com.tr\/index.php\/wp-json\/wp\/v2\/product_tag?post=735218"}],"curies":[{"name":"wp","href":"https:\/\/api.w.org\/{rel}","templated":true}]}}