{"id":735215,"date":"2025-08-27T22:43:24","date_gmt":"2025-08-27T19:43:24","guid":{"rendered":"https:\/\/roveyayinevi.com.tr\/index.php\/urun\/nasil-ve-neden-okumaliyiz\/"},"modified":"2026-04-16T02:43:03","modified_gmt":"2026-04-15T23:43:03","slug":"nasil-ve-neden-okumaliyiz","status":"publish","type":"product","link":"https:\/\/roveyayinevi.com.tr\/index.php\/urun\/nasil-ve-neden-okumaliyiz\/","title":{"rendered":"Nas\u0131l ve Neden Okumal\u0131y\u0131z"},"content":{"rendered":"<p>\u201cYaln\u0131zl\u0131\u011f\u0131n sa\u011flad\u0131\u011f\u0131 b\u00fcy\u00fck zevklerden biri de iyi okuyabilmektir. Bu da benim tecr\u00fcbeme g\u00f6re en sadra \u015fifa zevklerden biridir. Okuma sizi \u00f6teki k\u0131lar. Bunu i\u00e7inizde, arkada\u015flar\u0131n\u0131zda veya arkada\u015f\u0131n\u0131z olabileceklerde bu \u015fekilde yapabilir. Hayalden beslenen edebiyat \u00f6teki olmakt\u0131r ve b\u00f6ylece yaln\u0131zl\u0131\u011f\u0131 da y\u00fckseltir. Sadece yeterince insan tan\u0131yamayaca\u011f\u0131z diye de\u011fil, ayn\u0131 zamanda dostluklar\u0131n etkiye a\u00e7\u0131k olmas\u0131, azalmaya veya yok olmaya temay\u00fcl etmesi, zaman, mek\u00e2n ve kusurlu sempatilere yenilmesi ve ailevi veya tutkulu hayat\u0131n kederleriyle dolmas\u0131 ihtimalinden dolay\u0131 da okuruz.\u201d Harold Bloom, elli y\u0131l\u0131 a\u015fk\u0131n okuma tecr\u00fcbesi \u0131\u015f\u0131\u011f\u0131nda edebi metinleri okuman\u0131n i\u015flevlerini ve faydalar\u0131n\u0131, kitaplar\u0131n nas\u0131l okunmas\u0131 gerekti\u011fini sade bir dille anlat\u0131yor. Nas\u0131l ve Neden Okumal\u0131y\u0131z?, okuma eylemi \u00fczerine rehber bir kitap.<\/p>\n","protected":false},"excerpt":{"rendered":"<p>\u201cYaln\u0131zl\u0131\u011f\u0131n sa\u011flad\u0131\u011f\u0131 b\u00fcy\u00fck zevklerden biri de iyi okuyabilmektir. Bu da benim tecr\u00fcbeme g\u00f6re en sadra \u015fifa zevklerden biridir. Okuma sizi \u00f6teki k\u0131lar. Bunu i\u00e7inizde, arkada\u015flar\u0131n\u0131zda veya<span class=\"excerpt-hellip\"> [\u2026]<\/span><\/p>\n","protected":false},"featured_media":0,"template":"","meta":{"_monsterinsights_skip_tracking":false,"_monsterinsights_sitenote_active":false,"_monsterinsights_sitenote_note":"","_monsterinsights_sitenote_category":0},"product_brand":[],"product_cat":[13072,12291],"product_tag":[],"class_list":{"0":"post-735215","1":"product","2":"type-product","3":"status-publish","5":"product_cat-arastirma-inceleme-referans","6":"product_cat-edebiyat","7":"pa_cilt-ciltsiz","8":"pa_tur-kitap","9":"pa_yayinevi-ketebe-yayinlari","10":"pa_yazar-harold-bloom","12":"first","13":"instock","14":"sale","15":"shipping-taxable","16":"purchasable","17":"product-type-simple"},"_links":{"self":[{"href":"https:\/\/roveyayinevi.com.tr\/index.php\/wp-json\/wp\/v2\/product\/735215","targetHints":{"allow":["GET"]}}],"collection":[{"href":"https:\/\/roveyayinevi.com.tr\/index.php\/wp-json\/wp\/v2\/product"}],"about":[{"href":"https:\/\/roveyayinevi.com.tr\/index.php\/wp-json\/wp\/v2\/types\/product"}],"wp:attachment":[{"href":"https:\/\/roveyayinevi.com.tr\/index.php\/wp-json\/wp\/v2\/media?parent=735215"}],"wp:term":[{"taxonomy":"product_brand","embeddable":true,"href":"https:\/\/roveyayinevi.com.tr\/index.php\/wp-json\/wp\/v2\/product_brand?post=735215"},{"taxonomy":"product_cat","embeddable":true,"href":"https:\/\/roveyayinevi.com.tr\/index.php\/wp-json\/wp\/v2\/product_cat?post=735215"},{"taxonomy":"product_tag","embeddable":true,"href":"https:\/\/roveyayinevi.com.tr\/index.php\/wp-json\/wp\/v2\/product_tag?post=735215"}],"curies":[{"name":"wp","href":"https:\/\/api.w.org\/{rel}","templated":true}]}}