{"id":735214,"date":"2025-08-27T22:43:23","date_gmt":"2025-08-27T19:43:23","guid":{"rendered":"https:\/\/roveyayinevi.com.tr\/index.php\/urun\/mehmeti-sakatlayan-serce-parmagi\/"},"modified":"2026-04-16T02:43:03","modified_gmt":"2026-04-15T23:43:03","slug":"mehmeti-sakatlayan-serce-parmagi","status":"publish","type":"product","link":"https:\/\/roveyayinevi.com.tr\/index.php\/urun\/mehmeti-sakatlayan-serce-parmagi\/","title":{"rendered":"Mehmet\u2019i Sakatlayan Ser\u00e7e Parma\u011f\u0131"},"content":{"rendered":"<p>T\u00fcm yollar\u0131 d\u00fc\u011f\u00fcmlemeye niyet edenlerden Mehmet; hayat da ald\u0131rm\u0131yor, g\u00f6zlerini kama\u015ft\u0131r\u0131yor durmadan. Babas\u0131ndan kalan birka\u00e7 sat\u0131rla ne kadar dayanabilirse o kadar y\u00fcr\u00fcyor yollar\u0131; Kumkap\u0131\u2019y\u0131, Samatya\u2019y\u0131, Pa\u015fa\u2019y\u0131. Ge\u00e7mi\u015fin, alt\u0131 harfli bir s\u00f6zc\u00fck olmad\u0131\u011f\u0131n\u0131, \u015fu an\u0131na rengini veren kelime oldu\u011funu fark ederek, elini tutmak isteyen elleri naif\u00e7e iterek, dahas\u0131 kendini ba\u015fka eller taraf\u0131ndan cezaland\u0131rarak Lena\u2019n\u0131n, ya\u015fl\u0131 teyzesinin yan\u0131na var\u0131yor her ak\u015fam. \u015eehrin, \u0131ss\u0131zl\u0131\u011f\u0131n ve kalabal\u0131\u011f\u0131n, merhametin ve azab\u0131n kap\u0131lar\u0131na do\u011fru ilerlerken buluyor kendini \u00c7i\u011fdem; hat\u0131rlad\u0131k\u00e7a g\u00fc\u00e7 buldu\u011fu insanlar\u0131n g\u00f6lgelerinden, seslerinden, s\u00f6zlerinden ge\u00e7erek. G\u00fcray S\u00fcng\u00fc, Mehmet\u2019i Sakatlayan Ser\u00e7e Parma\u011f\u0131\u2019nda; g\u00fcnlerin birbirine, ge\u00e7mi\u015fin \u015fimdiye, hikayenin ger\u00e7e\u011fe dola\u015ft\u0131\u011f\u0131 d\u00fc\u011f\u00fcm\u00fc; Mehmet\u2019in g\u00f6z g\u00f6ze geldi\u011fi kar tanesiyle, \u00c7i\u011fdem\u2019in att\u0131\u011f\u0131 ad\u0131mlarla, Faruk\u2019un \u015fiirleriyle bir bir ayd\u0131nlat\u0131yor. Ayd\u0131nland\u0131k\u00e7a fark ediyoruz biz de: ya\u011fmurun a\u00e7t\u0131\u011f\u0131 yaralar\u0131n kapanmad\u0131\u011f\u0131n\u0131, \u00e7ocuklarda.<\/p>\n","protected":false},"excerpt":{"rendered":"<p>T\u00fcm yollar\u0131 d\u00fc\u011f\u00fcmlemeye niyet edenlerden Mehmet; hayat da ald\u0131rm\u0131yor, g\u00f6zlerini kama\u015ft\u0131r\u0131yor durmadan. Babas\u0131ndan kalan birka\u00e7 sat\u0131rla ne kadar dayanabilirse o kadar y\u00fcr\u00fcyor yollar\u0131; Kumkap\u0131\u2019y\u0131, Samatya\u2019y\u0131, Pa\u015fa\u2019y\u0131.<span class=\"excerpt-hellip\"> [\u2026]<\/span><\/p>\n","protected":false},"featured_media":0,"template":"","meta":{"_monsterinsights_skip_tracking":false,"_monsterinsights_sitenote_active":false,"_monsterinsights_sitenote_note":"","_monsterinsights_sitenote_category":0},"product_brand":[],"product_cat":[12291,12711],"product_tag":[],"class_list":{"0":"post-735214","1":"product","2":"type-product","3":"status-publish","5":"product_cat-edebiyat","6":"product_cat-roman-oyku","7":"pa_cilt-ciltsiz","8":"pa_tur-kitap","9":"pa_yayinevi-ketebe-yayinlari","10":"pa_yazar-guray-sungu","12":"first","13":"instock","14":"sale","15":"shipping-taxable","16":"purchasable","17":"product-type-simple"},"_links":{"self":[{"href":"https:\/\/roveyayinevi.com.tr\/index.php\/wp-json\/wp\/v2\/product\/735214","targetHints":{"allow":["GET"]}}],"collection":[{"href":"https:\/\/roveyayinevi.com.tr\/index.php\/wp-json\/wp\/v2\/product"}],"about":[{"href":"https:\/\/roveyayinevi.com.tr\/index.php\/wp-json\/wp\/v2\/types\/product"}],"wp:attachment":[{"href":"https:\/\/roveyayinevi.com.tr\/index.php\/wp-json\/wp\/v2\/media?parent=735214"}],"wp:term":[{"taxonomy":"product_brand","embeddable":true,"href":"https:\/\/roveyayinevi.com.tr\/index.php\/wp-json\/wp\/v2\/product_brand?post=735214"},{"taxonomy":"product_cat","embeddable":true,"href":"https:\/\/roveyayinevi.com.tr\/index.php\/wp-json\/wp\/v2\/product_cat?post=735214"},{"taxonomy":"product_tag","embeddable":true,"href":"https:\/\/roveyayinevi.com.tr\/index.php\/wp-json\/wp\/v2\/product_tag?post=735214"}],"curies":[{"name":"wp","href":"https:\/\/api.w.org\/{rel}","templated":true}]}}