{"id":735213,"date":"2025-08-27T22:43:21","date_gmt":"2025-08-27T19:43:21","guid":{"rendered":"https:\/\/roveyayinevi.com.tr\/index.php\/urun\/kassandra-damgasi\/"},"modified":"2026-04-16T02:43:03","modified_gmt":"2026-04-15T23:43:03","slug":"kassandra-damgasi","status":"publish","type":"product","link":"https:\/\/roveyayinevi.com.tr\/index.php\/urun\/kassandra-damgasi\/","title":{"rendered":"Kassandra Damgas\u0131"},"content":{"rendered":"<p>K\u00f6t\u00fcl\u00fck; bir ad\u0131mda, kolayca a\u015fabilece\u011fimiz bir e\u015fik midir? Yoksa do\u011fu\u015ftan gelen bir haslet, ki\u015fiyi tutsak eden bir miras m\u0131d\u0131r? Peki insanl\u0131k olarak h\u0131zla s\u00fcr\u00fcklendi\u011fimiz y\u0131k\u0131m\u0131n \u00f6n\u00fcne ge\u00e7mek m\u00fcmk\u00fcn m\u00fc? K\u00f6t\u00fcl\u00fc\u011f\u00fcn alametlerinin izini s\u00fcren bir Rus bilim insan\u0131, y\u00f6r\u00fcngedeki uzay istasyonunda yapt\u0131\u011f\u0131 ke\u015fifle d\u00fcnyay\u0131 de\u011fi\u015ftirece\u011fini umar. Kendisine Kozmik Ke\u015fi\u015f Filofey ad\u0131n\u0131 veren Andrey Kr\u0131ltsov; uzayda k\u00f6t\u00fcl\u00fc\u011f\u00fcn genetik kodlar\u0131n\u0131 \u00e7\u00f6zerken, yery\u00fcz\u00fcnde ise \u00fcnl\u00fc f\u00fct\u00fcrolog Robert Bork\u2019un trajik kaderine istemeden de olsa y\u00f6n verecektir. Her biri kendi ka\u00e7\u0131n\u0131lmaz k\u0131yametine s\u00fcr\u00fcklenen milyonlarca insan\u0131n neden oldu\u011fu trajedilere sahne olan; iyili\u011fin k\u00f6t\u00fcl\u00fc\u011fe ma\u011flup edildi\u011fi, umudun g\u00fcnden g\u00fcne azald\u0131\u011f\u0131 bir d\u00fcnyada Filofey\u2019in ke\u015ffi bizleri kurtarmaya yetecek mi? Yoksa insanl\u0131k, kendi k\u00f6t\u00fcl\u00fc\u011f\u00fc ile y\u00fczle\u015fme f\u0131rsat\u0131n\u0131 bencilce harcayacak m\u0131? B\u00fcy\u00fck K\u0131rg\u0131z yazar Cengiz Aytmatov, bilimkurgu unsurlar\u0131n\u0131 ustaca kulland\u0131\u011f\u0131 roman\u0131 Kassandra Damgas\u0131\u2019nda insanl\u0131\u011f\u0131n ak\u0131beti ve k\u00f6t\u00fcl\u00fc\u011f\u00fcn do\u011fas\u0131 \u00fczerine cevaplamas\u0131 g\u00fc\u00e7 sorular sorarken; h\u0131rslar\u0131, tutkular\u0131, zaaflar\u0131 ve erdemleriyle insan\u0131, yani bizleri anlat\u0131yor.<\/p>\n","protected":false},"excerpt":{"rendered":"<p>K\u00f6t\u00fcl\u00fck; bir ad\u0131mda, kolayca a\u015fabilece\u011fimiz bir e\u015fik midir? Yoksa do\u011fu\u015ftan gelen bir haslet, ki\u015fiyi tutsak eden bir miras m\u0131d\u0131r? Peki insanl\u0131k olarak h\u0131zla s\u00fcr\u00fcklendi\u011fimiz y\u0131k\u0131m\u0131n \u00f6n\u00fcne<span class=\"excerpt-hellip\"> [\u2026]<\/span><\/p>\n","protected":false},"featured_media":0,"template":"","meta":{"_monsterinsights_skip_tracking":false,"_monsterinsights_sitenote_active":false,"_monsterinsights_sitenote_note":"","_monsterinsights_sitenote_category":0},"product_brand":[],"product_cat":[12291,12711],"product_tag":[],"class_list":{"0":"post-735213","1":"product","2":"type-product","3":"status-publish","5":"product_cat-edebiyat","6":"product_cat-roman-oyku","7":"pa_cilt-ciltsiz","8":"pa_tur-kitap","9":"pa_yayinevi-ketebe-yayinlari","10":"pa_yazar-ketebe-kolektif","12":"first","13":"instock","14":"sale","15":"shipping-taxable","16":"purchasable","17":"product-type-simple"},"_links":{"self":[{"href":"https:\/\/roveyayinevi.com.tr\/index.php\/wp-json\/wp\/v2\/product\/735213","targetHints":{"allow":["GET"]}}],"collection":[{"href":"https:\/\/roveyayinevi.com.tr\/index.php\/wp-json\/wp\/v2\/product"}],"about":[{"href":"https:\/\/roveyayinevi.com.tr\/index.php\/wp-json\/wp\/v2\/types\/product"}],"wp:attachment":[{"href":"https:\/\/roveyayinevi.com.tr\/index.php\/wp-json\/wp\/v2\/media?parent=735213"}],"wp:term":[{"taxonomy":"product_brand","embeddable":true,"href":"https:\/\/roveyayinevi.com.tr\/index.php\/wp-json\/wp\/v2\/product_brand?post=735213"},{"taxonomy":"product_cat","embeddable":true,"href":"https:\/\/roveyayinevi.com.tr\/index.php\/wp-json\/wp\/v2\/product_cat?post=735213"},{"taxonomy":"product_tag","embeddable":true,"href":"https:\/\/roveyayinevi.com.tr\/index.php\/wp-json\/wp\/v2\/product_tag?post=735213"}],"curies":[{"name":"wp","href":"https:\/\/api.w.org\/{rel}","templated":true}]}}