{"id":735211,"date":"2025-08-27T22:43:20","date_gmt":"2025-08-27T19:43:20","guid":{"rendered":"https:\/\/roveyayinevi.com.tr\/index.php\/urun\/felsefenin-kisa-tarihi-2\/"},"modified":"2026-04-16T02:43:03","modified_gmt":"2026-04-15T23:43:03","slug":"felsefenin-kisa-tarihi-2","status":"publish","type":"product","link":"https:\/\/roveyayinevi.com.tr\/index.php\/urun\/felsefenin-kisa-tarihi-2\/","title":{"rendered":"Felsefenin K\u0131sa Tarihi"},"content":{"rendered":"<p>D\u00fcnyan\u0131n b\u00fcy\u00fck filozoflar\u0131 her zaman insan do\u011fas\u0131 ve i\u00e7inde ya\u015fad\u0131\u011f\u0131m\u0131z d\u00fcnyaya ili\u015fkin hayati sorularla bo\u011fu\u015fmu\u015ftur: Nas\u0131l bir ya\u015fam s\u00fcrd\u00fcrmeliyiz? Bilgi nedir? Toplum nas\u0131l \u00f6rg\u00fctlenmeli? Y\u00fczy\u0131llar boyunca, filozoflar bu sorulara bir dizi \u00e7etin yan\u0131tlarla yakla\u015ft\u0131lar. Felsefenin K\u0131sa Tarihi, sizleri Platon\u2019dan Jean-Paul Sartre\u2019a bat\u0131 felsefesinde e\u011flenceli ve bilgilendirici bir yolculu\u011fa \u00e7\u0131kar\u0131yor. Metafizi\u011fin k\u00f6kenlerini, idealizmin de\u011ferlerini veya varolu\u015f\u00e7uluk taraf\u0131ndan ortaya at\u0131lan sorular\u0131 tart\u0131\u015f\u0131rken, Peter Gibson bu b\u00fcy\u00fck d\u00fc\u015f\u00fcn\u00fcrlerin fikirlerine canl\u0131l\u0131k kazand\u0131r\u0131yor ve ak\u0131l y\u00fcr\u00fctmelerini basit, anla\u015f\u0131lmas\u0131 kolay bir dille a\u00e7\u0131kl\u0131yor. Bu heyecan dolu, eri\u015filebilir rehber, felsefeyle ilgilenen herkes i\u00e7in m\u00fckemmel bir ba\u015flang\u0131\u00e7 niteli\u011finde.<\/p>\n","protected":false},"excerpt":{"rendered":"<p>D\u00fcnyan\u0131n b\u00fcy\u00fck filozoflar\u0131 her zaman insan do\u011fas\u0131 ve i\u00e7inde ya\u015fad\u0131\u011f\u0131m\u0131z d\u00fcnyaya ili\u015fkin hayati sorularla bo\u011fu\u015fmu\u015ftur: Nas\u0131l bir ya\u015fam s\u00fcrd\u00fcrmeliyiz? Bilgi nedir? Toplum nas\u0131l \u00f6rg\u00fctlenmeli? Y\u00fczy\u0131llar boyunca,<span class=\"excerpt-hellip\"> [\u2026]<\/span><\/p>\n","protected":false},"featured_media":0,"template":"","meta":{"_monsterinsights_skip_tracking":false,"_monsterinsights_sitenote_active":false,"_monsterinsights_sitenote_note":"","_monsterinsights_sitenote_category":0},"product_brand":[],"product_cat":[12388,14717],"product_tag":[],"class_list":{"0":"post-735211","1":"product","2":"type-product","3":"status-publish","5":"product_cat-felsefe","6":"product_cat-felsefe-tarihi","7":"pa_cilt-ciltsiz","8":"pa_tur-kitap","9":"pa_yayinevi-ketebe-yayinlari","10":"pa_yazar-peter-gibson","12":"first","13":"instock","14":"sale","15":"shipping-taxable","16":"purchasable","17":"product-type-simple"},"_links":{"self":[{"href":"https:\/\/roveyayinevi.com.tr\/index.php\/wp-json\/wp\/v2\/product\/735211","targetHints":{"allow":["GET"]}}],"collection":[{"href":"https:\/\/roveyayinevi.com.tr\/index.php\/wp-json\/wp\/v2\/product"}],"about":[{"href":"https:\/\/roveyayinevi.com.tr\/index.php\/wp-json\/wp\/v2\/types\/product"}],"wp:attachment":[{"href":"https:\/\/roveyayinevi.com.tr\/index.php\/wp-json\/wp\/v2\/media?parent=735211"}],"wp:term":[{"taxonomy":"product_brand","embeddable":true,"href":"https:\/\/roveyayinevi.com.tr\/index.php\/wp-json\/wp\/v2\/product_brand?post=735211"},{"taxonomy":"product_cat","embeddable":true,"href":"https:\/\/roveyayinevi.com.tr\/index.php\/wp-json\/wp\/v2\/product_cat?post=735211"},{"taxonomy":"product_tag","embeddable":true,"href":"https:\/\/roveyayinevi.com.tr\/index.php\/wp-json\/wp\/v2\/product_tag?post=735211"}],"curies":[{"name":"wp","href":"https:\/\/api.w.org\/{rel}","templated":true}]}}