{"id":735210,"date":"2025-08-27T22:43:19","date_gmt":"2025-08-27T19:43:19","guid":{"rendered":"https:\/\/roveyayinevi.com.tr\/index.php\/urun\/dusuncenin-cografyasi\/"},"modified":"2026-04-16T02:43:03","modified_gmt":"2026-04-15T23:43:03","slug":"dusuncenin-cografyasi","status":"publish","type":"product","link":"https:\/\/roveyayinevi.com.tr\/index.php\/urun\/dusuncenin-cografyasi\/","title":{"rendered":"D\u00fc\u015f\u00fcncenin Co\u011frafyas\u0131"},"content":{"rendered":"<p>20. y\u00fczy\u0131lda T\u00fcrk sosyal d\u00fc\u015f\u00fcnce tarihine kafa yoran tarih\u00e7i, edebiyat\u00e7\u0131, felsefeci ve sosyologlar eksik olmad\u0131. Fuat K\u00f6pr\u00fcl\u00fc ve Ahmet Hamdi Tanp\u0131nar, Hilmi Ziya \u00dclken ve \u015eerif Mardin bu isimlerden baz\u0131lar\u0131. Kurtulu\u015f Kayal\u0131 da bu silsile i\u00e7inde, Cumhuriyet d\u00f6nemine odaklanan zirvelerden birini te\u015fkil ediyor.Kayal\u0131\u2019n\u0131n d\u00fc\u015f\u00fcnceye b\u00fct\u00fcnc\u00fcl bir bak\u0131\u015f\u0131 var. D\u00fc\u015f\u00fcnceyi sosyalizm, liberalizm, milliyet\u00e7ilik ya da \u0130slamc\u0131l\u0131k gibi bir ideolojiye hapsetmiyor. Onun i\u00e7in d\u00fc\u015f\u00fcnce sadece akademi de\u011fil, akademi d\u0131\u015f\u0131 da demek. Sadece tarih ve sosyoloji ya da bilim de\u011fil, edebiyat ve sinema, sanat da demek. Kayal\u0131 d\u00fc\u015f\u00fcncenin sosyal tarihini yaz\u0131yor. Ona g\u00f6re d\u00fc\u015f\u00fcnce tarihi toplumsal \u015fartlardan etkilenmeden, d\u00e2hiler eliyle \u00fcretilip kendi i\u00e7inde birikerek ilerleyen soyut bir s\u00fcre\u00e7 de\u011fil. K\u00fclt\u00fcrel, iktisadi, siyasi, hatta toplumlararas\u0131 geli\u015fmelerle ili\u015fkilendirilmesi; tarihsel-toplumsal ba\u011flam\u0131na oturtularak incelenmesi gereken somut bir \u015fey. Kayal\u0131\u2019ya g\u00f6re d\u00fc\u015f\u00fcnce bir ortam\u0131n \u00fcr\u00fcn\u00fc. O ortamda sadece b\u00fcy\u00fck isimler yok, ad\u0131 san\u0131 unutulmu\u015f entelekt\u00fceller, dergilerde kalm\u0131\u015f tart\u0131\u015fmalar, yay\u0131nc\u0131n\u0131n reddetti\u011fi kitaplar, de\u011fi\u015fen vurgular da var. Entelekt\u00fcellerin ili\u015fkileri, gazete, dergi, yay\u0131nevi \u00e7evreleri, \u00fcniversite ve dernekler, okullar\/ekoller de var.<\/p>\n","protected":false},"excerpt":{"rendered":"<p>20. y\u00fczy\u0131lda T\u00fcrk sosyal d\u00fc\u015f\u00fcnce tarihine kafa yoran tarih\u00e7i, edebiyat\u00e7\u0131, felsefeci ve sosyologlar eksik olmad\u0131. Fuat K\u00f6pr\u00fcl\u00fc ve Ahmet Hamdi Tanp\u0131nar, Hilmi Ziya \u00dclken ve \u015eerif<span class=\"excerpt-hellip\"> [\u2026]<\/span><\/p>\n","protected":false},"featured_media":0,"template":"","meta":{"_monsterinsights_skip_tracking":false,"_monsterinsights_sitenote_active":false,"_monsterinsights_sitenote_note":"","_monsterinsights_sitenote_category":0},"product_brand":[],"product_cat":[14787,13488],"product_tag":[],"class_list":{"0":"post-735210","1":"product","2":"type-product","3":"status-publish","5":"product_cat-diger-toplum-ve-insan","6":"product_cat-toplum-ve-insan","7":"pa_cilt-ciltsiz","8":"pa_tur-kitap","9":"pa_yayinevi-ketebe-yayinlari","10":"pa_yazar-kurtulus-kayali","12":"first","13":"instock","14":"sale","15":"shipping-taxable","16":"purchasable","17":"product-type-simple"},"_links":{"self":[{"href":"https:\/\/roveyayinevi.com.tr\/index.php\/wp-json\/wp\/v2\/product\/735210","targetHints":{"allow":["GET"]}}],"collection":[{"href":"https:\/\/roveyayinevi.com.tr\/index.php\/wp-json\/wp\/v2\/product"}],"about":[{"href":"https:\/\/roveyayinevi.com.tr\/index.php\/wp-json\/wp\/v2\/types\/product"}],"wp:attachment":[{"href":"https:\/\/roveyayinevi.com.tr\/index.php\/wp-json\/wp\/v2\/media?parent=735210"}],"wp:term":[{"taxonomy":"product_brand","embeddable":true,"href":"https:\/\/roveyayinevi.com.tr\/index.php\/wp-json\/wp\/v2\/product_brand?post=735210"},{"taxonomy":"product_cat","embeddable":true,"href":"https:\/\/roveyayinevi.com.tr\/index.php\/wp-json\/wp\/v2\/product_cat?post=735210"},{"taxonomy":"product_tag","embeddable":true,"href":"https:\/\/roveyayinevi.com.tr\/index.php\/wp-json\/wp\/v2\/product_tag?post=735210"}],"curies":[{"name":"wp","href":"https:\/\/api.w.org\/{rel}","templated":true}]}}