{"id":735209,"date":"2025-08-27T22:43:18","date_gmt":"2025-08-27T19:43:18","guid":{"rendered":"https:\/\/roveyayinevi.com.tr\/index.php\/urun\/baden-badende-yaz\/"},"modified":"2026-04-16T02:43:03","modified_gmt":"2026-04-15T23:43:03","slug":"baden-badende-yaz","status":"publish","type":"product","link":"https:\/\/roveyayinevi.com.tr\/index.php\/urun\/baden-badende-yaz\/","title":{"rendered":"Baden-Baden&#8217;de Yaz"},"content":{"rendered":"<p>\u201cBu roman\u0131 ben hi\u00e7 ku\u015fku duymadan, y\u00fczy\u0131l\u0131n kurmaca ve kurmaca \u00f6tesi yaz\u0131n\u0131n\u0131n en g\u00fczel, se\u00e7kin ve orijinal kazan\u0131mlar\u0131 aras\u0131na dahil edebilirim.\u201d Susan Sontag Leonid Ts\u0131pkin Rus edebiyat\u0131n\u0131n de\u011feri bilinmemi\u015f klasik yazarlar\u0131ndan. Eserleri ger\u00e7ek anlam\u0131yla \u00fcnl\u00fc yazar ve filozof Susan Sontag\u2019\u0131n Baden-Baden\u2019de Yaz roman\u0131na yazd\u0131\u011f\u0131 \u201cDostoyevski\u2019yi Sevmek\u201d isimli \u00f6ns\u00f6z\u00fcnden sonra anla\u015f\u0131lm\u0131\u015ft\u0131r. Roman\u0131n b\u00fcy\u00fcleyici ritminde iki anlat\u0131m, iki seyahat bir araya gelmektedir. \u0130lkinde 1970\u2019lerde anlat\u0131c\u0131n\u0131n Moskova\u2019dan Leningrad\u2019a giderken Dostoyevski\u2019ye olan edeb\u00ee sevgisi i\u015flenirken; ikincisinde 1867 y\u0131l\u0131nda Fyodor ve Anna Dostoyevskilerin St. Petersburg\u2019dan Almanya\u2019ya do\u011fru yolculuklar\u0131 anlat\u0131l\u0131yor. Dresden, Baden-Baden, Basel, Frankfurt, Paris\u2026 Bu yolculuklar\u0131 esnas\u0131nda Dostoyevskileri hi\u00e7 beklemedi\u011fimiz h\u00e2llerde g\u00f6r\u00fcyoruz. Mali durumlar\u0131n\u0131n do\u011furdu\u011fu bo\u011fucu, a\u015fa\u011f\u0131lay\u0131c\u0131 karamsarl\u0131klar, beklenmedik ki\u015fisel kaprisler ve f\u0131rt\u0131nal\u0131 heyecanlar y\u00fcz\u00fcnden s\u00fcrekli asabi ruh h\u00e2li i\u00e7inde ya\u015fayacaklard\u0131r. Sonras\u0131nda kumar, ahlaki illetler, humma, k\u0131skan\u00e7l\u0131klar, pi\u015fmanl\u0131klar, korkular&#8230; Ve b\u00fct\u00fcn bunlar\u0131n kar\u015f\u0131s\u0131nda Anna\u2019n\u0131n Fedya\u2019s\u0131na kar\u015f\u0131 her \u015feyi affedici ama her zaman a\u011f\u0131rba\u015fl\u0131 sevgisi\u2026 <\/p>\n","protected":false},"excerpt":{"rendered":"<p>\u201cBu roman\u0131 ben hi\u00e7 ku\u015fku duymadan, y\u00fczy\u0131l\u0131n kurmaca ve kurmaca \u00f6tesi yaz\u0131n\u0131n\u0131n en g\u00fczel, se\u00e7kin ve orijinal kazan\u0131mlar\u0131 aras\u0131na dahil edebilirim.\u201d Susan Sontag Leonid Ts\u0131pkin Rus<span class=\"excerpt-hellip\"> [\u2026]<\/span><\/p>\n","protected":false},"featured_media":0,"template":"","meta":{"_monsterinsights_skip_tracking":false,"_monsterinsights_sitenote_active":false,"_monsterinsights_sitenote_note":"","_monsterinsights_sitenote_category":0},"product_brand":[],"product_cat":[12291,12711],"product_tag":[],"class_list":{"0":"post-735209","1":"product","2":"type-product","3":"status-publish","5":"product_cat-edebiyat","6":"product_cat-roman-oyku","7":"pa_cilt-ciltsiz","8":"pa_tur-kitap","9":"pa_yayinevi-ketebe-yayinlari","10":"pa_yazar-leonid-tsipkin","12":"first","13":"instock","14":"sale","15":"shipping-taxable","16":"purchasable","17":"product-type-simple"},"_links":{"self":[{"href":"https:\/\/roveyayinevi.com.tr\/index.php\/wp-json\/wp\/v2\/product\/735209","targetHints":{"allow":["GET"]}}],"collection":[{"href":"https:\/\/roveyayinevi.com.tr\/index.php\/wp-json\/wp\/v2\/product"}],"about":[{"href":"https:\/\/roveyayinevi.com.tr\/index.php\/wp-json\/wp\/v2\/types\/product"}],"wp:attachment":[{"href":"https:\/\/roveyayinevi.com.tr\/index.php\/wp-json\/wp\/v2\/media?parent=735209"}],"wp:term":[{"taxonomy":"product_brand","embeddable":true,"href":"https:\/\/roveyayinevi.com.tr\/index.php\/wp-json\/wp\/v2\/product_brand?post=735209"},{"taxonomy":"product_cat","embeddable":true,"href":"https:\/\/roveyayinevi.com.tr\/index.php\/wp-json\/wp\/v2\/product_cat?post=735209"},{"taxonomy":"product_tag","embeddable":true,"href":"https:\/\/roveyayinevi.com.tr\/index.php\/wp-json\/wp\/v2\/product_tag?post=735209"}],"curies":[{"name":"wp","href":"https:\/\/api.w.org\/{rel}","templated":true}]}}