{"id":735207,"date":"2025-08-27T22:43:16","date_gmt":"2025-08-27T19:43:16","guid":{"rendered":"https:\/\/roveyayinevi.com.tr\/index.php\/urun\/hala-zeki-oldugunu-dusunuyor-musun\/"},"modified":"2026-04-16T02:43:03","modified_gmt":"2026-04-15T23:43:03","slug":"hala-zeki-oldugunu-dusunuyor-musun","status":"publish","type":"product","link":"https:\/\/roveyayinevi.com.tr\/index.php\/urun\/hala-zeki-oldugunu-dusunuyor-musun\/","title":{"rendered":"Hala Zeki Oldu\u011funu D\u00fc\u015f\u00fcn\u00fcyor musun"},"content":{"rendered":"<p>\u00c7o\u011fumuz d\u00fc\u015f\u00fcnmeyi severiz. Bizi afallatan, merak\u0131m\u0131z\u0131 harekete ge\u00e7irip beyin k\u0131vr\u0131mlar\u0131m\u0131z\u0131n pas\u0131n\u0131 alan sorularla u\u011fra\u015fmaktan zevk al\u0131r\u0131z. Akla ayk\u0131r\u0131 g\u00f6r\u00fcnen, \u015fa\u015f\u0131rtmacal\u0131 sorular s\u00f6z konusu oldu\u011funda ise herhalde hi\u00e7 kimse Oxford ve Cambridge\u2019in dillere destan zorluktaki sorular\u0131n\u0131n eline su d\u00f6kemez. \u2022  Ay, lor peynirinden mi yap\u0131lm\u0131\u015ft\u0131r? \u2022  Bir termostat d\u00fc\u015f\u00fcnebilir mi? \u2022  Wittgenstein her zaman hakl\u0131 m\u0131d\u0131r? \u2022  Birini polise yakalanmadan nas\u0131l zehirlersin? \u2022  Bir yelkenli, r\u00fczg\u00e2rdan nas\u0131l daha h\u0131zl\u0131 gider? \u2022  Ovidius\u2019un k\u0131z tavlama y\u00f6ntemi i\u015fe yarar m\u0131? \u2022  VIII. Henry ile Stalin\u2019i nas\u0131l kar\u015f\u0131la\u015ft\u0131r\u0131rs\u0131n? Sat\u0131\u015f rekorlar\u0131 k\u0131ran \u201cZeki Oldu\u011funu D\u00fc\u015f\u00fcn\u00fcyor musun?\u201d kitab\u0131n\u0131n yazar\u0131 John Farndon, b\u00f6yle \u201calengirli\u201d sorular\u0131n a\u00e7t\u0131\u011f\u0131 yolda bizi yeni bir gezintiye davet ediyor. E\u011flenceli ve mizahi \u00fcslubuyla, kal\u0131plar\u0131n d\u0131\u015f\u0131na \u00e7\u0131karak d\u00fc\u015f\u00fcnmenin neden insanl\u0131\u011f\u0131n itici g\u00fcc\u00fc oldu\u011funu, sorular\u0131n arka plan\u0131n\u0131 irdeleyerek g\u00f6zler \u00f6n\u00fcne seriyor.<\/p>\n","protected":false},"excerpt":{"rendered":"<p>\u00c7o\u011fumuz d\u00fc\u015f\u00fcnmeyi severiz. Bizi afallatan, merak\u0131m\u0131z\u0131 harekete ge\u00e7irip beyin k\u0131vr\u0131mlar\u0131m\u0131z\u0131n pas\u0131n\u0131 alan sorularla u\u011fra\u015fmaktan zevk al\u0131r\u0131z. Akla ayk\u0131r\u0131 g\u00f6r\u00fcnen, \u015fa\u015f\u0131rtmacal\u0131 sorular s\u00f6z konusu oldu\u011funda ise herhalde<span class=\"excerpt-hellip\"> [\u2026]<\/span><\/p>\n","protected":false},"featured_media":0,"template":"","meta":{"_monsterinsights_skip_tracking":false,"_monsterinsights_sitenote_active":false,"_monsterinsights_sitenote_note":"","_monsterinsights_sitenote_category":0},"product_brand":[],"product_cat":[13005,13006],"product_tag":[],"class_list":{"0":"post-735207","1":"product","2":"type-product","3":"status-publish","5":"product_cat-bilim-muhendislik","6":"product_cat-populer-bilim","7":"pa_cilt-ciltsiz","8":"pa_tur-kitap","9":"pa_yayinevi-fol-kitap","10":"pa_yazar-john-farndon","12":"first","13":"instock","14":"sale","15":"shipping-taxable","16":"purchasable","17":"product-type-simple"},"_links":{"self":[{"href":"https:\/\/roveyayinevi.com.tr\/index.php\/wp-json\/wp\/v2\/product\/735207","targetHints":{"allow":["GET"]}}],"collection":[{"href":"https:\/\/roveyayinevi.com.tr\/index.php\/wp-json\/wp\/v2\/product"}],"about":[{"href":"https:\/\/roveyayinevi.com.tr\/index.php\/wp-json\/wp\/v2\/types\/product"}],"wp:attachment":[{"href":"https:\/\/roveyayinevi.com.tr\/index.php\/wp-json\/wp\/v2\/media?parent=735207"}],"wp:term":[{"taxonomy":"product_brand","embeddable":true,"href":"https:\/\/roveyayinevi.com.tr\/index.php\/wp-json\/wp\/v2\/product_brand?post=735207"},{"taxonomy":"product_cat","embeddable":true,"href":"https:\/\/roveyayinevi.com.tr\/index.php\/wp-json\/wp\/v2\/product_cat?post=735207"},{"taxonomy":"product_tag","embeddable":true,"href":"https:\/\/roveyayinevi.com.tr\/index.php\/wp-json\/wp\/v2\/product_tag?post=735207"}],"curies":[{"name":"wp","href":"https:\/\/api.w.org\/{rel}","templated":true}]}}