{"id":735206,"date":"2025-08-27T22:43:15","date_gmt":"2025-08-27T19:43:15","guid":{"rendered":"https:\/\/roveyayinevi.com.tr\/index.php\/urun\/zeki-oldugunu-dusunuyor-musun\/"},"modified":"2026-04-16T02:43:03","modified_gmt":"2026-04-15T23:43:03","slug":"zeki-oldugunu-dusunuyor-musun","status":"publish","type":"product","link":"https:\/\/roveyayinevi.com.tr\/index.php\/urun\/zeki-oldugunu-dusunuyor-musun\/","title":{"rendered":"Zeki Oldu\u011funu D\u00fc\u015f\u00fcn\u00fcyor Musun"},"content":{"rendered":"<p>\u00c7o\u011fu zaman pek d\u00fc\u015f\u00fcnmeden hayat\u0131n ak\u0131\u015f\u0131n\u0131 s\u00fcrd\u00fcr\u00fcr\u00fcz. \u00d6yle fazla d\u00fc\u015f\u00fcnmeye gerek de yoktur asl\u0131nda, otomatik tepki vermeyi sa\u011flayan bilgi ve deneyim da\u011farc\u0131\u011f\u0131m\u0131z i\u015f g\u00f6r\u00fcr. Ama bu kitaptaki sorular, merak uyand\u0131r\u0131c\u0131, garip, sa\u00e7ma, hatta kimi zaman basbaya\u011f\u0131 asap bozucu g\u00f6r\u00fcn\u00fcrler, yine de hepsinin ortak yan\u0131 sizi d\u00fc\u015f\u00fcnmeye y\u00f6neltmeleridir: \u2022  Uzay gemisinde ni\u00e7in mum yak\u0131lamaz? \u2022  Mutlulu\u011fun anlam\u0131 nedir? \u2022  Bir k\u00e2\u011f\u0131d\u0131 ka\u00e7 defa katlarsam Ay&#8217;a ula\u015f\u0131r\u0131m? \u2022  Feminizm \u00f6ld\u00fc m\u00fc? \u2022  D\u00fcnyay\u0131 bir u\u00e7tan \u00f6b\u00fcr uca deldikten sonra bu delikten a\u015fa\u011f\u0131ya atlarsan ne olur? \u2022  Sence Ba\u015fkan Mao bug\u00fcnk\u00fc \u00c7in\u2019i g\u00f6rseydi gurur duyar m\u0131yd\u0131? \u2022  Bir inekte d\u00fcnyadaki suyun ka\u00e7ta ka\u00e7\u0131 bulunur? Bu sorulara cevap vermek zeki olmay\u0131 gerektirir; \u015fa\u015f\u0131rt\u0131c\u0131, e\u011flendirici, ufuk ac\u0131c\u0131, sinsi, muzip, derin, parlak bir zek\u00e2. Bu ne bilgiyle ne de e\u011fitimle ilgilidir. Her t\u00fcrl\u00fc ilgin\u00e7 yolla d\u00fc\u015f\u00fcncelerinizi e\u011fip b\u00fckmeyle ilgilidir. Unutmay\u0131n, ger\u00e7ek ak\u0131ll\u0131l\u0131\u011f\u0131n \u00f6n\u00fcnde kendini be\u011fenmi\u015flikten daha b\u00fcy\u00fck bir engel yoktur. <\/p>\n","protected":false},"excerpt":{"rendered":"<p>\u00c7o\u011fu zaman pek d\u00fc\u015f\u00fcnmeden hayat\u0131n ak\u0131\u015f\u0131n\u0131 s\u00fcrd\u00fcr\u00fcr\u00fcz. \u00d6yle fazla d\u00fc\u015f\u00fcnmeye gerek de yoktur asl\u0131nda, otomatik tepki vermeyi sa\u011flayan bilgi ve deneyim da\u011farc\u0131\u011f\u0131m\u0131z i\u015f g\u00f6r\u00fcr. Ama bu<span class=\"excerpt-hellip\"> [\u2026]<\/span><\/p>\n","protected":false},"featured_media":0,"template":"","meta":{"_monsterinsights_skip_tracking":false,"_monsterinsights_sitenote_active":false,"_monsterinsights_sitenote_note":"","_monsterinsights_sitenote_category":0},"product_brand":[],"product_cat":[13005,13006],"product_tag":[],"class_list":{"0":"post-735206","1":"product","2":"type-product","3":"status-publish","5":"product_cat-bilim-muhendislik","6":"product_cat-populer-bilim","7":"pa_cilt-ciltsiz","8":"pa_tur-kitap","9":"pa_yayinevi-fol-kitap","10":"pa_yazar-john-farndon","12":"first","13":"instock","14":"sale","15":"shipping-taxable","16":"purchasable","17":"product-type-simple"},"_links":{"self":[{"href":"https:\/\/roveyayinevi.com.tr\/index.php\/wp-json\/wp\/v2\/product\/735206","targetHints":{"allow":["GET"]}}],"collection":[{"href":"https:\/\/roveyayinevi.com.tr\/index.php\/wp-json\/wp\/v2\/product"}],"about":[{"href":"https:\/\/roveyayinevi.com.tr\/index.php\/wp-json\/wp\/v2\/types\/product"}],"wp:attachment":[{"href":"https:\/\/roveyayinevi.com.tr\/index.php\/wp-json\/wp\/v2\/media?parent=735206"}],"wp:term":[{"taxonomy":"product_brand","embeddable":true,"href":"https:\/\/roveyayinevi.com.tr\/index.php\/wp-json\/wp\/v2\/product_brand?post=735206"},{"taxonomy":"product_cat","embeddable":true,"href":"https:\/\/roveyayinevi.com.tr\/index.php\/wp-json\/wp\/v2\/product_cat?post=735206"},{"taxonomy":"product_tag","embeddable":true,"href":"https:\/\/roveyayinevi.com.tr\/index.php\/wp-json\/wp\/v2\/product_tag?post=735206"}],"curies":[{"name":"wp","href":"https:\/\/api.w.org\/{rel}","templated":true}]}}