{"id":735202,"date":"2025-08-27T22:43:12","date_gmt":"2025-08-27T19:43:12","guid":{"rendered":"https:\/\/roveyayinevi.com.tr\/index.php\/urun\/demokrat-parti-iktidarinda-kurt-meselesi\/"},"modified":"2026-04-16T02:43:03","modified_gmt":"2026-04-15T23:43:03","slug":"demokrat-parti-iktidarinda-kurt-meselesi","status":"publish","type":"product","link":"https:\/\/roveyayinevi.com.tr\/index.php\/urun\/demokrat-parti-iktidarinda-kurt-meselesi\/","title":{"rendered":"Demokrat Parti \u0130ktidar\u0131nda K\u00fcrt Meselesi"},"content":{"rendered":"<p>Demokrat Parti\u2019nin iktidara gelmesiyle birlikte ger\u00e7ekle\u015fen elit de\u011fi\u015fimi ile \u00e7evrenin talep ve \u00f6znelerinin merkeze akmas\u0131, o zamana kadar uygulanagelmi\u015f bir\u00e7ok politikan\u0131n de\u011fi\u015fimini de tetiklemi\u015ftir. Laisist politikan\u0131n esnemesi, iktisat politikalar\u0131ndaki de\u011fi\u015fim, \u00e7evre ile kurulan ili\u015fki bi\u00e7imi gibi bir\u00e7ok temel davran\u0131\u015f kal\u0131b\u0131nda farkl\u0131la\u015fma g\u00f6zlenir hale gelmi\u015ftir. Bu d\u00f6nemin T\u00fcrkiye tarihi a\u00e7\u0131s\u0131ndan ciddi de\u011fi\u015fimleri g\u00f6sterdi\u011fi bir vak\u0131ad\u0131r. Bu de\u011fi\u015fimden, elbette genelde kimlik politikalar\u0131, \u00f6zelde ise K\u00fcrt Meselesi m\u00fcnezzeh de\u011fildir.Bu \u00e7al\u0131\u015fmada on y\u0131ll\u0131k Demokrat Parti d\u00f6nemi boyunca, K\u00fcrt Meselesi \u00f6zelinde, imparatorluk miras\u0131n\u0131n \u00fczerinde \u015fekillenen ve Tek Parti d\u00f6neminde in\u015fa edilip uygulanm\u0131\u015f olan devlet politikas\u0131ndaki de\u011fi\u015fim ve devaml\u0131l\u0131klar a\u00e7\u0131klanmaya \u00e7al\u0131\u015f\u0131lacakt\u0131r.<\/p>\n","protected":false},"excerpt":{"rendered":"<p>Demokrat Parti\u2019nin iktidara gelmesiyle birlikte ger\u00e7ekle\u015fen elit de\u011fi\u015fimi ile \u00e7evrenin talep ve \u00f6znelerinin merkeze akmas\u0131, o zamana kadar uygulanagelmi\u015f bir\u00e7ok politikan\u0131n de\u011fi\u015fimini de tetiklemi\u015ftir. Laisist politikan\u0131n<span class=\"excerpt-hellip\"> [\u2026]<\/span><\/p>\n","protected":false},"featured_media":0,"template":"","meta":{"_monsterinsights_skip_tracking":false,"_monsterinsights_sitenote_active":false,"_monsterinsights_sitenote_note":"","_monsterinsights_sitenote_category":0},"product_brand":[],"product_cat":[12370,12304],"product_tag":[],"class_list":{"0":"post-735202","1":"product","2":"type-product","3":"status-publish","5":"product_cat-arastirma-inceleme","6":"product_cat-tarih","7":"pa_cilt-ciltsiz","8":"pa_tur-kitap","9":"pa_yayinevi-yeditepe-yayinevi","10":"pa_yazar-hakan-firat","12":"first","13":"instock","14":"sale","15":"shipping-taxable","16":"purchasable","17":"product-type-simple"},"_links":{"self":[{"href":"https:\/\/roveyayinevi.com.tr\/index.php\/wp-json\/wp\/v2\/product\/735202","targetHints":{"allow":["GET"]}}],"collection":[{"href":"https:\/\/roveyayinevi.com.tr\/index.php\/wp-json\/wp\/v2\/product"}],"about":[{"href":"https:\/\/roveyayinevi.com.tr\/index.php\/wp-json\/wp\/v2\/types\/product"}],"wp:attachment":[{"href":"https:\/\/roveyayinevi.com.tr\/index.php\/wp-json\/wp\/v2\/media?parent=735202"}],"wp:term":[{"taxonomy":"product_brand","embeddable":true,"href":"https:\/\/roveyayinevi.com.tr\/index.php\/wp-json\/wp\/v2\/product_brand?post=735202"},{"taxonomy":"product_cat","embeddable":true,"href":"https:\/\/roveyayinevi.com.tr\/index.php\/wp-json\/wp\/v2\/product_cat?post=735202"},{"taxonomy":"product_tag","embeddable":true,"href":"https:\/\/roveyayinevi.com.tr\/index.php\/wp-json\/wp\/v2\/product_tag?post=735202"}],"curies":[{"name":"wp","href":"https:\/\/api.w.org\/{rel}","templated":true}]}}