{"id":735198,"date":"2025-08-27T22:43:07","date_gmt":"2025-08-27T19:43:07","guid":{"rendered":"https:\/\/roveyayinevi.com.tr\/index.php\/urun\/supermen-turk-olsaydi\/"},"modified":"2026-04-16T02:43:02","modified_gmt":"2026-04-15T23:43:02","slug":"supermen-turk-olsaydi","status":"publish","type":"product","link":"https:\/\/roveyayinevi.com.tr\/index.php\/urun\/supermen-turk-olsaydi\/","title":{"rendered":"S\u00fcpermen T\u00fcrk Olsayd\u0131"},"content":{"rendered":"<p>\u0130lk bask\u0131s\u0131n\u0131 2010 y\u0131l\u0131nda yapan ve Ahmet \u015eerif \u0130zg\u00f6ren\u2019in en be\u011fenilen kitaplar\u0131 aras\u0131nda yerini alan S\u00fcpermen T\u00fcrk Olsayd\u0131 Pelerinini Annesi Ba\u011flard\u0131 yenilendi. \u0130\u00e7eri\u011fi g\u00f6zden ge\u00e7irilen ve g\u00fcncellenen kitab\u0131n ismi de S\u00fcpermen T\u00fcrk Olsayd\u0131 olarak de\u011fi\u015ftirildi. Giri\u015fimcilik, is kalitesi, d\u00fcr\u00fcstl\u00fck, yurt sevgisi ve  hosg\u00f6r\u00fc ba\u015fl\u0131klar\u0131nda okura seslenen \u0130zg\u00f6ren, kitab\u0131nda hem an\u0131lar\u0131na hem de g\u00f6zlemlerine yer veriyor. \u2026. \u00dclkedeki e\u011fitim sorunu \u00e7\u00f6z\u00fcl\u00fcrse i\u015fte o zaman bu \u00fclke daha farkl\u0131 olacak. Sevgili Ahmet \u015eerif \u0130zg\u00f6ren, bu \u00fclkenin do\u011fru yapamad\u0131klar\u0131na ve de\u011fi\u015ftiremediklerine benim gibi k\u0131zmay\u0131 s\u00fcrd\u00fcrmekle beraber, k\u00fcsmeden m\u00fccadele etmeyi ba\u015far\u0131yor. \u0130zg\u00f6ren ve onun gibi e\u011fitime g\u00f6n\u00fcl verenlerin yollar\u0131 a\u00e7\u0131k olsun. Alphan Manas F\u00fct\u00fcrist, Mensa T\u00fcrkiye Ba\u015fkan\u0131   S\u00fcpermen Japon olsayd\u0131 pelerinini ba\u011flamay\u0131 \u00f6\u011fretirlerdi. On yedi y\u0131l ya\u015fad\u0131\u011f\u0131m ve \u00e7al\u0131\u015ft\u0131\u011f\u0131m T\u00fcrkiye\u2019de, k\u0131smet olursa daha yapabilece\u011fim nice i\u015fler oldu\u011funu masal gibi anlat\u0131m\u0131yla hat\u0131rlatan dostum \u015eerif \u0130zg\u00f6ren\u2019e minnettar\u0131m. Mitsuru Horiguchi Japonya\u2019n\u0131n T\u00fcrkmenistan Ba\u015fkonsolos Vekili     Ahmet \u015eerif \u0130zg\u00f6ren\u2019in b\u00fct\u00fcn kitaplar\u0131n\u0131 okudum. Bazen g\u00f6zlerim dolarak, bazen yeni bir \u015feyler \u00f6\u011frenerek da\u011farc\u0131\u011f\u0131ma bir \u015feyler atabildim. B\u00f6yle kitaplar enderdir. \u015eerif \u2019i elinizdeki kitaptan dolay\u0131 bir kez daha kutluyorum. Yine onun izniyle kitab\u0131ndan birka\u00e7 anekdotu konu\u015fmalar\u0131mda kullanmak istiyorum. Bu kitaptan g\u00fczel \u015feyler edineceksiniz. M\u00fcjdat Gezen Sanat\u00e7\u0131, UNICEF Bar\u0131\u015f El\u00e7isi<\/p>\n","protected":false},"excerpt":{"rendered":"<p>\u0130lk bask\u0131s\u0131n\u0131 2010 y\u0131l\u0131nda yapan ve Ahmet \u015eerif \u0130zg\u00f6ren\u2019in en be\u011fenilen kitaplar\u0131 aras\u0131nda yerini alan S\u00fcpermen T\u00fcrk Olsayd\u0131 Pelerinini Annesi Ba\u011flard\u0131 yenilendi. \u0130\u00e7eri\u011fi g\u00f6zden ge\u00e7irilen ve<span class=\"excerpt-hellip\"> [\u2026]<\/span><\/p>\n","protected":false},"featured_media":0,"template":"","meta":{"_monsterinsights_skip_tracking":false,"_monsterinsights_sitenote_active":false,"_monsterinsights_sitenote_note":"","_monsterinsights_sitenote_category":0},"product_brand":[],"product_cat":[12364,12376],"product_tag":[],"class_list":{"0":"post-735198","1":"product","2":"type-product","3":"status-publish","5":"product_cat-genel-konular","6":"product_cat-kisisel-gelisim","7":"pa_cilt-ciltsiz","8":"pa_tur-kitap","9":"pa_yayinevi-elma-yayinevi","10":"pa_yazar-ahmet-serif-izgoren","12":"first","13":"instock","14":"sale","15":"shipping-taxable","16":"purchasable","17":"product-type-simple"},"_links":{"self":[{"href":"https:\/\/roveyayinevi.com.tr\/index.php\/wp-json\/wp\/v2\/product\/735198","targetHints":{"allow":["GET"]}}],"collection":[{"href":"https:\/\/roveyayinevi.com.tr\/index.php\/wp-json\/wp\/v2\/product"}],"about":[{"href":"https:\/\/roveyayinevi.com.tr\/index.php\/wp-json\/wp\/v2\/types\/product"}],"wp:attachment":[{"href":"https:\/\/roveyayinevi.com.tr\/index.php\/wp-json\/wp\/v2\/media?parent=735198"}],"wp:term":[{"taxonomy":"product_brand","embeddable":true,"href":"https:\/\/roveyayinevi.com.tr\/index.php\/wp-json\/wp\/v2\/product_brand?post=735198"},{"taxonomy":"product_cat","embeddable":true,"href":"https:\/\/roveyayinevi.com.tr\/index.php\/wp-json\/wp\/v2\/product_cat?post=735198"},{"taxonomy":"product_tag","embeddable":true,"href":"https:\/\/roveyayinevi.com.tr\/index.php\/wp-json\/wp\/v2\/product_tag?post=735198"}],"curies":[{"name":"wp","href":"https:\/\/api.w.org\/{rel}","templated":true}]}}