{"id":735196,"date":"2025-08-27T22:43:04","date_gmt":"2025-08-27T19:43:04","guid":{"rendered":"https:\/\/roveyayinevi.com.tr\/index.php\/urun\/istiklal-marsi\/"},"modified":"2026-04-16T02:43:02","modified_gmt":"2026-04-15T23:43:02","slug":"istiklal-marsi","status":"publish","type":"product","link":"https:\/\/roveyayinevi.com.tr\/index.php\/urun\/istiklal-marsi\/","title":{"rendered":"\u0130stiklal Mar\u015f\u0131"},"content":{"rendered":"<p>\u0130stikl\u00e2l Mar\u015f\u0131 bizim i\u00e7in bir nostalji, bir hat\u0131ra de\u011fil. Bizi ya\u015fatan, bizimle ya\u015fayan, bizimle dalgalanan bir bayrak. Bu bayra\u011f\u0131 bu millet olu\u015fturdu, Mehmet \u00c2kif dile ve kaleme getirdi. Asl\u0131nda bu aziz mar\u015f, ancak o g\u00fczel \u015faire nasip olabilirdi ve \u00f6yle de oldu.Olan ve bitmeyen bir s\u00fcreci halen ya\u015f\u0131yoruz. Bizim i\u00e7in bitmeyen ve bitmeyecek olan, mar\u015f\u0131n y\u00fcceltti\u011fi ruh, ruhun y\u00fcceltti\u011fi mar\u015ft\u0131r.\u0130\u00e7 ve d\u0131\u015f, a\u00e7\u0131k ve gizli b\u00fct\u00fcn d\u00fc\u015fmanlara kar\u015f\u0131 g\u00f6\u011fs\u00fcm\u00fczdeki siperdir o. Hakk\u0131n sesi, milletin \u00f6zg\u00fcrl\u00fc\u011f\u00fcd\u00fcr.B\u00fct\u00fcn iyi ve k\u0131ymetli hadiselerin bir s\u00fcreci oldu\u011fu gibi istikl\u00e2limizin ve mar\u015f\u0131m\u0131z\u0131n da bir s\u00fcreci oldu. G\u00fcn g\u00fcn, ad\u0131m ad\u0131m, \u015fehir \u015fehir, kalp kalp, m\u0131sra m\u0131sra dokundu ve hep bir y\u00fcrekten okundu o mar\u015f. Bug\u00fcn de b\u00f6yle okunuyor.Mustafa \u00d6z\u00e7elik, mar\u015f\u0131m\u0131z\u0131n tarih\u00e7esini, anlam\u0131n\u0131 ve yorumunu rahat\u00e7a anla\u015f\u0131lacak bir \u015fekilde kaleme ald\u0131. O g\u00fcn\u00fc bug\u00fcne ta\u015f\u0131d\u0131. O zaman\u0131 bu zamanda ya\u015fatt\u0131. O g\u00fcnlere gittik, bug\u00fcnleri de anlad\u0131k.Ayr\u0131nt\u0131da bo\u011fulmadan hem mar\u015f\u0131 hem o g\u00fcnleri hem de bu kutlu mar\u015f\u0131n \u015fairi Mehmet \u00c2kif\u2019i adeta bir tablo gibi getirdi, sundu bize.Bug\u00fcnleri ya\u015famak o g\u00fcn\u00fc, yar\u0131nlar\u0131 g\u00f6rebilmek i\u00e7in o g\u00fcn\u00fc, \u00f6zg\u00fcr kalabilmek i\u00e7in o g\u00fcn\u00fc belki de hi\u00e7 unutmamal\u0131y\u0131z.Tarih\u00e7esi, anlam\u0131 ve yorumuyla \u0130stikl\u00e2l Mar\u015f\u0131m\u0131z\u0131 anlatan ve bizleri \u00e7epe\u00e7evre ku\u015fatan bir kitapla kar\u015f\u0131 kar\u015f\u0131yay\u0131z.<\/p>\n","protected":false},"excerpt":{"rendered":"<p>\u0130stikl\u00e2l Mar\u015f\u0131 bizim i\u00e7in bir nostalji, bir hat\u0131ra de\u011fil. Bizi ya\u015fatan, bizimle ya\u015fayan, bizimle dalgalanan bir bayrak. Bu bayra\u011f\u0131 bu millet olu\u015fturdu, Mehmet \u00c2kif dile ve<span class=\"excerpt-hellip\"> [\u2026]<\/span><\/p>\n","protected":false},"featured_media":0,"template":"","meta":{"_monsterinsights_skip_tracking":false,"_monsterinsights_sitenote_active":false,"_monsterinsights_sitenote_note":"","_monsterinsights_sitenote_category":0},"product_brand":[],"product_cat":[12370,12304],"product_tag":[],"class_list":{"0":"post-735196","1":"product","2":"type-product","3":"status-publish","5":"product_cat-arastirma-inceleme","6":"product_cat-tarih","7":"pa_cilt-ciltsiz","8":"pa_tur-kitap","9":"pa_yayinevi-muhit-kitap","10":"pa_yazar-mustafa-ozcelik","12":"first","13":"instock","14":"sale","15":"shipping-taxable","16":"purchasable","17":"product-type-simple"},"_links":{"self":[{"href":"https:\/\/roveyayinevi.com.tr\/index.php\/wp-json\/wp\/v2\/product\/735196","targetHints":{"allow":["GET"]}}],"collection":[{"href":"https:\/\/roveyayinevi.com.tr\/index.php\/wp-json\/wp\/v2\/product"}],"about":[{"href":"https:\/\/roveyayinevi.com.tr\/index.php\/wp-json\/wp\/v2\/types\/product"}],"wp:attachment":[{"href":"https:\/\/roveyayinevi.com.tr\/index.php\/wp-json\/wp\/v2\/media?parent=735196"}],"wp:term":[{"taxonomy":"product_brand","embeddable":true,"href":"https:\/\/roveyayinevi.com.tr\/index.php\/wp-json\/wp\/v2\/product_brand?post=735196"},{"taxonomy":"product_cat","embeddable":true,"href":"https:\/\/roveyayinevi.com.tr\/index.php\/wp-json\/wp\/v2\/product_cat?post=735196"},{"taxonomy":"product_tag","embeddable":true,"href":"https:\/\/roveyayinevi.com.tr\/index.php\/wp-json\/wp\/v2\/product_tag?post=735196"}],"curies":[{"name":"wp","href":"https:\/\/api.w.org\/{rel}","templated":true}]}}