{"id":735195,"date":"2025-08-27T22:43:03","date_gmt":"2025-08-27T19:43:03","guid":{"rendered":"https:\/\/roveyayinevi.com.tr\/index.php\/urun\/disk-dunya-25-gercek\/"},"modified":"2026-04-11T02:52:33","modified_gmt":"2026-04-10T23:52:33","slug":"disk-dunya-25-gercek","status":"publish","type":"product","link":"https:\/\/roveyayinevi.com.tr\/index.php\/urun\/disk-dunya-25-gercek\/","title":{"rendered":"Disk D\u00fcnya 25 &#8211; Ger\u00e7ek"},"content":{"rendered":"<p>Yaz\u0131yor! Ankh-Morpork Times yaz\u0131yor!Yaln\u0131zca \u201cger\u00e7ekleri\u201d yaz\u0131yor!.. Efsane yazar S\u00f6r Terry Pratchett&#8217;\u0131n benzersiz yarat\u0131m\u0131 \u201cDiskd\u00fcnya\u201d serisinin ilk kez T\u00fcrk\u00e7eye \u00e7evrilen yeni kitab\u0131 Ger\u00e7ek, derin siyasi komplolar\u0131n d\u00fc\u011f\u00fcm\u00fcn\u00fc zek\u00e2yla \u00e7\u00f6zmeye ant i\u00e7mi\u015f idealist muhabirlerin ayd\u0131nlatt\u0131\u011f\u0131 yoldan giden, yaz\u0131 ve s\u00f6z dolu bir macera.D\u00fcnya \u00e7ap\u0131nda 100 milyonun \u00fczerinde satan k\u00fclliyat\u0131n yirmi be\u015finci halkas\u0131 olan kitap, \u201cSanayi Devrimi\u201d alt serisinin de ikinci ser\u00fcveni.Tarihe izi b\u0131rakan hakiki olaylardan beslenen kurgusunu, k\u00fcltle\u015fmi\u015f siyasi entrika filmlerine yapt\u0131\u011f\u0131 enfes g\u00f6ndermelerle renklendiren yazar; \u201cd\u00f6rd\u00fcnc\u00fc kuvvet\u201d medyan\u0131n en kudretli g\u00fcnlerine sayg\u0131 duru\u015funda bulunuyor. \u201cHalk haber duymak istedi\u011fini zanneder ama as\u0131l istedi\u011fi, kendi bildi\u011fi \u015feyleri tekrar duymakt\u0131r&#8230;\u201dHaz\u0131r olun, Disk&#8217;in b\u00fcy\u00fcl\u00fc atmosferi yepyeni bir meslekle tan\u0131\u015f\u0131yor: Gazetecilik!William deSoze s\u0131radan, k\u00fc\u00e7\u00fck haberlerini postalamaktan pek memnundu. Bu sayede ayl\u0131k ge\u00e7imini sa\u011fl\u0131yor, kitaplar\u0131n\u0131 okuyor, keyfine bak\u0131yordu. Fakat kaderin -ve elbette hik\u00e2ye anlatma tanr\u0131lar\u0131n\u0131n- iste\u011fiyle yolu bir g\u00fcn, \u201cicat \u00e7\u0131karmaya\u201d bay\u0131lan birka\u00e7 c\u00fcceyle kesi\u015fti ve i\u015fte o andan itibaren Ankh-Morpork&#8217;un ya\u015fant\u0131s\u0131 da t\u00fcmden de\u011fi\u015fti. D\u00f6rd\u00fcnc\u00fc kuvvet, g\u00f6rev ba\u015f\u0131ndayd\u0131&#8230;Medya ve \u00f6zellikle gazetecilik tarihini ayd\u0131nlatmakla kalmay\u0131p \u00e2deta \u015fenlendiren sat\u0131rlar\u0131yla Ger\u00e7ek, ideal bir d\u00fcnyada yarat\u0131lmaya \u00e7al\u0131\u015f\u0131lacak siyasi komplolar\u0131n ba\u015far\u0131ya asla ula\u015famayaca\u011f\u0131n\u0131 g\u00f6steriyor. N\u00fcktedan anlat\u0131m\u0131yla, Diskd\u00fcnya&#8217;y\u0131 daha \u00f6nce hi\u00e7 ziyaret etmemi\u015f okurlar\u0131 bile k\u0131sk\u0131vrak avucuna almay\u0131 ba\u015faran Terry Pratchett, \u201cara\u015ft\u0131rmac\u0131 gazetecilik\u201d damar\u0131ndan y\u00fcr\u00fcd\u00fc\u011f\u00fc bu kitab\u0131yla ger\u00e7ekleri kahkaha ile bulu\u015fturuyor. \u201cHaberse, gazeteye yaz\u0131l\u0131r. Gazetedeyse haber say\u0131l\u0131r. \u0130\u015fin ger\u00e7e\u011fi bu, bu kadar basit&#8230;\u201d<\/p>\n","protected":false},"excerpt":{"rendered":"<p>Yaz\u0131yor! Ankh-Morpork Times yaz\u0131yor!Yaln\u0131zca \u201cger\u00e7ekleri\u201d yaz\u0131yor!.. Efsane yazar S\u00f6r Terry Pratchett&#8217;\u0131n benzersiz yarat\u0131m\u0131 \u201cDiskd\u00fcnya\u201d serisinin ilk kez T\u00fcrk\u00e7eye \u00e7evrilen yeni kitab\u0131 Ger\u00e7ek, derin siyasi komplolar\u0131n d\u00fc\u011f\u00fcm\u00fcn\u00fc<span class=\"excerpt-hellip\"> [\u2026]<\/span><\/p>\n","protected":false},"featured_media":0,"template":"","meta":{"_monsterinsights_skip_tracking":false,"_monsterinsights_sitenote_active":false,"_monsterinsights_sitenote_note":"","_monsterinsights_sitenote_category":0},"product_brand":[],"product_cat":[12291,12711],"product_tag":[],"class_list":{"0":"post-735195","1":"product","2":"type-product","3":"status-publish","5":"product_cat-edebiyat","6":"product_cat-roman-oyku","7":"pa_cilt-ciltsiz","8":"pa_tur-kitap","9":"pa_yayinevi-delidolu","10":"pa_yazar-terry-pratchett","12":"first","13":"instock","14":"sale","15":"shipping-taxable","16":"purchasable","17":"product-type-simple"},"_links":{"self":[{"href":"https:\/\/roveyayinevi.com.tr\/index.php\/wp-json\/wp\/v2\/product\/735195","targetHints":{"allow":["GET"]}}],"collection":[{"href":"https:\/\/roveyayinevi.com.tr\/index.php\/wp-json\/wp\/v2\/product"}],"about":[{"href":"https:\/\/roveyayinevi.com.tr\/index.php\/wp-json\/wp\/v2\/types\/product"}],"wp:attachment":[{"href":"https:\/\/roveyayinevi.com.tr\/index.php\/wp-json\/wp\/v2\/media?parent=735195"}],"wp:term":[{"taxonomy":"product_brand","embeddable":true,"href":"https:\/\/roveyayinevi.com.tr\/index.php\/wp-json\/wp\/v2\/product_brand?post=735195"},{"taxonomy":"product_cat","embeddable":true,"href":"https:\/\/roveyayinevi.com.tr\/index.php\/wp-json\/wp\/v2\/product_cat?post=735195"},{"taxonomy":"product_tag","embeddable":true,"href":"https:\/\/roveyayinevi.com.tr\/index.php\/wp-json\/wp\/v2\/product_tag?post=735195"}],"curies":[{"name":"wp","href":"https:\/\/api.w.org\/{rel}","templated":true}]}}