{"id":735193,"date":"2025-08-27T22:43:01","date_gmt":"2025-08-27T19:43:01","guid":{"rendered":"https:\/\/roveyayinevi.com.tr\/index.php\/urun\/otizm-kardesimle-aramdaki-gorunmez-bag\/"},"modified":"2026-04-16T02:43:02","modified_gmt":"2026-04-15T23:43:02","slug":"otizm-kardesimle-aramdaki-gorunmez-bag","status":"publish","type":"product","link":"https:\/\/roveyayinevi.com.tr\/index.php\/urun\/otizm-kardesimle-aramdaki-gorunmez-bag\/","title":{"rendered":"Otizm &#8211; Karde\u015fimle Aramdaki G\u00f6r\u00fcnmez Ba\u011f"},"content":{"rendered":"<p>&#8220;Bisikletini nas\u0131l s\u00fcrd\u00fc\u011f\u00fcn\u00fc, r\u00fczgara kar\u015f\u0131 g\u00fcl\u00fcmseyi\u015fini g\u00f6rseniz, asla anlayamazs\u0131n\u0131z. Rengi solmu\u015f kotu ve ters takt\u0131\u011f\u0131 \u015fapkas\u0131n\u0131n alt\u0131ndan sarkan karamel rengi da\u011f\u0131n\u0131k sa\u00e7lar\u0131yla Ezra da herhangi bir alt\u0131nc\u0131 s\u0131n\u0131f \u00e7ocu\u011fundan farks\u0131zd\u0131r. Anlayaca\u011f\u0131n\u0131z, karde\u015fim de on bir ya\u015f\u0131nda herhangi bir \u00e7ocuk gibi g\u00f6r\u00fcn\u00fcr ancak \u00f6yle de\u011fildir\u2026&#8221;   Jenny ile tan\u0131\u015f\u0131n: Kendinden ya\u015f\u00e7a k\u00fc\u00e7\u00fck otizmli erkek karde\u015fi Ezra ile ya\u015faman\u0131n nas\u0131l bir \u015fey oldu\u011funu ve d\u00fcnyan\u0131n \u201cen \u00e7\u0131ld\u0131rt\u0131c\u0131, en ola\u011fan\u00fcst\u00fc, en hayranl\u0131k uyand\u0131ran ve en \u015fa\u015f\u0131rt\u0131c\u0131\u201d karde\u015fiyle ge\u00e7irdi\u011fi hayat\u0131 sadece g\u00fcnl\u00fc\u011f\u00fc ile payla\u015fan bir gen\u00e7 k\u0131z. Ezra ile ya\u015faman\u0131n zorluklar\u0131 yetmezmi\u015f gibi, Jenny bir de okuldaki zorbalarla, kaba saba s\u0131n\u0131f arkada\u015flar\u0131yla ve hassasiyet gerektiren k\u0131r\u0131lgan arkada\u015fl\u0131klar\u0131yla u\u011fra\u015fmak zorundad\u0131r. Fakat yaz okulu, yazarl\u0131k kursu vaadi ve ilham kayna\u011f\u0131 Ezra olan bir proje sayesinde Jenny kendisinde sadece \u201cEzra\u2019n\u0131n ablas\u0131, koruyucusu, en iyi ve tek arkada\u015f\u0131\u201d olmaktan \u00e7\u0131kma cesaretini bulur ve aralar\u0131ndaki g\u00f6r\u00fcnmez ba\u011f\u0131 gev\u015feterek kendi hayallerinin pe\u015fine d\u00fc\u015fer. <\/p>\n","protected":false},"excerpt":{"rendered":"<p>&#8220;Bisikletini nas\u0131l s\u00fcrd\u00fc\u011f\u00fcn\u00fc, r\u00fczgara kar\u015f\u0131 g\u00fcl\u00fcmseyi\u015fini g\u00f6rseniz, asla anlayamazs\u0131n\u0131z. Rengi solmu\u015f kotu ve ters takt\u0131\u011f\u0131 \u015fapkas\u0131n\u0131n alt\u0131ndan sarkan karamel rengi da\u011f\u0131n\u0131k sa\u00e7lar\u0131yla Ezra da herhangi bir<span class=\"excerpt-hellip\"> [\u2026]<\/span><\/p>\n","protected":false},"featured_media":0,"template":"","meta":{"_monsterinsights_skip_tracking":false,"_monsterinsights_sitenote_active":false,"_monsterinsights_sitenote_note":"","_monsterinsights_sitenote_category":0},"product_brand":[],"product_cat":[12275,12274],"product_tag":[],"class_list":{"0":"post-735193","1":"product","2":"type-product","3":"status-publish","5":"product_cat-6-12-yas-kitaplari","6":"product_cat-cocuk-ve-genclik-kitaplari","7":"pa_cilt-ciltsiz","8":"pa_tur-kitap","9":"pa_yayinevi-okuyan-koala","10":"pa_yazar-barbara-cain","12":"first","13":"instock","14":"sale","15":"shipping-taxable","16":"purchasable","17":"product-type-simple"},"_links":{"self":[{"href":"https:\/\/roveyayinevi.com.tr\/index.php\/wp-json\/wp\/v2\/product\/735193","targetHints":{"allow":["GET"]}}],"collection":[{"href":"https:\/\/roveyayinevi.com.tr\/index.php\/wp-json\/wp\/v2\/product"}],"about":[{"href":"https:\/\/roveyayinevi.com.tr\/index.php\/wp-json\/wp\/v2\/types\/product"}],"wp:attachment":[{"href":"https:\/\/roveyayinevi.com.tr\/index.php\/wp-json\/wp\/v2\/media?parent=735193"}],"wp:term":[{"taxonomy":"product_brand","embeddable":true,"href":"https:\/\/roveyayinevi.com.tr\/index.php\/wp-json\/wp\/v2\/product_brand?post=735193"},{"taxonomy":"product_cat","embeddable":true,"href":"https:\/\/roveyayinevi.com.tr\/index.php\/wp-json\/wp\/v2\/product_cat?post=735193"},{"taxonomy":"product_tag","embeddable":true,"href":"https:\/\/roveyayinevi.com.tr\/index.php\/wp-json\/wp\/v2\/product_tag?post=735193"}],"curies":[{"name":"wp","href":"https:\/\/api.w.org\/{rel}","templated":true}]}}