{"id":735192,"date":"2025-08-27T22:43:00","date_gmt":"2025-08-27T19:43:00","guid":{"rendered":"https:\/\/roveyayinevi.com.tr\/index.php\/urun\/osmanli-turkcesi-lugati-lugati-fahri-k-n\/"},"modified":"2026-04-16T02:43:02","modified_gmt":"2026-04-15T23:43:02","slug":"osmanli-turkcesi-lugati-lugati-fahri-k-n","status":"publish","type":"product","link":"https:\/\/roveyayinevi.com.tr\/index.php\/urun\/osmanli-turkcesi-lugati-lugati-fahri-k-n\/","title":{"rendered":"Osmanl\u0131 T\u00fcrk\u00e7esi L\u00fcgat\u0131 &#8211; L\u00fcgat\u0131 Fahri K &#8211; N"},"content":{"rendered":"<p>S\u00f6zl\u00fck bir milletin haf\u0131zas\u0131d\u0131r. Dil, k\u00fclt\u00fcr, medeniyet ve varl\u0131\u011f\u0131n\u0131n teminat\u0131d\u0131r. Nesiller aras\u0131ndaki en g\u00fc\u00e7l\u00fc ve somut ba\u011fd\u0131r. S\u00f6zl\u00fcklerin kelime zenginli\u011fi, d\u00fc\u015f\u00fcnecek olan ve d\u00fc\u015f\u00fcnen insanlar\u0131n kelime da\u011farc\u0131\u011f\u0131d\u0131r. Bir lisanda ya\u015fat\u0131lmak istenen otuz, k\u0131rk bin kelime ile ne kadar d\u00fc\u015f\u00fcn\u00fclece\u011fi ortadad\u0131r. Bilim insan\u0131, ulem\u00e2 zengin kelime ortam\u0131nda do\u011far. Bu sebeple s\u00f6zl\u00fcklerin \u00f6nemi a\u00e7\u0131kt\u0131r. Elinizdeki s\u00f6zl\u00fc\u011f\u00fcn tamamlanmas\u0131 i\u00e7in on y\u0131l\u0131 a\u015fk\u0131n bir zamanda titizlikle, g\u00fcnbeg\u00fcn \u00fcst\u00fcnde \u00e7al\u0131\u015f\u0131lm\u0131\u015ft\u0131r. Art\u0131k klasikle\u015fmi\u015f s\u00f6zl\u00fcklerdeki kelimelerle yetinilmemi\u015f; g\u00fcnl\u00fck hayatta kullan\u0131lan, eski T\u00fcrk\u00e7e metinlerde kar\u015f\u0131m\u0131za \u00e7\u0131kan ama s\u00f6zl\u00fcklerde anlam\u0131 verilmeyen veya farkl\u0131 verilen, dolay\u0131s\u0131yla kaybolmaya y\u00fcz tutmu\u015f binlerce kelime yeniden okura sunulmu\u015ftur.<\/p>\n","protected":false},"excerpt":{"rendered":"<p>S\u00f6zl\u00fck bir milletin haf\u0131zas\u0131d\u0131r. Dil, k\u00fclt\u00fcr, medeniyet ve varl\u0131\u011f\u0131n\u0131n teminat\u0131d\u0131r. Nesiller aras\u0131ndaki en g\u00fc\u00e7l\u00fc ve somut ba\u011fd\u0131r. S\u00f6zl\u00fcklerin kelime zenginli\u011fi, d\u00fc\u015f\u00fcnecek olan ve d\u00fc\u015f\u00fcnen insanlar\u0131n kelime<span class=\"excerpt-hellip\"> [\u2026]<\/span><\/p>\n","protected":false},"featured_media":0,"template":"","meta":{"_monsterinsights_skip_tracking":false,"_monsterinsights_sitenote_active":false,"_monsterinsights_sitenote_note":"","_monsterinsights_sitenote_category":0},"product_brand":[],"product_cat":[12566,13611],"product_tag":[],"class_list":{"0":"post-735192","1":"product","2":"type-product","3":"status-publish","5":"product_cat-egitim","6":"product_cat-sozlukler-ve-konusma-kilavuzlari","7":"pa_cilt-ciltsiz","8":"pa_tur-kitap","9":"pa_yayinevi-inkilap-kitabevi","10":"pa_yazar-necati-fahri-tas","12":"first","13":"instock","14":"sale","15":"shipping-taxable","16":"purchasable","17":"product-type-simple"},"_links":{"self":[{"href":"https:\/\/roveyayinevi.com.tr\/index.php\/wp-json\/wp\/v2\/product\/735192","targetHints":{"allow":["GET"]}}],"collection":[{"href":"https:\/\/roveyayinevi.com.tr\/index.php\/wp-json\/wp\/v2\/product"}],"about":[{"href":"https:\/\/roveyayinevi.com.tr\/index.php\/wp-json\/wp\/v2\/types\/product"}],"wp:attachment":[{"href":"https:\/\/roveyayinevi.com.tr\/index.php\/wp-json\/wp\/v2\/media?parent=735192"}],"wp:term":[{"taxonomy":"product_brand","embeddable":true,"href":"https:\/\/roveyayinevi.com.tr\/index.php\/wp-json\/wp\/v2\/product_brand?post=735192"},{"taxonomy":"product_cat","embeddable":true,"href":"https:\/\/roveyayinevi.com.tr\/index.php\/wp-json\/wp\/v2\/product_cat?post=735192"},{"taxonomy":"product_tag","embeddable":true,"href":"https:\/\/roveyayinevi.com.tr\/index.php\/wp-json\/wp\/v2\/product_tag?post=735192"}],"curies":[{"name":"wp","href":"https:\/\/api.w.org\/{rel}","templated":true}]}}