{"id":735191,"date":"2025-08-27T22:42:59","date_gmt":"2025-08-27T19:42:59","guid":{"rendered":"https:\/\/roveyayinevi.com.tr\/index.php\/urun\/avcilik-sanati\/"},"modified":"2026-04-16T02:43:02","modified_gmt":"2026-04-15T23:43:02","slug":"avcilik-sanati","status":"publish","type":"product","link":"https:\/\/roveyayinevi.com.tr\/index.php\/urun\/avcilik-sanati\/","title":{"rendered":"Avc\u0131l\u0131k Sanat\u0131"},"content":{"rendered":"<p>Ksenophon, avc\u0131l\u0131k yapmak i\u00e7in gerekli olan her unsuru ve avc\u0131l\u0131\u011f\u0131n nas\u0131l yap\u0131lmas\u0131 gerekti\u011fini t\u00fcm detaylar\u0131yla a\u00e7\u0131klamaya \u00e7al\u0131\u015f\u0131r. Avc\u0131l\u0131\u011f\u0131n erdem kazanma konusunda en \u00f6nemli u\u011fra\u015f oldu\u011funu d\u00fc\u015f\u00fcnen Ksenophon, metnin sonunda bu i\u015fe g\u00f6n\u00fcl vermi\u015f olan gen\u00e7lerin hem kendilerine hem de yurtlar\u0131na sa\u011flad\u0131\u011f\u0131 faydalardan bahsederken, sofistlere ve avc\u0131l\u0131\u011f\u0131 g\u00f6z ard\u0131 ederek yaln\u0131zca kendi \u00e7\u0131karlar\u0131 u\u011fruna siyaset i\u015fleriyle ilgilenenlere a\u011f\u0131r ele\u015ftiriler getirir.<\/p>\n","protected":false},"excerpt":{"rendered":"<p>Ksenophon, avc\u0131l\u0131k yapmak i\u00e7in gerekli olan her unsuru ve avc\u0131l\u0131\u011f\u0131n nas\u0131l yap\u0131lmas\u0131 gerekti\u011fini t\u00fcm detaylar\u0131yla a\u00e7\u0131klamaya \u00e7al\u0131\u015f\u0131r. Avc\u0131l\u0131\u011f\u0131n erdem kazanma konusunda en \u00f6nemli u\u011fra\u015f oldu\u011funu d\u00fc\u015f\u00fcnen<span class=\"excerpt-hellip\"> [\u2026]<\/span><\/p>\n","protected":false},"featured_media":0,"template":"","meta":{"_monsterinsights_skip_tracking":false,"_monsterinsights_sitenote_active":false,"_monsterinsights_sitenote_note":"","_monsterinsights_sitenote_category":0},"product_brand":[],"product_cat":[12370,12304],"product_tag":[],"class_list":{"0":"post-735191","1":"product","2":"type-product","3":"status-publish","5":"product_cat-arastirma-inceleme","6":"product_cat-tarih","7":"pa_cilt-ciltsiz","8":"pa_tur-kitap","9":"pa_yayinevi-pinhan-yayincilik","10":"pa_yazar-ksenophon","12":"first","13":"instock","14":"sale","15":"shipping-taxable","16":"purchasable","17":"product-type-simple"},"_links":{"self":[{"href":"https:\/\/roveyayinevi.com.tr\/index.php\/wp-json\/wp\/v2\/product\/735191","targetHints":{"allow":["GET"]}}],"collection":[{"href":"https:\/\/roveyayinevi.com.tr\/index.php\/wp-json\/wp\/v2\/product"}],"about":[{"href":"https:\/\/roveyayinevi.com.tr\/index.php\/wp-json\/wp\/v2\/types\/product"}],"wp:attachment":[{"href":"https:\/\/roveyayinevi.com.tr\/index.php\/wp-json\/wp\/v2\/media?parent=735191"}],"wp:term":[{"taxonomy":"product_brand","embeddable":true,"href":"https:\/\/roveyayinevi.com.tr\/index.php\/wp-json\/wp\/v2\/product_brand?post=735191"},{"taxonomy":"product_cat","embeddable":true,"href":"https:\/\/roveyayinevi.com.tr\/index.php\/wp-json\/wp\/v2\/product_cat?post=735191"},{"taxonomy":"product_tag","embeddable":true,"href":"https:\/\/roveyayinevi.com.tr\/index.php\/wp-json\/wp\/v2\/product_tag?post=735191"}],"curies":[{"name":"wp","href":"https:\/\/api.w.org\/{rel}","templated":true}]}}