{"id":735190,"date":"2025-08-27T22:42:58","date_gmt":"2025-08-27T19:42:58","guid":{"rendered":"https:\/\/roveyayinevi.com.tr\/index.php\/urun\/harezmsahlar-doneminde-diplomasi-ve-elcilik-faaliyetleri\/"},"modified":"2026-04-16T02:43:02","modified_gmt":"2026-04-15T23:43:02","slug":"harezmsahlar-doneminde-diplomasi-ve-elcilik-faaliyetleri","status":"publish","type":"product","link":"https:\/\/roveyayinevi.com.tr\/index.php\/urun\/harezmsahlar-doneminde-diplomasi-ve-elcilik-faaliyetleri\/","title":{"rendered":"Harezm\u015fahlar D\u00f6neminde Diplomasi Ve El\u00e7ilik Faaliyetleri"},"content":{"rendered":"<p>H\u00e2rezm\u015f\u00e2hlar zaman\u0131nda devlet siyasetini olu\u015fturan faaliyetlerin ba\u015f\u0131nda diplomasi gelir. Bu d\u00f6neme ait ana kaynaklarda yaz\u0131\u015fma, mektup, anla\u015fma, haberle\u015fme ve el\u00e7ili\u011fe dair pek \u00e7ok bilgi bulunur. \u00c7e\u015fitli belgelerde ve tarihi kay\u0131tlarda yer alan bu malumat H\u00e2rezm\u015f\u00e2hlar\u0131n diplomatik ili\u015fkilerinin geli\u015fimi a\u00e7\u0131s\u0131ndan olduk\u00e7a \u00f6nemlidir. T\u00fcm bu bilgiler d\u00f6nemin siyasetinin nas\u0131l \u015fekillendi\u011fini ve tarihi hadiselerin nas\u0131l ger\u00e7ekle\u015fti\u011fini g\u00f6sterir. H\u00e2rezm\u015f\u00e2hlar ile m\u00fcnasebette bulunduklar\u0131 devletlerin aralar\u0131ndaki haberle\u015fmenin en \u00f6nemli unsurlar\u0131ndan birisi olan el\u00e7iler bu g\u00f6reve uygun ve ehil ki\u015filerden se\u00e7ilirlerdi. Onlar kendilerine verilen g\u00f6revi ifa ederken ayn\u0131 zamanda siyasette b\u00fcy\u00fck rol oynarlard\u0131. Bu \u00e7al\u0131\u015fmada, H\u00e2rezm\u015f\u00e2hlar d\u00f6neminde diplomasi ve el\u00e7ilik faaliyetleri ana kaynaklar ve ara\u015ft\u0131rma eserler g\u00f6z \u00f6n\u00fcnde bulundurularak ele al\u0131nmaktad\u0131r. <\/p>\n","protected":false},"excerpt":{"rendered":"<p>H\u00e2rezm\u015f\u00e2hlar zaman\u0131nda devlet siyasetini olu\u015fturan faaliyetlerin ba\u015f\u0131nda diplomasi gelir. Bu d\u00f6neme ait ana kaynaklarda yaz\u0131\u015fma, mektup, anla\u015fma, haberle\u015fme ve el\u00e7ili\u011fe dair pek \u00e7ok bilgi bulunur. \u00c7e\u015fitli<span class=\"excerpt-hellip\"> [\u2026]<\/span><\/p>\n","protected":false},"featured_media":0,"template":"","meta":{"_monsterinsights_skip_tracking":false,"_monsterinsights_sitenote_active":false,"_monsterinsights_sitenote_note":"","_monsterinsights_sitenote_category":0},"product_brand":[],"product_cat":[12370,12304],"product_tag":[],"class_list":{"0":"post-735190","1":"product","2":"type-product","3":"status-publish","5":"product_cat-arastirma-inceleme","6":"product_cat-tarih","7":"pa_cilt-ciltsiz","8":"pa_tur-kitap","9":"pa_yayinevi-altinordu-yayinlari","10":"pa_yazar-gulseren-azar-nasirabadi","12":"first","13":"instock","14":"sale","15":"shipping-taxable","16":"purchasable","17":"product-type-simple"},"_links":{"self":[{"href":"https:\/\/roveyayinevi.com.tr\/index.php\/wp-json\/wp\/v2\/product\/735190","targetHints":{"allow":["GET"]}}],"collection":[{"href":"https:\/\/roveyayinevi.com.tr\/index.php\/wp-json\/wp\/v2\/product"}],"about":[{"href":"https:\/\/roveyayinevi.com.tr\/index.php\/wp-json\/wp\/v2\/types\/product"}],"wp:attachment":[{"href":"https:\/\/roveyayinevi.com.tr\/index.php\/wp-json\/wp\/v2\/media?parent=735190"}],"wp:term":[{"taxonomy":"product_brand","embeddable":true,"href":"https:\/\/roveyayinevi.com.tr\/index.php\/wp-json\/wp\/v2\/product_brand?post=735190"},{"taxonomy":"product_cat","embeddable":true,"href":"https:\/\/roveyayinevi.com.tr\/index.php\/wp-json\/wp\/v2\/product_cat?post=735190"},{"taxonomy":"product_tag","embeddable":true,"href":"https:\/\/roveyayinevi.com.tr\/index.php\/wp-json\/wp\/v2\/product_tag?post=735190"}],"curies":[{"name":"wp","href":"https:\/\/api.w.org\/{rel}","templated":true}]}}