{"id":735187,"date":"2025-08-27T22:42:55","date_gmt":"2025-08-27T19:42:55","guid":{"rendered":"https:\/\/roveyayinevi.com.tr\/index.php\/urun\/peygamberligi-ve-siyasetiyle-hz-muhammed\/"},"modified":"2026-04-16T02:43:02","modified_gmt":"2026-04-15T23:43:02","slug":"peygamberligi-ve-siyasetiyle-hz-muhammed","status":"publish","type":"product","link":"https:\/\/roveyayinevi.com.tr\/index.php\/urun\/peygamberligi-ve-siyasetiyle-hz-muhammed\/","title":{"rendered":"Peygamberli\u011fi ve Siyasetiyle Hz. Muhammed"},"content":{"rendered":"<p>Biz, Hz. Muhammed\u2019in uygulamalar\u0131yla beraber tarihi olaylar\u0131 takip ederek, \u0130slam\u2019\u0131n bu olaylar i\u00e7erisinde nas\u0131l olu\u015ftu\u011funu g\u00f6stermek niyetindeyiz. Bunu yapmakla \u015fu faydalar\u0131n sa\u011flanaca\u011f\u0131n\u0131 d\u00fc\u015f\u00fcn\u00fcyoruz:   \u2022 \u0130slam\u2019\u0131n bir hayat dini oldu\u011funu, hayat\u0131n ger\u00e7eklerine s\u0131rt \u00e7evirmedi\u011fini, tersine onlar\u0131n i\u00e7ine girerek onlara y\u00f6n verdi\u011fini g\u00f6rmek&#8230; \u2022 \u0130slam\u2019\u0131n s\u0131rf nazari ve soyut fikri bir ideoloji olmay\u0131p pratik ve ameli hayatta da rol oynamak, \u00f6zellikle insanlar aras\u0131nda adaleti ger\u00e7ekle\u015ftirmek ve haks\u0131zl\u0131\u011f\u0131 kald\u0131rmak, e\u015fitli\u011fi getirmek gibi ama\u00e7lar g\u00fctt\u00fc\u011f\u00fcn\u00fc \u00f6rnekleriyle ve Hz. Muhammed\u2019in fiilleriyle beraber nas\u0131l uyguland\u0131\u011f\u0131n\u0131 g\u00f6stermek&#8230; \u2022 Hz. Muhammed\u2019in, insanlar, toplumlar ve gruplar aras\u0131ndaki menfaat, \u00e7arp\u0131\u015fma ve \u00e7at\u0131\u015fmalar\u0131, \u0130slami a\u00e7\u0131dan nas\u0131l \u00e7\u00f6z\u00fcme kavu\u015fturdu\u011funu tarihi \u00f6rnekleriyle g\u00f6rmek&#8230; \u2022 Hz. Muhammed\u2019in bir el\u00e7i gibi hayat s\u00fcrd\u00fc\u011f\u00fcn\u00fc, insanlara, bir grubun ve toplumun de\u011fil, b\u00fct\u00fcn insanlar\u0131 yaratan Y\u00fcce Allah\u2019\u0131n el\u00e7isi olarak d\u00fcr\u00fcst\u00e7e, adilane, e\u015fit\u00e7e muamele etti\u011fini g\u00f6rmek ve onu \u00f6rnek almak&#8230; \u2022 En sert, amans\u0131z ve can d\u00fc\u015fmanlar\u0131n\u0131n, \u00f6l\u00fcm h\u00fckm\u00fc giymi\u015f olsalar bile, insani haklar\u0131na riayet etmek, hakaret etmemeye ve i\u015fkence etmemeye dikkat etmek ve onlar\u0131 affetmek&#8230;   \u0130\u015fte bu gibi uygulamalar\u0131 tarihi olaylar i\u00e7inde \u00f6rneklemek ve g\u00f6stermek, \u0130slam\u2019\u0131n insanl\u0131\u011fa en lay\u0131k din oldu\u011funu ortaya koymaktad\u0131r.<\/p>\n","protected":false},"excerpt":{"rendered":"<p>Biz, Hz. Muhammed\u2019in uygulamalar\u0131yla beraber tarihi olaylar\u0131 takip ederek, \u0130slam\u2019\u0131n bu olaylar i\u00e7erisinde nas\u0131l olu\u015ftu\u011funu g\u00f6stermek niyetindeyiz. Bunu yapmakla \u015fu faydalar\u0131n sa\u011flanaca\u011f\u0131n\u0131 d\u00fc\u015f\u00fcn\u00fcyoruz: \u2022 \u0130slam\u2019\u0131n bir<span class=\"excerpt-hellip\"> [\u2026]<\/span><\/p>\n","protected":false},"featured_media":0,"template":"","meta":{"_monsterinsights_skip_tracking":false,"_monsterinsights_sitenote_active":false,"_monsterinsights_sitenote_note":"","_monsterinsights_sitenote_category":0},"product_brand":[],"product_cat":[19998,12388],"product_tag":[],"class_list":{"0":"post-735187","1":"product","2":"type-product","3":"status-publish","5":"product_cat-din-felsefesi","6":"product_cat-felsefe","7":"pa_cilt-ciltsiz","8":"pa_tur-kitap","9":"pa_yayinevi-destek-yayinlari","10":"pa_yazar-huseyin-atay","12":"first","13":"instock","14":"sale","15":"shipping-taxable","16":"purchasable","17":"product-type-simple"},"_links":{"self":[{"href":"https:\/\/roveyayinevi.com.tr\/index.php\/wp-json\/wp\/v2\/product\/735187","targetHints":{"allow":["GET"]}}],"collection":[{"href":"https:\/\/roveyayinevi.com.tr\/index.php\/wp-json\/wp\/v2\/product"}],"about":[{"href":"https:\/\/roveyayinevi.com.tr\/index.php\/wp-json\/wp\/v2\/types\/product"}],"wp:attachment":[{"href":"https:\/\/roveyayinevi.com.tr\/index.php\/wp-json\/wp\/v2\/media?parent=735187"}],"wp:term":[{"taxonomy":"product_brand","embeddable":true,"href":"https:\/\/roveyayinevi.com.tr\/index.php\/wp-json\/wp\/v2\/product_brand?post=735187"},{"taxonomy":"product_cat","embeddable":true,"href":"https:\/\/roveyayinevi.com.tr\/index.php\/wp-json\/wp\/v2\/product_cat?post=735187"},{"taxonomy":"product_tag","embeddable":true,"href":"https:\/\/roveyayinevi.com.tr\/index.php\/wp-json\/wp\/v2\/product_tag?post=735187"}],"curies":[{"name":"wp","href":"https:\/\/api.w.org\/{rel}","templated":true}]}}