{"id":735185,"date":"2025-08-27T22:42:53","date_gmt":"2025-08-27T19:42:53","guid":{"rendered":"https:\/\/roveyayinevi.com.tr\/index.php\/urun\/cocukca\/"},"modified":"2026-04-16T02:43:02","modified_gmt":"2026-04-15T23:43:02","slug":"cocukca","status":"publish","type":"product","link":"https:\/\/roveyayinevi.com.tr\/index.php\/urun\/cocukca\/","title":{"rendered":"\u00c7ocuk\u00e7a"},"content":{"rendered":"<p>Sizlerle birlikte ders \u00e7al\u0131\u015fmak kolayd\u0131r, oyun oynamak kolayd\u0131r, g\u00fclmek, s\u00f6ylemek kolayd\u0131r. F\u0131rsat olursa u\u00e7urtma u\u00e7urmak kolayd\u0131r. Sizlerle anla\u015fmak da kolayd\u0131r. Ama sizlere yazmak ya da sizler i\u00e7in yazmak zordur\u201d diyen Berfe\u2019nin bu kitaptaki \u015fiirlerini \u00e7ocuklar k\u0131rk y\u0131ld\u0131r okuyor.   Pencereden giren uslu r\u00fczg\u00e2r \u00e7a\u011f\u0131r\u0131r denizlere beni.   Yava\u015f yava\u015f giden bulutlar \u00e7\u0131kar\u0131r da\u011flara beni.   Uzaklardan el sallayan u\u00e7urtma u\u00e7urur g\u00f6klere beni.   Uykuma giren yol g\u00f6t\u00fcr\u00fcr k\u0131rlara beni. <\/p>\n","protected":false},"excerpt":{"rendered":"<p>Sizlerle birlikte ders \u00e7al\u0131\u015fmak kolayd\u0131r, oyun oynamak kolayd\u0131r, g\u00fclmek, s\u00f6ylemek kolayd\u0131r. F\u0131rsat olursa u\u00e7urtma u\u00e7urmak kolayd\u0131r. Sizlerle anla\u015fmak da kolayd\u0131r. Ama sizlere yazmak ya da sizler<span class=\"excerpt-hellip\"> [\u2026]<\/span><\/p>\n","protected":false},"featured_media":0,"template":"","meta":{"_monsterinsights_skip_tracking":false,"_monsterinsights_sitenote_active":false,"_monsterinsights_sitenote_note":"","_monsterinsights_sitenote_category":0},"product_brand":[],"product_cat":[12274,12284],"product_tag":[],"class_list":{"0":"post-735185","1":"product","2":"type-product","3":"status-publish","5":"product_cat-cocuk-ve-genclik-kitaplari","6":"product_cat-hikayeler","7":"pa_cilt-ciltsiz","8":"pa_tur-kitap","9":"pa_yayinevi-yapi-kredi-yayinlari","10":"pa_yazar-sureyya-berfe","12":"first","13":"instock","14":"sale","15":"shipping-taxable","16":"purchasable","17":"product-type-simple"},"_links":{"self":[{"href":"https:\/\/roveyayinevi.com.tr\/index.php\/wp-json\/wp\/v2\/product\/735185","targetHints":{"allow":["GET"]}}],"collection":[{"href":"https:\/\/roveyayinevi.com.tr\/index.php\/wp-json\/wp\/v2\/product"}],"about":[{"href":"https:\/\/roveyayinevi.com.tr\/index.php\/wp-json\/wp\/v2\/types\/product"}],"wp:attachment":[{"href":"https:\/\/roveyayinevi.com.tr\/index.php\/wp-json\/wp\/v2\/media?parent=735185"}],"wp:term":[{"taxonomy":"product_brand","embeddable":true,"href":"https:\/\/roveyayinevi.com.tr\/index.php\/wp-json\/wp\/v2\/product_brand?post=735185"},{"taxonomy":"product_cat","embeddable":true,"href":"https:\/\/roveyayinevi.com.tr\/index.php\/wp-json\/wp\/v2\/product_cat?post=735185"},{"taxonomy":"product_tag","embeddable":true,"href":"https:\/\/roveyayinevi.com.tr\/index.php\/wp-json\/wp\/v2\/product_tag?post=735185"}],"curies":[{"name":"wp","href":"https:\/\/api.w.org\/{rel}","templated":true}]}}