{"id":735181,"date":"2025-08-27T22:42:49","date_gmt":"2025-08-27T19:42:49","guid":{"rendered":"https:\/\/roveyayinevi.com.tr\/index.php\/urun\/elin-ustunde-gezsin\/"},"modified":"2026-04-15T02:55:28","modified_gmt":"2026-04-14T23:55:28","slug":"elin-ustunde-gezsin","status":"publish","type":"product","link":"https:\/\/roveyayinevi.com.tr\/index.php\/urun\/elin-ustunde-gezsin\/","title":{"rendered":"Elin \u00dcst\u00fcnde Gezsin"},"content":{"rendered":"<p>\u0130lhan Berk\u2019le Memet Fuat aras\u0131nda \u201c\u015fiir\u201dle ba\u015flayan tan\u0131\u015f\u0131kl\u0131k, uzun y\u0131llara yay\u0131lan bir arkada\u015fl\u0131\u011fa d\u00f6n\u00fc\u015fm\u00fc\u015f; \u0130lhan Berk, mektuplar\u0131nda kendisi i\u00e7in bu denli \u00e7ok \u015fey yapan Memet Fuat\u2019a duydu\u011fu minneti g\u00f6stermekten ka\u00e7\u0131nmam\u0131\u015ft\u0131r. \u0130lhan Berk\u2019in Memet Fuat\u2019a yazd\u0131\u011f\u0131 mektup ve kartlardan olu\u015fan Elin \u00dcst\u00fcnde Gezsin uzun bir yol arkada\u015fl\u0131\u011f\u0131ndan geriye kalanlar olarak da okunabilir.   \u201cB\u00fct\u00fcn mesele \u015fimdi senin i\u00e7in ba\u015fl\u0131yor. Ben elimden gelen her \u015feyi, ama her \u015feyi yapt\u0131m. Ne bir t\u00fcmce, ne bir s\u00f6zc\u00fck, ne de bir virg\u00fcl \u00fcst\u00fcnde oynayamam art\u0131k. \u015eimdi g\u00fczel elini sen \u00fcst\u00fcnde gezdir, bu karde\u015finin \u00e7ektiklerini d\u00fc\u015f\u00fcn. \u0130yi ki bu d\u00fcnyada sen vars\u0131n, ben senin oldu\u011fun bu d\u00fcnyada d\u00fcnyalar kadar mutluyum.\u201d 27 Haziran 89 tarihli mektuptan<\/p>\n","protected":false},"excerpt":{"rendered":"<p>\u0130lhan Berk\u2019le Memet Fuat aras\u0131nda \u201c\u015fiir\u201dle ba\u015flayan tan\u0131\u015f\u0131kl\u0131k, uzun y\u0131llara yay\u0131lan bir arkada\u015fl\u0131\u011fa d\u00f6n\u00fc\u015fm\u00fc\u015f; \u0130lhan Berk, mektuplar\u0131nda kendisi i\u00e7in bu denli \u00e7ok \u015fey yapan Memet Fuat\u2019a<span class=\"excerpt-hellip\"> [\u2026]<\/span><\/p>\n","protected":false},"featured_media":0,"template":"","meta":{"_monsterinsights_skip_tracking":false,"_monsterinsights_sitenote_active":false,"_monsterinsights_sitenote_note":"","_monsterinsights_sitenote_category":0},"product_brand":[],"product_cat":[12291,12711],"product_tag":[],"class_list":{"0":"post-735181","1":"product","2":"type-product","3":"status-publish","5":"product_cat-edebiyat","6":"product_cat-roman-oyku","7":"pa_cilt-ciltsiz","8":"pa_tur-kitap","9":"pa_yayinevi-yapi-kredi-yayinlari","10":"pa_yazar-ilhan-berk","12":"first","13":"instock","14":"sale","15":"shipping-taxable","16":"purchasable","17":"product-type-simple"},"_links":{"self":[{"href":"https:\/\/roveyayinevi.com.tr\/index.php\/wp-json\/wp\/v2\/product\/735181","targetHints":{"allow":["GET"]}}],"collection":[{"href":"https:\/\/roveyayinevi.com.tr\/index.php\/wp-json\/wp\/v2\/product"}],"about":[{"href":"https:\/\/roveyayinevi.com.tr\/index.php\/wp-json\/wp\/v2\/types\/product"}],"wp:attachment":[{"href":"https:\/\/roveyayinevi.com.tr\/index.php\/wp-json\/wp\/v2\/media?parent=735181"}],"wp:term":[{"taxonomy":"product_brand","embeddable":true,"href":"https:\/\/roveyayinevi.com.tr\/index.php\/wp-json\/wp\/v2\/product_brand?post=735181"},{"taxonomy":"product_cat","embeddable":true,"href":"https:\/\/roveyayinevi.com.tr\/index.php\/wp-json\/wp\/v2\/product_cat?post=735181"},{"taxonomy":"product_tag","embeddable":true,"href":"https:\/\/roveyayinevi.com.tr\/index.php\/wp-json\/wp\/v2\/product_tag?post=735181"}],"curies":[{"name":"wp","href":"https:\/\/api.w.org\/{rel}","templated":true}]}}