{"id":735177,"date":"2025-08-27T22:42:43","date_gmt":"2025-08-27T19:42:43","guid":{"rendered":"https:\/\/roveyayinevi.com.tr\/index.php\/urun\/sherlock-holmes-ozel-kutulu-set-4-kitap-takim\/"},"modified":"2026-04-16T02:43:02","modified_gmt":"2026-04-15T23:43:02","slug":"sherlock-holmes-ozel-kutulu-set-4-kitap-takim","status":"publish","type":"product","link":"https:\/\/roveyayinevi.com.tr\/index.php\/urun\/sherlock-holmes-ozel-kutulu-set-4-kitap-takim\/","title":{"rendered":"Sherlock Holmes \u00d6zel Kutulu Set (4 Kitap Tak\u0131m)"},"content":{"rendered":"<p>\u0130ngiltere\u2019nin \u00e7izgi roman d\u00fcnyas\u0131ndaki \u00f6nemli temsilcilerinden Ian Edginton ve I.N.J. Culbard taraf\u0131ndan uyarlanan bu d\u00f6rt Arthur Conan Doyle klasi\u011fini Kutlukhan Kutlu \u00e7evirisiyle be\u011feninize sunmaktan mutluluk duyuyoruz.Set i\u00e7indeki kitaplar:Sherlock Holmes &#8211; K\u0131z\u0131l DosyaSherlock Holmes &#8211; D\u00f6rtlerin \u0130mzas\u0131Sherlock Holmes &#8211; Baskerville LanetiSherlock Holmes &#8211; Korku Vadisi<\/p>\n","protected":false},"excerpt":{"rendered":"<p>\u0130ngiltere\u2019nin \u00e7izgi roman d\u00fcnyas\u0131ndaki \u00f6nemli temsilcilerinden Ian Edginton ve I.N.J. Culbard taraf\u0131ndan uyarlanan bu d\u00f6rt Arthur Conan Doyle klasi\u011fini Kutlukhan Kutlu \u00e7evirisiyle be\u011feninize sunmaktan mutluluk duyuyoruz.Set<span class=\"excerpt-hellip\"> [\u2026]<\/span><\/p>\n","protected":false},"featured_media":0,"template":"","meta":{"_monsterinsights_skip_tracking":false,"_monsterinsights_sitenote_active":false,"_monsterinsights_sitenote_note":"","_monsterinsights_sitenote_category":0},"product_brand":[],"product_cat":[12275,12274],"product_tag":[],"class_list":{"0":"post-735177","1":"product","2":"type-product","3":"status-publish","5":"product_cat-6-12-yas-kitaplari","6":"product_cat-cocuk-ve-genclik-kitaplari","7":"pa_cilt-set","8":"pa_tur-kitap","9":"pa_yayinevi-domingo-yayinevi","10":"pa_yazar-domingo-yayinevi-kolektif","12":"first","13":"instock","14":"sale","15":"shipping-taxable","16":"purchasable","17":"product-type-simple"},"_links":{"self":[{"href":"https:\/\/roveyayinevi.com.tr\/index.php\/wp-json\/wp\/v2\/product\/735177","targetHints":{"allow":["GET"]}}],"collection":[{"href":"https:\/\/roveyayinevi.com.tr\/index.php\/wp-json\/wp\/v2\/product"}],"about":[{"href":"https:\/\/roveyayinevi.com.tr\/index.php\/wp-json\/wp\/v2\/types\/product"}],"wp:attachment":[{"href":"https:\/\/roveyayinevi.com.tr\/index.php\/wp-json\/wp\/v2\/media?parent=735177"}],"wp:term":[{"taxonomy":"product_brand","embeddable":true,"href":"https:\/\/roveyayinevi.com.tr\/index.php\/wp-json\/wp\/v2\/product_brand?post=735177"},{"taxonomy":"product_cat","embeddable":true,"href":"https:\/\/roveyayinevi.com.tr\/index.php\/wp-json\/wp\/v2\/product_cat?post=735177"},{"taxonomy":"product_tag","embeddable":true,"href":"https:\/\/roveyayinevi.com.tr\/index.php\/wp-json\/wp\/v2\/product_tag?post=735177"}],"curies":[{"name":"wp","href":"https:\/\/api.w.org\/{rel}","templated":true}]}}