{"id":735174,"date":"2025-08-27T22:42:39","date_gmt":"2025-08-27T19:42:39","guid":{"rendered":"https:\/\/roveyayinevi.com.tr\/index.php\/urun\/ne-yapar-serisi-seti-kutulu-10-kitap-takim\/"},"modified":"2026-04-16T02:43:02","modified_gmt":"2026-04-15T23:43:02","slug":"ne-yapar-serisi-seti-kutulu-10-kitap-takim","status":"publish","type":"product","link":"https:\/\/roveyayinevi.com.tr\/index.php\/urun\/ne-yapar-serisi-seti-kutulu-10-kitap-takim\/","title":{"rendered":"Ne Yapar? Serisi Seti  (Kutulu, 10 Kitap Tak\u0131m)"},"content":{"rendered":"<p>B\u00fcy\u00fcy\u00fcnce ne olsam? \u00c7ocuklardan s\u0131k s\u0131k i\u015fitti\u011fimiz bu soruya \u00fcnl\u00fc Bel\u00e7ikal\u0131 \u00e7ocuk kitab\u0131 yazar ve \u00e7izeri Liesbet Slegers\u2019in pek \u00e7ok yan\u0131t\u0131 var. 12 dilde yay\u0131mlanan 10 kitapl\u0131k NE YAPAR? serisi sevimli tasar\u0131m\u0131 ve e\u011flenceli metinleriyle \u00e7ocuklarla bulu\u015fuyor.\u00c7ocuklar, a\u015f\u00e7\u0131lar\u0131n yeni lezzetler yaratt\u0131klar\u0131 mutfaklar\u0131n\u0131 ziyaret ediyor, hepimizin kahraman\u0131 olan itfaiyecilerle tan\u0131\u015f\u0131p pilotlarla g\u00f6ky\u00fcz\u00fcne \u00e7\u0131k\u0131yorlar. \u0130sterlerse \u00e7ift\u00e7i olup s\u00fct sa\u011f\u0131yor, sebze meyve yeti\u015ftiriyor, isterlerse arkeolog olup haval\u0131 aletlerle tarihin gizemli derinliklerine iniyorlar.Kitab\u0131n sonunda ise onlar\u0131 e\u011flenceli s\u00fcrprizler bekliyor: Hazinelerini g\u00f6mebilir, do\u011fru hortumu bulup itfaiyecilere yang\u0131n\u0131 s\u00f6nd\u00fcrmelerinde yard\u0131m edebilir ya da daha \u00f6nce denemedikleri yeni tatlar\u0131 ke\u015ffedebilirler.Instagram&#8217;da kitap hakk\u0131ndaki okur yorumlar\u0131n\u0131 sizler i\u00e7in derledik, okumak i\u00e7in #hepsisanamirasdomingo etiketiyle arama yapabilirsiniz.Set i\u00e7indeki kitaplar:Ar\u0131c\u0131 Ne Yapar?Balerin Ne Yapar?Doktor Ne Yapar?Astronot Ne Yapar?Otomobil Yar\u0131\u015f\u00e7\u0131s\u0131 Ne Yapar?A\u015f\u00e7\u0131 Ne Yapar?Arkeolog Ne Yapar?\u00c7ift\u00e7i Ne Yapar?\u0130tfaiyeci Ne Yapar?Pilot Ne Yapar?<\/p>\n","protected":false},"excerpt":{"rendered":"<p>B\u00fcy\u00fcy\u00fcnce ne olsam? \u00c7ocuklardan s\u0131k s\u0131k i\u015fitti\u011fimiz bu soruya \u00fcnl\u00fc Bel\u00e7ikal\u0131 \u00e7ocuk kitab\u0131 yazar ve \u00e7izeri Liesbet Slegers\u2019in pek \u00e7ok yan\u0131t\u0131 var. 12 dilde yay\u0131mlanan 10<span class=\"excerpt-hellip\"> [\u2026]<\/span><\/p>\n","protected":false},"featured_media":0,"template":"","meta":{"_monsterinsights_skip_tracking":false,"_monsterinsights_sitenote_active":false,"_monsterinsights_sitenote_note":"","_monsterinsights_sitenote_category":0},"product_brand":[],"product_cat":[12275,12274],"product_tag":[],"class_list":{"0":"post-735174","1":"product","2":"type-product","3":"status-publish","5":"product_cat-6-12-yas-kitaplari","6":"product_cat-cocuk-ve-genclik-kitaplari","7":"pa_cilt-set","8":"pa_tur-kitap","9":"pa_yayinevi-domingo-yayinevi","10":"pa_yazar-liesbet-slegers","12":"first","13":"instock","14":"sale","15":"shipping-taxable","16":"purchasable","17":"product-type-simple"},"_links":{"self":[{"href":"https:\/\/roveyayinevi.com.tr\/index.php\/wp-json\/wp\/v2\/product\/735174","targetHints":{"allow":["GET"]}}],"collection":[{"href":"https:\/\/roveyayinevi.com.tr\/index.php\/wp-json\/wp\/v2\/product"}],"about":[{"href":"https:\/\/roveyayinevi.com.tr\/index.php\/wp-json\/wp\/v2\/types\/product"}],"wp:attachment":[{"href":"https:\/\/roveyayinevi.com.tr\/index.php\/wp-json\/wp\/v2\/media?parent=735174"}],"wp:term":[{"taxonomy":"product_brand","embeddable":true,"href":"https:\/\/roveyayinevi.com.tr\/index.php\/wp-json\/wp\/v2\/product_brand?post=735174"},{"taxonomy":"product_cat","embeddable":true,"href":"https:\/\/roveyayinevi.com.tr\/index.php\/wp-json\/wp\/v2\/product_cat?post=735174"},{"taxonomy":"product_tag","embeddable":true,"href":"https:\/\/roveyayinevi.com.tr\/index.php\/wp-json\/wp\/v2\/product_tag?post=735174"}],"curies":[{"name":"wp","href":"https:\/\/api.w.org\/{rel}","templated":true}]}}