{"id":735173,"date":"2025-08-27T22:42:39","date_gmt":"2025-08-27T19:42:39","guid":{"rendered":"https:\/\/roveyayinevi.com.tr\/index.php\/urun\/walter-isaacson-seti-3-kitap\/"},"modified":"2026-04-16T02:43:02","modified_gmt":"2026-04-15T23:43:02","slug":"walter-isaacson-seti-3-kitap","status":"publish","type":"product","link":"https:\/\/roveyayinevi.com.tr\/index.php\/urun\/walter-isaacson-seti-3-kitap\/","title":{"rendered":"Walter Isaacson Seti (3 Kitap)"},"content":{"rendered":"<p>Leonardo da VinciSteve JobsGelece\u011fi Ke\u015ffedenler \u2013 Dijital \u00c7a\u011f\u0131n Biyografisi<\/p>\n","protected":false},"excerpt":{"rendered":"<p>Leonardo da VinciSteve JobsGelece\u011fi Ke\u015ffedenler \u2013 Dijital \u00c7a\u011f\u0131n Biyografisi<\/p>\n","protected":false},"featured_media":0,"template":"","meta":{"_monsterinsights_skip_tracking":false,"_monsterinsights_sitenote_active":false,"_monsterinsights_sitenote_note":"","_monsterinsights_sitenote_category":0},"product_brand":[],"product_cat":[44608,12408],"product_tag":[],"class_list":{"0":"post-735173","1":"product","2":"type-product","3":"status-publish","5":"product_cat-diger-sanat","6":"product_cat-sanat","7":"pa_cilt-set","8":"pa_tur-kitap","9":"pa_yayinevi-domingo-yayinevi","10":"pa_yazar-walter-isaacson","12":"first","13":"instock","14":"sale","15":"shipping-taxable","16":"purchasable","17":"product-type-simple"},"_links":{"self":[{"href":"https:\/\/roveyayinevi.com.tr\/index.php\/wp-json\/wp\/v2\/product\/735173","targetHints":{"allow":["GET"]}}],"collection":[{"href":"https:\/\/roveyayinevi.com.tr\/index.php\/wp-json\/wp\/v2\/product"}],"about":[{"href":"https:\/\/roveyayinevi.com.tr\/index.php\/wp-json\/wp\/v2\/types\/product"}],"wp:attachment":[{"href":"https:\/\/roveyayinevi.com.tr\/index.php\/wp-json\/wp\/v2\/media?parent=735173"}],"wp:term":[{"taxonomy":"product_brand","embeddable":true,"href":"https:\/\/roveyayinevi.com.tr\/index.php\/wp-json\/wp\/v2\/product_brand?post=735173"},{"taxonomy":"product_cat","embeddable":true,"href":"https:\/\/roveyayinevi.com.tr\/index.php\/wp-json\/wp\/v2\/product_cat?post=735173"},{"taxonomy":"product_tag","embeddable":true,"href":"https:\/\/roveyayinevi.com.tr\/index.php\/wp-json\/wp\/v2\/product_tag?post=735173"}],"curies":[{"name":"wp","href":"https:\/\/api.w.org\/{rel}","templated":true}]}}